{"id":747188,"date":"2025-08-28T03:00:54","date_gmt":"2025-08-28T00:00:54","guid":{"rendered":"https:\/\/roveyayinevi.com.tr\/index.php\/urun\/kara-el-dahi-bir-dedektif-ile-amerikan-tarihinin-en-tehlikeli-gizli-cetesinin-destansi-savasi\/"},"modified":"2026-04-16T02:59:51","modified_gmt":"2026-04-15T23:59:51","slug":"kara-el-dahi-bir-dedektif-ile-amerikan-tarihinin-en-tehlikeli-gizli-cetesinin-destansi-savasi","status":"publish","type":"product","link":"https:\/\/roveyayinevi.com.tr\/index.php\/urun\/kara-el-dahi-bir-dedektif-ile-amerikan-tarihinin-en-tehlikeli-gizli-cetesinin-destansi-savasi\/","title":{"rendered":"Kara El: Dahi Bir Dedektif ile Amerikan Tarihinin En Tehlikeli Gizli \u00c7etesinin Destans\u0131 Sava\u015f\u0131"},"content":{"rendered":"<p>Mafyan\u0131n Amerika\u2019daki Ba\u015flang\u0131c\u0131, Ka\u00e7\u0131r\u0131lan G\u00f6\u00e7men \u00c7ocuklar\u0131, \u00d6l\u00fcm Tehditleri ve T\u00fcm Bunlara Dur Demek \u0130\u00e7in Hayat\u0131n\u0131 Tehlikeye Atan \u0130talyan K\u00f6kenli Dedektif1903 yaz\u0131ndan itibaren \u00f6nce New York, daha sonra t\u00fcm \u00fclke korkun\u00e7 bir su\u00e7 dalgas\u0131na teslim oldu. \u0130talyan g\u00f6\u00e7menlerin \u00e7ocuklar\u0131 ka\u00e7\u0131r\u0131ld\u0131, d\u00fczinelerce masum insan silahl\u0131 ve bombal\u0131 sald\u0131r\u0131larda hayatlar\u0131n\u0131 kaybetti. H\u00e2kimler, senat\u00f6rler, Rockefeller ailesi \u00fcyeleri ve pek \u00e7ok ba\u015fka ki\u015fi korkun\u00e7 \u00f6l\u00fcm tehditleri ald\u0131. Bu eylemlerin arkas\u0131ndakiler her an her yerdeydiler sanki, g\u00f6ze g\u00f6r\u00fcnm\u00fcyorlard\u0131 asla. Ve tek bir imzalar\u0131, sembolleri vard\u0131 yaln\u0131zca: Kara bir el.Ya\u015fanan eylemler gazetelerde man\u015fet olduk\u00e7a \u0131rksal gerilim kaynama noktas\u0131na geldi. Amerikan halk\u0131 ile Kara El\u2019in kanunsuzlu\u011fu aras\u0131ndaysa sadece Joseph Petrosino duruyordu. \u201c\u0130talyan Sherlock Holmes\u201d diye de an\u0131lan Petrosino ger\u00e7ekten zeki bir dedektif ve k\u0131l\u0131k de\u011fi\u015ftirme ustas\u0131yd\u0131. Kara El\u2019in eylemleri daha da acayiple\u015fip New York s\u0131n\u0131rlar\u0131n\u0131n \u00f6tesine ta\u015farken ve \u00fclkedeki g\u00f6\u00e7men kar\u015f\u0131t\u0131 e\u011filimler bir felakete varmak \u00fczereyken Petrosino ile tamam\u0131 \u0130talyanlardan olu\u015fan ekibi bu gizli su\u00e7 \u00e7etesinin \u00fcyelerini yakalamak i\u00e7in kollar\u0131 s\u0131vad\u0131lar. Kara El\u2019in arkas\u0131ndakileri ortaya \u00e7\u0131karacaklard\u0131, bedeli ne olursa olsun. Ara\u015ft\u0131rmac\u0131 gazeteci Stephan Talty\u2019den Kara El derinlikli bir \u00e7al\u0131\u015fman\u0131n \u00fcr\u00fcn\u00fc, tedirgin edici ve s\u00fcr\u00fckleyici bir su\u00e7 tarihi \u00f6rne\u011fi.\u201cMuhte\u015fem bir okuma tecr\u00fcbesi! Yirminci y\u00fczy\u0131l\u0131n ba\u015flar\u0131nda g\u00f6\u00e7menli\u011fi, kentin arka sokaklar\u0131n\u0131 ve emniyet g\u00fc\u00e7lerinin yeni yeni ortaya \u00e7\u0131kan bir su\u00e7 d\u00fcnyas\u0131na kar\u015f\u0131 m\u00fccadelesini anlatan bir hik\u00e2ye bu.\u201d \u2013Dick Lehr<\/p>\n","protected":false},"excerpt":{"rendered":"<p>Mafyan\u0131n Amerika\u2019daki Ba\u015flang\u0131c\u0131, Ka\u00e7\u0131r\u0131lan G\u00f6\u00e7men \u00c7ocuklar\u0131, \u00d6l\u00fcm Tehditleri ve T\u00fcm Bunlara Dur Demek \u0130\u00e7in Hayat\u0131n\u0131 Tehlikeye Atan \u0130talyan K\u00f6kenli Dedektif1903 yaz\u0131ndan itibaren \u00f6nce New York, daha<span class=\"excerpt-hellip\"> [\u2026]<\/span><\/p>\n","protected":false},"featured_media":0,"template":"","meta":{"_monsterinsights_skip_tracking":false,"_monsterinsights_sitenote_active":false,"_monsterinsights_sitenote_note":"","_monsterinsights_sitenote_category":0},"product_brand":[],"product_cat":[12312,12304],"product_tag":[],"class_list":{"0":"post-747188","1":"product","2":"type-product","3":"status-publish","5":"product_cat-diger","6":"product_cat-tarih","7":"pa_cilt-ciltsiz","8":"pa_tur-kitap","9":"pa_yayinevi-ithaki-yayinlari","10":"pa_yazar-stephan-talty","12":"first","13":"instock","14":"sale","15":"shipping-taxable","16":"purchasable","17":"product-type-simple"},"_links":{"self":[{"href":"https:\/\/roveyayinevi.com.tr\/index.php\/wp-json\/wp\/v2\/product\/747188","targetHints":{"allow":["GET"]}}],"collection":[{"href":"https:\/\/roveyayinevi.com.tr\/index.php\/wp-json\/wp\/v2\/product"}],"about":[{"href":"https:\/\/roveyayinevi.com.tr\/index.php\/wp-json\/wp\/v2\/types\/product"}],"wp:attachment":[{"href":"https:\/\/roveyayinevi.com.tr\/index.php\/wp-json\/wp\/v2\/media?parent=747188"}],"wp:term":[{"taxonomy":"product_brand","embeddable":true,"href":"https:\/\/roveyayinevi.com.tr\/index.php\/wp-json\/wp\/v2\/product_brand?post=747188"},{"taxonomy":"product_cat","embeddable":true,"href":"https:\/\/roveyayinevi.com.tr\/index.php\/wp-json\/wp\/v2\/product_cat?post=747188"},{"taxonomy":"product_tag","embeddable":true,"href":"https:\/\/roveyayinevi.com.tr\/index.php\/wp-json\/wp\/v2\/product_tag?post=747188"}],"curies":[{"name":"wp","href":"https:\/\/api.w.org\/{rel}","templated":true}]}}