{"id":747186,"date":"2025-08-28T03:00:51","date_gmt":"2025-08-28T00:00:51","guid":{"rendered":"https:\/\/roveyayinevi.com.tr\/index.php\/urun\/louvreun-koruyuculari\/"},"modified":"2026-04-16T02:59:51","modified_gmt":"2026-04-15T23:59:51","slug":"louvreun-koruyuculari","status":"publish","type":"product","link":"https:\/\/roveyayinevi.com.tr\/index.php\/urun\/louvreun-koruyuculari\/","title":{"rendered":"Louvre\u2019un Koruyucular\u0131"},"content":{"rendered":"<p>2013 y\u0131l\u0131n\u0131n May\u0131s ay\u0131nda Louvre M\u00fczesi\u2019nden ilham alan Ciro Tanigu\u00e7i, bizi zamansal ve sanatsal bir yolculu\u011fa, mek\u00e2nlar\u0131n ruhunu ke\u015ffetmeye davet eden i\u00e7sel bir seyahate \u00e7\u0131kar\u0131yor, hem de kimi tan\u0131d\u0131k gelen kimiyse bilinmeyen muhaf\u0131zlarla&#8230;\u00c7\u00fcnk\u00fc Louvre\u2019un koruyucular\u0131 var.<\/p>\n","protected":false},"excerpt":{"rendered":"<p>2013 y\u0131l\u0131n\u0131n May\u0131s ay\u0131nda Louvre M\u00fczesi\u2019nden ilham alan Ciro Tanigu\u00e7i, bizi zamansal ve sanatsal bir yolculu\u011fa, mek\u00e2nlar\u0131n ruhunu ke\u015ffetmeye davet eden i\u00e7sel bir seyahate \u00e7\u0131kar\u0131yor, hem<span class=\"excerpt-hellip\"> [\u2026]<\/span><\/p>\n","protected":false},"featured_media":0,"template":"","meta":{"_monsterinsights_skip_tracking":false,"_monsterinsights_sitenote_active":false,"_monsterinsights_sitenote_note":"","_monsterinsights_sitenote_category":0},"product_brand":[],"product_cat":[12416,12291],"product_tag":[],"class_list":{"0":"post-747186","1":"product","2":"type-product","3":"status-publish","5":"product_cat-cizgi-roman","6":"product_cat-edebiyat","7":"pa_cilt-ciltsiz","8":"pa_tur-kitap","9":"pa_yayinevi-ithaki-yayinlari","10":"pa_yazar-ciro-taniguci","12":"first","13":"instock","14":"sale","15":"shipping-taxable","16":"purchasable","17":"product-type-simple"},"_links":{"self":[{"href":"https:\/\/roveyayinevi.com.tr\/index.php\/wp-json\/wp\/v2\/product\/747186","targetHints":{"allow":["GET"]}}],"collection":[{"href":"https:\/\/roveyayinevi.com.tr\/index.php\/wp-json\/wp\/v2\/product"}],"about":[{"href":"https:\/\/roveyayinevi.com.tr\/index.php\/wp-json\/wp\/v2\/types\/product"}],"wp:attachment":[{"href":"https:\/\/roveyayinevi.com.tr\/index.php\/wp-json\/wp\/v2\/media?parent=747186"}],"wp:term":[{"taxonomy":"product_brand","embeddable":true,"href":"https:\/\/roveyayinevi.com.tr\/index.php\/wp-json\/wp\/v2\/product_brand?post=747186"},{"taxonomy":"product_cat","embeddable":true,"href":"https:\/\/roveyayinevi.com.tr\/index.php\/wp-json\/wp\/v2\/product_cat?post=747186"},{"taxonomy":"product_tag","embeddable":true,"href":"https:\/\/roveyayinevi.com.tr\/index.php\/wp-json\/wp\/v2\/product_tag?post=747186"}],"curies":[{"name":"wp","href":"https:\/\/api.w.org\/{rel}","templated":true}]}}