{"id":747183,"date":"2025-08-28T03:00:47","date_gmt":"2025-08-28T00:00:47","guid":{"rendered":"https:\/\/roveyayinevi.com.tr\/index.php\/urun\/soru-yorum-1-kadinlar-erkekler-cinslikler-ve-cinsellikler\/"},"modified":"2026-04-16T02:59:50","modified_gmt":"2026-04-15T23:59:50","slug":"soru-yorum-1-kadinlar-erkekler-cinslikler-ve-cinsellikler","status":"publish","type":"product","link":"https:\/\/roveyayinevi.com.tr\/index.php\/urun\/soru-yorum-1-kadinlar-erkekler-cinslikler-ve-cinsellikler\/","title":{"rendered":"Soru Yorum-1: Kad\u0131nlar, Erkekler, Cinslikler ve Cinsellikler\u2026"},"content":{"rendered":"<p>Neden bu cinsellik tak\u0131nt\u0131s\u0131? \u00c7ok e\u015fli bir canl\u0131 m\u0131y\u0131z? Namus do\u011fada var m\u0131? K\u0131skan\u00e7l\u0131k neden var? Bir kad\u0131nla bir erkek sadece arkada\u015f kalabilir mi? Neden s\u00fcsleniyoruz? \u00c2\u015f\u0131k olunca neden akl\u0131m\u0131z\u0131 kaybediyoruz? Sizin de kafan\u0131z\u0131 b\u00f6yle sorular kurcal\u0131yorsa bilimin bu konularda bize neler s\u00f6yledi\u011fini, Sinan Canan ile SoruYorum serisinin ilk kitab\u0131 \u201cKad\u0131nlar, Erkekler, Cinslikler ve Cinsellikler\u201d ba\u015fl\u0131\u011f\u0131 alt\u0131nda ele ald\u0131k. A\u00e7\u0131kBeyin YouTube kanal\u0131n\u0131n klasikle\u015fen program\u0131 SoruYorum&#8217;da en ilgi \u00e7eken konu ba\u015fl\u0131klar\u0131 \u00fczerinden gidilerek haz\u0131rlanan kitap serimizde, s\u00fcrekli akl\u0131n\u0131za tak\u0131lan ama muhtemelen pek fazla ki\u015fiye soramad\u0131\u011f\u0131n\u0131z sorular\u0131n cevaplar\u0131n\u0131 bulacaks\u0131n\u0131z. <\/p>\n","protected":false},"excerpt":{"rendered":"<p>Neden bu cinsellik tak\u0131nt\u0131s\u0131? \u00c7ok e\u015fli bir canl\u0131 m\u0131y\u0131z? Namus do\u011fada var m\u0131? K\u0131skan\u00e7l\u0131k neden var? Bir kad\u0131nla bir erkek sadece arkada\u015f kalabilir mi? Neden s\u00fcsleniyoruz?<span class=\"excerpt-hellip\"> [\u2026]<\/span><\/p>\n","protected":false},"featured_media":0,"template":"","meta":{"_monsterinsights_skip_tracking":false,"_monsterinsights_sitenote_active":false,"_monsterinsights_sitenote_note":"","_monsterinsights_sitenote_category":0},"product_brand":[],"product_cat":[13005,13006],"product_tag":[],"class_list":{"0":"post-747183","1":"product","2":"type-product","3":"status-publish","5":"product_cat-bilim-muhendislik","6":"product_cat-populer-bilim","7":"pa_cilt-ciltsiz","8":"pa_tur-kitap","9":"pa_yayinevi-tuti-kitap","10":"pa_yazar-sinan-canan","12":"first","13":"instock","14":"sale","15":"shipping-taxable","16":"purchasable","17":"product-type-simple"},"_links":{"self":[{"href":"https:\/\/roveyayinevi.com.tr\/index.php\/wp-json\/wp\/v2\/product\/747183","targetHints":{"allow":["GET"]}}],"collection":[{"href":"https:\/\/roveyayinevi.com.tr\/index.php\/wp-json\/wp\/v2\/product"}],"about":[{"href":"https:\/\/roveyayinevi.com.tr\/index.php\/wp-json\/wp\/v2\/types\/product"}],"wp:attachment":[{"href":"https:\/\/roveyayinevi.com.tr\/index.php\/wp-json\/wp\/v2\/media?parent=747183"}],"wp:term":[{"taxonomy":"product_brand","embeddable":true,"href":"https:\/\/roveyayinevi.com.tr\/index.php\/wp-json\/wp\/v2\/product_brand?post=747183"},{"taxonomy":"product_cat","embeddable":true,"href":"https:\/\/roveyayinevi.com.tr\/index.php\/wp-json\/wp\/v2\/product_cat?post=747183"},{"taxonomy":"product_tag","embeddable":true,"href":"https:\/\/roveyayinevi.com.tr\/index.php\/wp-json\/wp\/v2\/product_tag?post=747183"}],"curies":[{"name":"wp","href":"https:\/\/api.w.org\/{rel}","templated":true}]}}