{"id":747182,"date":"2025-08-28T03:00:45","date_gmt":"2025-08-28T00:00:45","guid":{"rendered":"https:\/\/roveyayinevi.com.tr\/index.php\/urun\/gorgecina-zere-mi\/"},"modified":"2026-04-16T02:59:50","modified_gmt":"2026-04-15T23:59:50","slug":"gorgecina-zere-mi","status":"publish","type":"product","link":"https:\/\/roveyayinevi.com.tr\/index.php\/urun\/gorgecina-zere-mi\/","title":{"rendered":"Gorge\u00e7ina Zere M\u0131"},"content":{"rendered":"<p>G\u00fcrsel Sar\u0131ka\u015f, uzun k\u0131\u015f g\u00fcnlerinde k\u00f6y b\u00fcy\u00fcklerinin sohbetleriyle b\u00fcy\u00fcm\u00fc\u015f. Dedesi her ak\u015fam eve gelen ya\u015fl\u0131larla a\u015fk, inan\u00e7, kahramanl\u0131k gibi konular \u00fczerinde konu\u015furken dengebejlerin uzun s\u00fcren t\u00fcrk\u00fcleri ile uyur kal\u0131rm\u0131\u015f. Zaman i\u00e7inde bu birikimleri ile \u00f6yk\u00fc denemeleri olmu\u015f, \u015fiirler yazm\u0131\u015f.   Do\u011fdu\u011fu k\u00f6yde hava saf, toprak saf, insan saf, ama bir o kadar da bilge insanlar. G\u00fcrsel Sar\u0131ka\u015f da d\u00fcn\u00fcn \u00e7ileli ya\u015fam\u0131n\u0131, ac\u0131lar\u0131n\u0131, h\u00fcz\u00fcnlerini, sevin\u00e7lerini bilgece \u015fiirlerine yans\u0131tm\u0131\u015f. Anadiline hakimiyeti dili ustaca kullanmas\u0131n\u0131 sa\u011flam\u0131\u015f. Dilimize olan katk\u0131s\u0131 ve \u015fiirleriyle edebiyat d\u00fcnyam\u0131zda ad\u0131ndan s\u00f6z ettiriyor.   Do\u011fru yoldas\u0131n G\u00fcrsel Sar\u0131ka\u015f, do\u011frular\u0131nla dostlar\u0131n ve yolda\u015flar\u0131nla hep birliktesin.     Drs. \u0130smail Bozk\u0131r <\/p>\n","protected":false},"excerpt":{"rendered":"<p>G\u00fcrsel Sar\u0131ka\u015f, uzun k\u0131\u015f g\u00fcnlerinde k\u00f6y b\u00fcy\u00fcklerinin sohbetleriyle b\u00fcy\u00fcm\u00fc\u015f. Dedesi her ak\u015fam eve gelen ya\u015fl\u0131larla a\u015fk, inan\u00e7, kahramanl\u0131k gibi konular \u00fczerinde konu\u015furken dengebejlerin uzun s\u00fcren t\u00fcrk\u00fcleri<span class=\"excerpt-hellip\"> [\u2026]<\/span><\/p>\n","protected":false},"featured_media":0,"template":"","meta":{"_monsterinsights_skip_tracking":false,"_monsterinsights_sitenote_active":false,"_monsterinsights_sitenote_note":"","_monsterinsights_sitenote_category":0},"product_brand":[],"product_cat":[12291,12509],"product_tag":[],"class_list":{"0":"post-747182","1":"product","2":"type-product","3":"status-publish","5":"product_cat-edebiyat","6":"product_cat-siir","7":"pa_cilt-ciltsiz","8":"pa_tur-kitap","9":"pa_yayinevi-imla-yayinevi","10":"pa_yazar-gursel-sarikas","12":"first","13":"instock","14":"sale","15":"shipping-taxable","16":"purchasable","17":"product-type-simple"},"_links":{"self":[{"href":"https:\/\/roveyayinevi.com.tr\/index.php\/wp-json\/wp\/v2\/product\/747182","targetHints":{"allow":["GET"]}}],"collection":[{"href":"https:\/\/roveyayinevi.com.tr\/index.php\/wp-json\/wp\/v2\/product"}],"about":[{"href":"https:\/\/roveyayinevi.com.tr\/index.php\/wp-json\/wp\/v2\/types\/product"}],"wp:attachment":[{"href":"https:\/\/roveyayinevi.com.tr\/index.php\/wp-json\/wp\/v2\/media?parent=747182"}],"wp:term":[{"taxonomy":"product_brand","embeddable":true,"href":"https:\/\/roveyayinevi.com.tr\/index.php\/wp-json\/wp\/v2\/product_brand?post=747182"},{"taxonomy":"product_cat","embeddable":true,"href":"https:\/\/roveyayinevi.com.tr\/index.php\/wp-json\/wp\/v2\/product_cat?post=747182"},{"taxonomy":"product_tag","embeddable":true,"href":"https:\/\/roveyayinevi.com.tr\/index.php\/wp-json\/wp\/v2\/product_tag?post=747182"}],"curies":[{"name":"wp","href":"https:\/\/api.w.org\/{rel}","templated":true}]}}