{"id":747181,"date":"2025-08-28T03:00:44","date_gmt":"2025-08-28T00:00:44","guid":{"rendered":"https:\/\/roveyayinevi.com.tr\/index.php\/urun\/kardiyovaskuler-aciller\/"},"modified":"2026-04-16T02:59:50","modified_gmt":"2026-04-15T23:59:50","slug":"kardiyovaskuler-aciller","status":"publish","type":"product","link":"https:\/\/roveyayinevi.com.tr\/index.php\/urun\/kardiyovaskuler-aciller\/","title":{"rendered":"Kardiyovask\u00fcler Aciller"},"content":{"rendered":"<p>\u0130\u00c7\u0130NDEK\u0130LER B\u00f6l\u00fcm 1. Kalbin Anatomisi ve Fizyolojisi B\u00f6l\u00fcm 2. Elektrokardiyografinin Fizyolojik Temelleri B\u00f6l\u00fcm 3. Ekokardiyografinin Kardiyak Acil Durumlarda Kullan\u0131m\u0131 B\u00f6l\u00fcm 4. G\u00f6\u011f\u00fcs A\u011fr\u0131l\u0131 Hastaya Yakla\u015f\u0131m ve Non-Kardiyak G\u00f6\u011f\u00fcs A\u011fr\u0131s\u0131 Nedenleri B\u00f6l\u00fcm 5. Acil Serviste Kullan\u0131lan Kardiyak Markerler ve Kardiyak \u0130zlem \u00dczerine Etkileri B\u00f6l\u00fcm 6. Akut Koroner Sendromlar ve G\u00fcncel Tedaviler B\u00f6l\u00fcm 7. Ta\u015fikardilere Yakla\u015f\u0131m B\u00f6l\u00fcm 8. Bradikardilere Yakla\u015f\u0131m B\u00f6l\u00fcm 9. Akut ve Kronik Kalp Yetmezli\u011fi \u0130le Gelen Hastaya Yakla\u015f\u0131m B\u00f6l\u00fcm 10. Kalp Yetmezli\u011finde Kullan\u0131lan Biyobelirte\u00e7ler B\u00f6l\u00fcm 11. Hipertansif Acil Durumlar ve Tedavileri B\u00f6l\u00fcm 12. Aort Anevrizmalar\u0131 ve Tedavi Y\u00f6ntemleri B\u00f6l\u00fcm 13. Aort Diseksiyonu ve Tedavi Y\u00f6ntemleri B\u00f6l\u00fcm 14. Kardiyojenik \u015eoktaki Hastaya Yakla\u015f\u0131m B\u00f6l\u00fcm 15. Perikardit B\u00f6l\u00fcm 16. Myokardit B\u00f6l\u00fcm 17. \u0130nfektif Endokardit B\u00f6l\u00fcm 18. Kardiyak Tamponad ve Tedavi Y\u00f6ntemleri B\u00f6l\u00fcm 19. Kardiak Acil Durumlarda Endokrin Sistem B\u00f6l\u00fcm 20. Elektrolit Bozukluklar\u0131na Kardiyak Yakla\u015f\u0131m B\u00f6l\u00fcm 21. B\u00f6brek Yetmezli\u011finde Kardiyovask\u00fcler Hastal\u0131klara Genel Bak\u0131\u015f B\u00f6l\u00fcm 22. Plazma Lipit Profili ve Koroner Arter Hastal\u0131klar\u0131 B\u00f6l\u00fcm 23. Antikoag\u00fclan, Trombolitik, Antiagregan ve Antitrombositik \u0130la\u00e7lar B\u00f6l\u00fcm 24. Acil T\u0131p Kliniklerinde Kullan\u0131lan Kardiyak \u0130la\u00e7lar B\u00f6l\u00fcm 25. Kardiyotoksik Ajanlarla Zehirlenmelere Yakla\u015f\u0131m<\/p>\n","protected":false},"excerpt":{"rendered":"<p>\u0130\u00c7\u0130NDEK\u0130LER B\u00f6l\u00fcm 1. Kalbin Anatomisi ve Fizyolojisi B\u00f6l\u00fcm 2. Elektrokardiyografinin Fizyolojik Temelleri B\u00f6l\u00fcm 3. Ekokardiyografinin Kardiyak Acil Durumlarda Kullan\u0131m\u0131 B\u00f6l\u00fcm 4. G\u00f6\u011f\u00fcs A\u011fr\u0131l\u0131 Hastaya Yakla\u015f\u0131m ve<span class=\"excerpt-hellip\"> [\u2026]<\/span><\/p>\n","protected":false},"featured_media":0,"template":"","meta":{"_monsterinsights_skip_tracking":false,"_monsterinsights_sitenote_active":false,"_monsterinsights_sitenote_note":"","_monsterinsights_sitenote_category":0},"product_brand":[],"product_cat":[12573,12566],"product_tag":[],"class_list":{"0":"post-747181","1":"product","2":"type-product","3":"status-publish","5":"product_cat-akademik-kitaplar","6":"product_cat-egitim","7":"pa_cilt-ciltsiz","8":"pa_tur-kitap","9":"pa_yayinevi-platanus-publishing","10":"pa_yazar-kolektif","12":"first","13":"instock","14":"sale","15":"shipping-taxable","16":"purchasable","17":"product-type-simple"},"_links":{"self":[{"href":"https:\/\/roveyayinevi.com.tr\/index.php\/wp-json\/wp\/v2\/product\/747181","targetHints":{"allow":["GET"]}}],"collection":[{"href":"https:\/\/roveyayinevi.com.tr\/index.php\/wp-json\/wp\/v2\/product"}],"about":[{"href":"https:\/\/roveyayinevi.com.tr\/index.php\/wp-json\/wp\/v2\/types\/product"}],"wp:attachment":[{"href":"https:\/\/roveyayinevi.com.tr\/index.php\/wp-json\/wp\/v2\/media?parent=747181"}],"wp:term":[{"taxonomy":"product_brand","embeddable":true,"href":"https:\/\/roveyayinevi.com.tr\/index.php\/wp-json\/wp\/v2\/product_brand?post=747181"},{"taxonomy":"product_cat","embeddable":true,"href":"https:\/\/roveyayinevi.com.tr\/index.php\/wp-json\/wp\/v2\/product_cat?post=747181"},{"taxonomy":"product_tag","embeddable":true,"href":"https:\/\/roveyayinevi.com.tr\/index.php\/wp-json\/wp\/v2\/product_tag?post=747181"}],"curies":[{"name":"wp","href":"https:\/\/api.w.org\/{rel}","templated":true}]}}