{"id":747179,"date":"2025-08-28T03:00:41","date_gmt":"2025-08-28T00:00:41","guid":{"rendered":"https:\/\/roveyayinevi.com.tr\/index.php\/urun\/ayak-izleri\/"},"modified":"2026-04-16T02:59:50","modified_gmt":"2026-04-15T23:59:50","slug":"ayak-izleri","status":"publish","type":"product","link":"https:\/\/roveyayinevi.com.tr\/index.php\/urun\/ayak-izleri\/","title":{"rendered":"Ayak \u0130zleri"},"content":{"rendered":"<p>Caize anne-baba kona\u011f\u0131ndan on iki ya\u015f\u0131nda k\u0131rk deve y\u00fck\u00fc cehizle ba\u015fka zengin bir aileye gelin gitmi\u015fti. Bebekleriyle oynayacak bir ya\u015fta kuca\u011f\u0131na kendi bebe\u011fi verilmi\u015fti. G\u00f6zleri parlad\u0131 birden&#8230; \u0130lk o\u011fluna hala \u00e7ok d\u00fc\u015fk\u00fcnd\u00fc ama k\u0131z\u0131 da bir ba\u015fkayd\u0131. D\u00fc\u015f\u00fcn\u00fclenin aksine ben kazand\u0131m ve r\u00fcyada gibi haz\u0131rlanarak A\u011fustos 1969\u2019da Amerika\u2019ya do\u011fru yola \u00e7\u0131kt\u0131m. \u0130ki erkek ve ben T\u00fcrk taraf\u0131ndan, be\u015f erkek de Rum taraf\u0131ndan u\u00e7akla \u00f6nce Beyrut\u2019a gittik. Beyrut\u2019un sava\u015flardan \u00f6nceki g\u00fczel halini u\u00e7aktan ve otelden bu vesile ile g\u00f6rm\u00fc\u015f ve hayran olmu\u015ftum. Eski Sovyetler Birli\u011fi \u00fclkeleri hepsi de heykellere merakl\u0131. Tiflis\u2019te de her tarafta heykeller var. At \u00fcst\u00fcnde krallar, generaller, \u015fairler, yazarlar ve daha kimler kimler&#8230; Birinin elinde baston olan, iki \u015fi\u015fman adam heykelinin yan\u0131dan ge\u00e7erken enteresan bir olay anlatt\u0131 arkada\u015f.  Amerikal\u0131 bir arkada\u015flar\u0131n\u0131 gece on ikide bu bastonun el de\u011fi\u015ftirdi\u011fine ikna etmi\u015fler ve Amerikal\u0131 merak\u0131ndan bir gece gidip beklemi\u015f on ikide olacak de\u011fi\u015fimi g\u00f6rmek i\u00e7in! Pakistan\u2019\u0131n kuzey bat\u0131s\u0131nda Afganistan s\u0131n\u0131r\u0131nda bulunan Hindiku\u015f da\u011flar\u0131nda hayat s\u00fcren B\u00fcy\u00fck \u0130skenderin ordusunun soyundan geldiklerine inan\u0131lan Kala\u015flar, dini inan\u00e7lar\u0131n\u0131n par\u00e7as\u0131 olan bahar bayram\u0131n\u0131 ve tabiyat\u0131n uyan\u0131\u015f\u0131n\u0131 kutlad\u0131lar. D\u00fcnyan\u0131n yedi harikas\u0131ndan birisi olan Artemis Tap\u0131na\u011f\u0131 ve daha g\u00f6r\u00fclebilecek nice tarihi eserler burada bulunmaktad\u0131r. Biz ge\u00e7en defa geli\u015fimizde buralar\u0131 gezdi\u011fimiz i\u00e7in bu kez te\u011fet ge\u00e7tik. Bu b\u00f6lgelerdeki yollarda en \u00e7ok dikkatimizi \u00e7eken \u015fey r\u00fczgar g\u00fcllerinin \u00e7oklu\u011fu oldu. Etraftaki t\u00fcm tepeler, bacaklar\u0131n\u0131 ve ellerini a\u00e7m\u0131\u015f, jimnastik yapan insanlar\u0131 \u00e7a\u011fr\u0131\u015ft\u0131ran, elektrik \u00fcretmede kullan\u0131lan, dev r\u00fczgar g\u00fclleri ile dolu. An\u0131lar \u00e7ok de\u011ferlidir. B\u00fcy\u00fcy\u00fcp de\u011fi\u015fiyoruz ve bazen bir zamanlar kim oldu\u011fumuzu ve neyi sevdi\u011fimizi unutuyoruz. Yaz\u0131n, not tutun, \u00f6mr\u00fcn\u00fcz yetti\u011fi kadar yaz\u0131n.<\/p>\n","protected":false},"excerpt":{"rendered":"<p>Caize anne-baba kona\u011f\u0131ndan on iki ya\u015f\u0131nda k\u0131rk deve y\u00fck\u00fc cehizle ba\u015fka zengin bir aileye gelin gitmi\u015fti. Bebekleriyle oynayacak bir ya\u015fta kuca\u011f\u0131na kendi bebe\u011fi verilmi\u015fti. G\u00f6zleri parlad\u0131<span class=\"excerpt-hellip\"> [\u2026]<\/span><\/p>\n","protected":false},"featured_media":0,"template":"","meta":{"_monsterinsights_skip_tracking":false,"_monsterinsights_sitenote_active":false,"_monsterinsights_sitenote_note":"","_monsterinsights_sitenote_category":0},"product_brand":[],"product_cat":[12291,12711],"product_tag":[],"class_list":{"0":"post-747179","1":"product","2":"type-product","3":"status-publish","5":"product_cat-edebiyat","6":"product_cat-roman-oyku","7":"pa_cilt-ciltsiz","8":"pa_tur-kitap","9":"pa_yayinevi-platanus-publishing","10":"pa_yazar-hasibe-vehbi-sahoglu","12":"first","13":"instock","14":"sale","15":"shipping-taxable","16":"purchasable","17":"product-type-simple"},"_links":{"self":[{"href":"https:\/\/roveyayinevi.com.tr\/index.php\/wp-json\/wp\/v2\/product\/747179","targetHints":{"allow":["GET"]}}],"collection":[{"href":"https:\/\/roveyayinevi.com.tr\/index.php\/wp-json\/wp\/v2\/product"}],"about":[{"href":"https:\/\/roveyayinevi.com.tr\/index.php\/wp-json\/wp\/v2\/types\/product"}],"wp:attachment":[{"href":"https:\/\/roveyayinevi.com.tr\/index.php\/wp-json\/wp\/v2\/media?parent=747179"}],"wp:term":[{"taxonomy":"product_brand","embeddable":true,"href":"https:\/\/roveyayinevi.com.tr\/index.php\/wp-json\/wp\/v2\/product_brand?post=747179"},{"taxonomy":"product_cat","embeddable":true,"href":"https:\/\/roveyayinevi.com.tr\/index.php\/wp-json\/wp\/v2\/product_cat?post=747179"},{"taxonomy":"product_tag","embeddable":true,"href":"https:\/\/roveyayinevi.com.tr\/index.php\/wp-json\/wp\/v2\/product_tag?post=747179"}],"curies":[{"name":"wp","href":"https:\/\/api.w.org\/{rel}","templated":true}]}}