{"id":747177,"date":"2025-08-28T03:00:38","date_gmt":"2025-08-28T00:00:38","guid":{"rendered":"https:\/\/roveyayinevi.com.tr\/index.php\/urun\/frankenstein-5\/"},"modified":"2026-04-16T02:59:50","modified_gmt":"2026-04-15T23:59:50","slug":"frankenstein-5","status":"publish","type":"product","link":"https:\/\/roveyayinevi.com.tr\/index.php\/urun\/frankenstein-5\/","title":{"rendered":"Frankenstein"},"content":{"rendered":"<p>Shelley\u2019nin Frankenstein ya da Modern Prometheus\u2019u, XVIII. y\u00fczy\u0131l Avrupas\u0131\u2019n\u0131n Ayd\u0131nlanmac\u0131 tutkular\u0131n\u0131n k\u00fclt\u00fcr a\u00e7\u0131s\u0131ndan korkun\u00e7 sonu\u00e7lar\u0131n\u0131 hayal eder. Bilimden yararlanarak \u201cdo\u011fan\u0131n s\u0131rlar\u0131na n\u00fcfuz etmeye\u201d y\u00f6nelirken, insan do\u011fas\u0131 ve bedeni dahil olmak \u00fczere her \u015feyi birer nesneye \u00e7eviren Ayd\u0131nlanmac\u0131 arzu, Frankenstein\u2019\u0131 pi\u015fmanl\u0131kla son bulacak bir ser\u00fcvene s\u00fcr\u00fckler: Frankenstein\u2019\u0131n canavar\u0131, asl\u0131nda akl\u0131n kendi canavar\u0131d\u0131r ve \u015fimdi sadece bu canavardan de\u011fil, onu yaratan akl\u0131n kendisinden de korkulmas\u0131 gerekmektedir.<\/p>\n","protected":false},"excerpt":{"rendered":"<p>Shelley\u2019nin Frankenstein ya da Modern Prometheus\u2019u, XVIII. y\u00fczy\u0131l Avrupas\u0131\u2019n\u0131n Ayd\u0131nlanmac\u0131 tutkular\u0131n\u0131n k\u00fclt\u00fcr a\u00e7\u0131s\u0131ndan korkun\u00e7 sonu\u00e7lar\u0131n\u0131 hayal eder. Bilimden yararlanarak \u201cdo\u011fan\u0131n s\u0131rlar\u0131na n\u00fcfuz etmeye\u201d y\u00f6nelirken, insan do\u011fas\u0131<span class=\"excerpt-hellip\"> [\u2026]<\/span><\/p>\n","protected":false},"featured_media":0,"template":"","meta":{"_monsterinsights_skip_tracking":false,"_monsterinsights_sitenote_active":false,"_monsterinsights_sitenote_note":"","_monsterinsights_sitenote_category":0},"product_brand":[],"product_cat":[12274,12284],"product_tag":[],"class_list":{"0":"post-747177","1":"product","2":"type-product","3":"status-publish","5":"product_cat-cocuk-ve-genclik-kitaplari","6":"product_cat-hikayeler","7":"pa_cilt-ciltsiz","8":"pa_tur-kitap","9":"pa_yayinevi-platanus-publishing","10":"pa_yazar-mary-shelley","12":"first","13":"instock","14":"sale","15":"shipping-taxable","16":"purchasable","17":"product-type-simple"},"_links":{"self":[{"href":"https:\/\/roveyayinevi.com.tr\/index.php\/wp-json\/wp\/v2\/product\/747177","targetHints":{"allow":["GET"]}}],"collection":[{"href":"https:\/\/roveyayinevi.com.tr\/index.php\/wp-json\/wp\/v2\/product"}],"about":[{"href":"https:\/\/roveyayinevi.com.tr\/index.php\/wp-json\/wp\/v2\/types\/product"}],"wp:attachment":[{"href":"https:\/\/roveyayinevi.com.tr\/index.php\/wp-json\/wp\/v2\/media?parent=747177"}],"wp:term":[{"taxonomy":"product_brand","embeddable":true,"href":"https:\/\/roveyayinevi.com.tr\/index.php\/wp-json\/wp\/v2\/product_brand?post=747177"},{"taxonomy":"product_cat","embeddable":true,"href":"https:\/\/roveyayinevi.com.tr\/index.php\/wp-json\/wp\/v2\/product_cat?post=747177"},{"taxonomy":"product_tag","embeddable":true,"href":"https:\/\/roveyayinevi.com.tr\/index.php\/wp-json\/wp\/v2\/product_tag?post=747177"}],"curies":[{"name":"wp","href":"https:\/\/api.w.org\/{rel}","templated":true}]}}