{"id":747172,"date":"2025-08-28T03:00:32","date_gmt":"2025-08-28T00:00:32","guid":{"rendered":"https:\/\/roveyayinevi.com.tr\/index.php\/urun\/insan-aurasi-astral-renkler-ve-dusunce-formlari\/"},"modified":"2026-04-16T02:59:50","modified_gmt":"2026-04-15T23:59:50","slug":"insan-aurasi-astral-renkler-ve-dusunce-formlari","status":"publish","type":"product","link":"https:\/\/roveyayinevi.com.tr\/index.php\/urun\/insan-aurasi-astral-renkler-ve-dusunce-formlari\/","title":{"rendered":"\u0130nsan Auras\u0131 Astral Renkler ve D\u00fc\u015f\u00fcnce Formlar\u0131"},"content":{"rendered":"<p>Her canl\u0131 enerjisel bir alana sahiptir. Organlar\u0131m\u0131z\u0131n \u00e7al\u0131\u015fmas\u0131, bedendeki s\u0131v\u0131lar\u0131n ak\u0131\u015f\u0131, fiziksel aktivite, zihinsel faliyetlerimiz, sinir sisteminin elektriksel yap\u0131s\u0131 vb. t\u00fcm fizyolojik sistemimiz insan bedeninin etraf\u0131nda manyetik alan benzeri elektriksel bir alan olu\u015fturur. Bu enerjisel alan\u0131n di\u011fer ad\u0131 Aurad\u0131r. Ya\u015fad\u0131\u011f\u0131m\u0131z olumsuz etkiler; duyular ak\u0131l ve ya\u015fam enerjisinden (prana) olu\u015fan astral bedenimizdeki enerji kanallar\u0131n\u0131n t\u0131kanmas\u0131na yol a\u00e7arak hastal\u0131k olarak tezah\u00fcr eder. Ezoterik \u00f6\u011fretinin temel kavramlar\u0131, \u00f6rnekleri, g\u00fcnl\u00fck ya\u015famdaki ve bilimsel kan\u0131tlar\u0131, renkler ve psikolojik etkileri, g\u00fcnl\u00fck ya\u015famda ve t\u0131pta renklerin kullan\u0131m\u0131n\u0131n \u015fifal\u0131 do\u011fas\u0131, renklerle tedavi y\u00f6ntemleri ve nicesini k\u00fc\u00e7\u00fck g\u00f6vdesine ustaca bir yal\u0131nl\u0131kla s\u0131\u011fd\u0131rm\u0131\u015f ilgin\u00e7 bit ke\u015fif f\u0131rsat\u0131\u2026<\/p>\n","protected":false},"excerpt":{"rendered":"<p>Her canl\u0131 enerjisel bir alana sahiptir. Organlar\u0131m\u0131z\u0131n \u00e7al\u0131\u015fmas\u0131, bedendeki s\u0131v\u0131lar\u0131n ak\u0131\u015f\u0131, fiziksel aktivite, zihinsel faliyetlerimiz, sinir sisteminin elektriksel yap\u0131s\u0131 vb. t\u00fcm fizyolojik sistemimiz insan bedeninin etraf\u0131nda<span class=\"excerpt-hellip\"> [\u2026]<\/span><\/p>\n","protected":false},"featured_media":0,"template":"","meta":{"_monsterinsights_skip_tracking":false,"_monsterinsights_sitenote_active":false,"_monsterinsights_sitenote_note":"","_monsterinsights_sitenote_category":0},"product_brand":[],"product_cat":[12388],"product_tag":[],"class_list":{"0":"post-747172","1":"product","2":"type-product","3":"status-publish","5":"product_cat-felsefe","6":"pa_cilt-ciltsiz","7":"pa_tur-kitap","8":"pa_yayinevi-kirmizi-ada-yayinlari","9":"pa_yazar-swami-panchadasi","11":"first","12":"instock","13":"sale","14":"shipping-taxable","15":"purchasable","16":"product-type-simple"},"_links":{"self":[{"href":"https:\/\/roveyayinevi.com.tr\/index.php\/wp-json\/wp\/v2\/product\/747172","targetHints":{"allow":["GET"]}}],"collection":[{"href":"https:\/\/roveyayinevi.com.tr\/index.php\/wp-json\/wp\/v2\/product"}],"about":[{"href":"https:\/\/roveyayinevi.com.tr\/index.php\/wp-json\/wp\/v2\/types\/product"}],"wp:attachment":[{"href":"https:\/\/roveyayinevi.com.tr\/index.php\/wp-json\/wp\/v2\/media?parent=747172"}],"wp:term":[{"taxonomy":"product_brand","embeddable":true,"href":"https:\/\/roveyayinevi.com.tr\/index.php\/wp-json\/wp\/v2\/product_brand?post=747172"},{"taxonomy":"product_cat","embeddable":true,"href":"https:\/\/roveyayinevi.com.tr\/index.php\/wp-json\/wp\/v2\/product_cat?post=747172"},{"taxonomy":"product_tag","embeddable":true,"href":"https:\/\/roveyayinevi.com.tr\/index.php\/wp-json\/wp\/v2\/product_tag?post=747172"}],"curies":[{"name":"wp","href":"https:\/\/api.w.org\/{rel}","templated":true}]}}