{"id":747170,"date":"2025-08-28T03:00:28","date_gmt":"2025-08-28T00:00:28","guid":{"rendered":"https:\/\/roveyayinevi.com.tr\/index.php\/urun\/turkce-ve-mogolca-calismalari-sempozyumu\/"},"modified":"2026-04-16T02:59:50","modified_gmt":"2026-04-15T23:59:50","slug":"turkce-ve-mogolca-calismalari-sempozyumu","status":"publish","type":"product","link":"https:\/\/roveyayinevi.com.tr\/index.php\/urun\/turkce-ve-mogolca-calismalari-sempozyumu\/","title":{"rendered":"T\u00fcrk\u00e7e ve Mo\u011folca \u00c7al\u0131\u015fmalar\u0131 Sempozyumu"},"content":{"rendered":"<p>T\u00fcrklerin ve Mo\u011follar\u0131n, T\u00fcrk\u00e7enin ve Mo\u011folcan\u0131n kar\u015f\u0131l\u0131kl\u0131 etkile\u015fimi, bildi\u011fimiz kay\u0131tlara g\u00f6re 1500 y\u0131l kadar \u00f6ncesine gitmektedir. Belgeli tarihi 552\u2019de kurulan ilk T\u00fcrk Ka\u011fanl\u0131\u011f\u0131 ve o d\u00f6nem, 582\u2019de dikilen Bugut yaz\u0131t\u0131yla ba\u015flatabiliriz. O zamandan ba\u015flayarak farkl\u0131 d\u00f6nemlerde farkl\u0131 konularda s\u00f6z al\u0131\u015fveri\u015fi olmu\u015ftur. Kimi zaman y\u00f6netime ait unvanlar, kimi zaman hayvanc\u0131l\u0131\u011fa ait adland\u0131rmalar, kimi zaman da bitkilere, sebze ve meyvelere ait adland\u0131rmalar kar\u015f\u0131l\u0131kl\u0131 gidip gelmi\u015ftir. T\u00fcrkler Mo\u011folca k\u00f6kenli kaburga, serin s\u00f6zlerini kullan\u0131rken Mo\u011follar da T\u00fcrk\u00e7e k\u00f6kenli cimis (\u2018meyve\u2019), honi (\u2018koyun\u2019) s\u00f6zlerini kullan\u0131r olmu\u015flard\u0131r. Kar\u015f\u0131l\u0131kl\u0131 bu etkile\u015fim o g\u00fcnden bug\u00fcne, Yakutistan\u2019dan Anadolu bozk\u0131rlar\u0131na kadar s\u00fcrm\u00fc\u015ft\u00fcr. T\u00fcrk\u00e7e ve Mo\u011folca \u00c7al\u0131\u015fmalar\u0131: Sir G. Clauson ve Talat Tekin\u2019in Katk\u0131lar\u0131, konuyla ba\u011flant\u0131l\u0131 uluslararas\u0131, \u00e7ok y\u00f6nl\u00fc toplant\u0131lardan birisi olmas\u0131 dolay\u0131s\u0131yla alan\u0131nda \u00f6nemli, ba\u015flang\u0131\u00e7 \u00e7al\u0131\u015fmalar\u0131ndand\u0131r. Konuyla ilgili yeni toplant\u0131larla konu daha da ayr\u0131nt\u0131l\u0131 olarak i\u015flenmeye devam edilecektir. <\/p>\n","protected":false},"excerpt":{"rendered":"<p>T\u00fcrklerin ve Mo\u011follar\u0131n, T\u00fcrk\u00e7enin ve Mo\u011folcan\u0131n kar\u015f\u0131l\u0131kl\u0131 etkile\u015fimi, bildi\u011fimiz kay\u0131tlara g\u00f6re 1500 y\u0131l kadar \u00f6ncesine gitmektedir. Belgeli tarihi 552\u2019de kurulan ilk T\u00fcrk Ka\u011fanl\u0131\u011f\u0131 ve o d\u00f6nem,<span class=\"excerpt-hellip\"> [\u2026]<\/span><\/p>\n","protected":false},"featured_media":0,"template":"","meta":{"_monsterinsights_skip_tracking":false,"_monsterinsights_sitenote_active":false,"_monsterinsights_sitenote_note":"","_monsterinsights_sitenote_category":0},"product_brand":[],"product_cat":[20225,12291],"product_tag":[],"class_list":{"0":"post-747170","1":"product","2":"type-product","3":"status-publish","5":"product_cat-dil-bilim","6":"product_cat-edebiyat","7":"pa_cilt-ciltsiz","8":"pa_tur-kitap","9":"pa_yayinevi-bilgesu-yayincilik","10":"pa_yazar-mehmet-olmez-tumer-karaayak","12":"first","13":"instock","14":"sale","15":"shipping-taxable","16":"purchasable","17":"product-type-simple"},"_links":{"self":[{"href":"https:\/\/roveyayinevi.com.tr\/index.php\/wp-json\/wp\/v2\/product\/747170","targetHints":{"allow":["GET"]}}],"collection":[{"href":"https:\/\/roveyayinevi.com.tr\/index.php\/wp-json\/wp\/v2\/product"}],"about":[{"href":"https:\/\/roveyayinevi.com.tr\/index.php\/wp-json\/wp\/v2\/types\/product"}],"wp:attachment":[{"href":"https:\/\/roveyayinevi.com.tr\/index.php\/wp-json\/wp\/v2\/media?parent=747170"}],"wp:term":[{"taxonomy":"product_brand","embeddable":true,"href":"https:\/\/roveyayinevi.com.tr\/index.php\/wp-json\/wp\/v2\/product_brand?post=747170"},{"taxonomy":"product_cat","embeddable":true,"href":"https:\/\/roveyayinevi.com.tr\/index.php\/wp-json\/wp\/v2\/product_cat?post=747170"},{"taxonomy":"product_tag","embeddable":true,"href":"https:\/\/roveyayinevi.com.tr\/index.php\/wp-json\/wp\/v2\/product_tag?post=747170"}],"curies":[{"name":"wp","href":"https:\/\/api.w.org\/{rel}","templated":true}]}}