{"id":747169,"date":"2025-08-28T03:00:27","date_gmt":"2025-08-28T00:00:27","guid":{"rendered":"https:\/\/roveyayinevi.com.tr\/index.php\/urun\/biz-bir-aileyiz\/"},"modified":"2026-04-03T03:02:23","modified_gmt":"2026-04-03T00:02:23","slug":"biz-bir-aileyiz","status":"publish","type":"product","link":"https:\/\/roveyayinevi.com.tr\/index.php\/urun\/biz-bir-aileyiz\/","title":{"rendered":"Biz Bir Aileyiz"},"content":{"rendered":"<p>Kimse kolay olaca\u011f\u0131n\u0131 s\u00f6ylemedi\u2026   Jayden Carr bu y\u0131l yedinci s\u0131n\u0131f oluyordu. T\u00fcm yaz kahraman\u0131 NBA y\u0131ld\u0131z\u0131 Kendrick King\u2019in de bir zamanlar oynad\u0131\u011f\u0131 Hoop Group\u2019a haz\u0131rlanmak i\u00e7in \u00e7al\u0131\u015fm\u0131\u015ft\u0131. Bu y\u0131l eyaletteki en iyi yedinci s\u0131n\u0131flara kar\u015f\u0131 oynayacakt\u0131 ve bu, gelecekteki basketbol kariyeri i\u00e7in fark edilme \u015fans\u0131na eri\u015fmesi ad\u0131na \u00e7ok kritikti.   Ancak Hoop Group antrenmanlar\u0131n\u0131n ilk g\u00fcn\u00fcnde Ko\u00e7 Beck \u00e7ocuklar\u0131 kenara \u00e7ekti ve hastal\u0131\u011f\u0131 nedeniyle bu sene ko\u00e7luk yapamayaca\u011f\u0131n\u0131 s\u00f6yledi. Bu Hoop Group\u2019un ko\u00e7suz kalmas\u0131 demekti. Bu duruma afallayan tek ki\u015fi Jayden de\u011fildi. Ko\u00e7 Beck\u2019in k\u0131z\u0131 Tamika bu sene ekibe kat\u0131lan ilk k\u0131z olman\u0131n hayalini kuruyordu.  Kendrick King\u2019in ye\u011feni Chris bu sene kaptan olarak se\u00e7ilmeyi kafaya koymu\u015ftu. Anthony Pierson i\u00e7in Hoop Group beladan ka\u00e7\u0131\u015f yolu olacakt\u0131 ve Dexter Dingal i\u00e7in de, olduk\u00e7a k\u0131sa boyuyla, sonunda \u00f6zel bir \u015feyin par\u00e7as\u0131 olmak demekti.   Bu \u00e7ocuklar i\u00e7in Hoop Group bir oyundan fazlas\u0131yd\u0131, aile olmakla ilgiliydi. \u015eimdiyse onlar i\u00e7in sezon ba\u015flamadan bitmi\u015fti. Bu be\u015f yeni arkada\u015f\u0131n bir karar vermesi gerekmekteydi: Pes mi edeceklerdi yoksa sava\u015fmaya m\u0131 karar vereceklerdi?   NBA y\u0131ld\u0131z\u0131 LeBron James ve be\u011fenilen yazar Andrea Williams\u2019tan ilham verici bir hik\u00e2ye: Biz Bir Aileyiz, zorluklarla ba\u015fa \u00e7\u0131kmak konusunda okuyucuya bir \u0131\u015f\u0131k olacak. <\/p>\n","protected":false},"excerpt":{"rendered":"<p>Kimse kolay olaca\u011f\u0131n\u0131 s\u00f6ylemedi\u2026 Jayden Carr bu y\u0131l yedinci s\u0131n\u0131f oluyordu. T\u00fcm yaz kahraman\u0131 NBA y\u0131ld\u0131z\u0131 Kendrick King\u2019in de bir zamanlar oynad\u0131\u011f\u0131 Hoop Group\u2019a haz\u0131rlanmak i\u00e7in<span class=\"excerpt-hellip\"> [\u2026]<\/span><\/p>\n","protected":false},"featured_media":0,"template":"","meta":{"_monsterinsights_skip_tracking":false,"_monsterinsights_sitenote_active":false,"_monsterinsights_sitenote_note":"","_monsterinsights_sitenote_category":0},"product_brand":[],"product_cat":[12274,12284],"product_tag":[],"class_list":{"0":"post-747169","1":"product","2":"type-product","3":"status-publish","5":"product_cat-cocuk-ve-genclik-kitaplari","6":"product_cat-hikayeler","7":"pa_cilt-ciltsiz","8":"pa_tur-kitap","9":"pa_yayinevi-eksik-parca-yayinlari","10":"pa_yazar-lebron-james-andrea-williams","12":"first","13":"instock","14":"sale","15":"shipping-taxable","16":"purchasable","17":"product-type-simple"},"_links":{"self":[{"href":"https:\/\/roveyayinevi.com.tr\/index.php\/wp-json\/wp\/v2\/product\/747169","targetHints":{"allow":["GET"]}}],"collection":[{"href":"https:\/\/roveyayinevi.com.tr\/index.php\/wp-json\/wp\/v2\/product"}],"about":[{"href":"https:\/\/roveyayinevi.com.tr\/index.php\/wp-json\/wp\/v2\/types\/product"}],"wp:attachment":[{"href":"https:\/\/roveyayinevi.com.tr\/index.php\/wp-json\/wp\/v2\/media?parent=747169"}],"wp:term":[{"taxonomy":"product_brand","embeddable":true,"href":"https:\/\/roveyayinevi.com.tr\/index.php\/wp-json\/wp\/v2\/product_brand?post=747169"},{"taxonomy":"product_cat","embeddable":true,"href":"https:\/\/roveyayinevi.com.tr\/index.php\/wp-json\/wp\/v2\/product_cat?post=747169"},{"taxonomy":"product_tag","embeddable":true,"href":"https:\/\/roveyayinevi.com.tr\/index.php\/wp-json\/wp\/v2\/product_tag?post=747169"}],"curies":[{"name":"wp","href":"https:\/\/api.w.org\/{rel}","templated":true}]}}