{"id":747168,"date":"2025-08-28T03:00:25","date_gmt":"2025-08-28T00:00:25","guid":{"rendered":"https:\/\/roveyayinevi.com.tr\/index.php\/urun\/karmasik-baglar-ciltli\/"},"modified":"2026-04-16T02:59:50","modified_gmt":"2026-04-15T23:59:50","slug":"karmasik-baglar-ciltli","status":"publish","type":"product","link":"https:\/\/roveyayinevi.com.tr\/index.php\/urun\/karmasik-baglar-ciltli\/","title":{"rendered":"Karma\u015f\u0131k Ba\u011flar (Ciltli)"},"content":{"rendered":"<p>\u201cSeksi, \u015fa\u015f\u0131rt\u0131c\u0131 ve s\u0131rlarla dolu.\u201d -New York Times \u00e7oksatan yazar\u0131 Stephanie Garber \u015eato duvarlar\u0131n\u0131n ard\u0131nda gu\u0308ne\u015f do\u011fmu\u015ftu ve ku\u015flar \u015fak\u0131yordu ama Alt\u0131n Saray kapkara bir gece \u00f6rtu\u0308su\u0308yle kapl\u0131yd\u0131. Benim gecem. Benim karanl\u0131\u011f\u0131m. Benim gu\u0308cu\u0308m.   Abriella, k\u0131z karde\u015fi perilere k\u00f6le olarak sat\u0131ld\u0131ktan sonra hayat\u0131n\u0131n daha k\u00f6t\u00fc bir hal alamayaca\u011f\u0131n\u0131 san\u0131yordu. Ancak kendini birdenbire tehlikeli bir a\u011f\u0131n ortas\u0131nda buldu, iki peri prensini seviyor ama ikisine de g\u00fcvenmiyordu. \u0130\u015fler art\u0131k eskiden d\u00fc\u015f\u00fcnd\u00fc\u011f\u00fc kadar a\u00e7\u0131k de\u011fildi. Nasi\u011fli Saray\u0131\u2019nda i\u00e7 sava\u015f s\u00fcrerken, Brie bir taraf se\u00e7mekte zorlan\u0131yordu. Art\u0131k kendini bile zar zor tan\u0131yabilirken nerede durdu\u011funu nas\u0131l bilebilirdi ki? Kar\u015f\u0131s\u0131ndaki her yol ayr\u0131 bir kalp k\u0131r\u0131kl\u0131\u011f\u0131na \u00e7\u0131kt\u0131\u011f\u0131nda, Brie i\u00e7indeki g\u00fcc\u00fc bulup kendi yolunu \u00e7izmeliydi. <\/p>\n","protected":false},"excerpt":{"rendered":"<p>\u201cSeksi, \u015fa\u015f\u0131rt\u0131c\u0131 ve s\u0131rlarla dolu.\u201d -New York Times \u00e7oksatan yazar\u0131 Stephanie Garber \u015eato duvarlar\u0131n\u0131n ard\u0131nda gu\u0308ne\u015f do\u011fmu\u015ftu ve ku\u015flar \u015fak\u0131yordu ama Alt\u0131n Saray kapkara bir gece<span class=\"excerpt-hellip\"> [\u2026]<\/span><\/p>\n","protected":false},"featured_media":0,"template":"","meta":{"_monsterinsights_skip_tracking":false,"_monsterinsights_sitenote_active":false,"_monsterinsights_sitenote_note":"","_monsterinsights_sitenote_category":0},"product_brand":[],"product_cat":[12291,12711],"product_tag":[],"class_list":{"0":"post-747168","1":"product","2":"type-product","3":"status-publish","5":"product_cat-edebiyat","6":"product_cat-roman-oyku","7":"pa_cilt-ciltli","8":"pa_tur-kitap","9":"pa_yayinevi-marti-yayinlari","10":"pa_yazar-lexi-ryan","12":"first","13":"instock","14":"sale","15":"shipping-taxable","16":"purchasable","17":"product-type-simple"},"_links":{"self":[{"href":"https:\/\/roveyayinevi.com.tr\/index.php\/wp-json\/wp\/v2\/product\/747168","targetHints":{"allow":["GET"]}}],"collection":[{"href":"https:\/\/roveyayinevi.com.tr\/index.php\/wp-json\/wp\/v2\/product"}],"about":[{"href":"https:\/\/roveyayinevi.com.tr\/index.php\/wp-json\/wp\/v2\/types\/product"}],"wp:attachment":[{"href":"https:\/\/roveyayinevi.com.tr\/index.php\/wp-json\/wp\/v2\/media?parent=747168"}],"wp:term":[{"taxonomy":"product_brand","embeddable":true,"href":"https:\/\/roveyayinevi.com.tr\/index.php\/wp-json\/wp\/v2\/product_brand?post=747168"},{"taxonomy":"product_cat","embeddable":true,"href":"https:\/\/roveyayinevi.com.tr\/index.php\/wp-json\/wp\/v2\/product_cat?post=747168"},{"taxonomy":"product_tag","embeddable":true,"href":"https:\/\/roveyayinevi.com.tr\/index.php\/wp-json\/wp\/v2\/product_tag?post=747168"}],"curies":[{"name":"wp","href":"https:\/\/api.w.org\/{rel}","templated":true}]}}