{"id":747166,"date":"2025-08-28T03:00:22","date_gmt":"2025-08-28T00:00:22","guid":{"rendered":"https:\/\/roveyayinevi.com.tr\/index.php\/urun\/demir-kelebek\/"},"modified":"2026-04-16T02:59:50","modified_gmt":"2026-04-15T23:59:50","slug":"demir-kelebek","status":"publish","type":"product","link":"https:\/\/roveyayinevi.com.tr\/index.php\/urun\/demir-kelebek\/","title":{"rendered":"Demir Kelebek"},"content":{"rendered":"<p>\u0130yili\u011fe Kanat \u00c7\u0131rpan Sosyal Sorumluluk \u00d6nc\u00fcs\u00fc S\u00f6zleri ve duru\u015fuyla pek \u00e7ok insana ilham kayna\u011f\u0131 olmu\u015f bir rol model. \u201c\u015eimdiki ya\u015fam\u0131m\u0131z\u0131n, kim oldu\u011fumuzun izlerini en fazla \u00e7ocuklukta bulabiliriz. Ebru\u2019nun \u00e7ocukluk masal\u0131nda da bug\u00fcne dair pek \u00e7ok ize rastlar\u0131z. E\u011fer d\u00fcnyaya geli\u015f amac\u0131m\u0131z varsa ya da b\u00f6yle bir amac\u0131n olmas\u0131 gerekti\u011finden bahsediyorsak, onun amac\u0131n\u0131n kesinlikle ba\u015fka insanlara \u0131\u015f\u0131k olmak oldu\u011funu s\u00f6yleyebilirim. Peki, sahiden de ba\u015fka insanlara \u0131\u015f\u0131k olmak m\u00fcmk\u00fcn m\u00fc? Ya kendi \u0131\u015f\u0131\u011f\u0131n\u0131n zay\u0131f d\u00fc\u015fme ihtimali&#8230; Ebru i\u00e7in b\u00f6yle bir ihtimal yok.\u201d Bu kitap, T\u00fcrkiye\u2019de ilk kez sistematik e\u015fya toplama kampanyalar\u0131n\u0131 ba\u015flatarak bunun \u00fclke \u00e7ap\u0131nda binlerce okulda, milyonlarca insanda al\u0131\u015fkanl\u0131k haline gelmesine \u00f6nc\u00fcl\u00fck etmi\u015f Ebru Nurluo\u011flu\u2019nun ya\u015fam\u0131ndan ilham veren kesitler sunmakta. Onun hik\u00e2yesini okumaya de\u011fer k\u0131lan \u015fey s\u00f6yledikleriyle yapt\u0131klar\u0131n\u0131 uyumland\u0131rmak ad\u0131na denemeyi deniyorum konseptine nas\u0131l sahip \u00e7\u0131kt\u0131\u011f\u0131na tan\u0131kl\u0131k etmi\u015f be\u015f y\u00fcze yak\u0131n insan\u0131n g\u00f6r\u00fc\u015fleriyle bu sat\u0131rlar\u0131n \u015fekillenmi\u015f olmas\u0131. Demir Kelebek &#8211; Ebru\u2019nun Hat\u0131ra Defteri bir biyografiden \u00e7ok daha \u00f6te. Ayy\u0131ld\u0131z\u2019\u0131n incelikle kaleme ald\u0131\u011f\u0131 bu kitap, kendinden eksilece\u011fini bile bile \u0131\u015f\u0131\u011f\u0131n\u0131 payla\u015fmaktan vazge\u00e7meyen; hayata dair s\u00f6z\u00fc olan birine kulak vermek isteyecek herkesin y\u00fcre\u011fini \u0131s\u0131tacak bir ser\u00fcven\u2026 \u0130\u00e7inizdeki iyilik yapma g\u00fcc\u00fcn\u00fc hareke ge\u00e7irmesi muhtemel sat\u0131rlar insanlardaki \u0131\u015f\u0131\u011f\u0131 fark etmenize de \u00f6n ayak olacak. Bu kitab\u0131 okudu\u011funuz i\u00e7in mutlu hissedeceksiniz. Ebru Nurluo\u011flu\u2019nu tan\u0131d\u0131\u011f\u0131n\u0131z i\u00e7in daha da mutlu&#8230; <\/p>\n","protected":false},"excerpt":{"rendered":"<p>\u0130yili\u011fe Kanat \u00c7\u0131rpan Sosyal Sorumluluk \u00d6nc\u00fcs\u00fc S\u00f6zleri ve duru\u015fuyla pek \u00e7ok insana ilham kayna\u011f\u0131 olmu\u015f bir rol model. \u201c\u015eimdiki ya\u015fam\u0131m\u0131z\u0131n, kim oldu\u011fumuzun izlerini en fazla \u00e7ocuklukta<span class=\"excerpt-hellip\"> [\u2026]<\/span><\/p>\n","protected":false},"featured_media":0,"template":"","meta":{"_monsterinsights_skip_tracking":false,"_monsterinsights_sitenote_active":false,"_monsterinsights_sitenote_note":"","_monsterinsights_sitenote_category":0},"product_brand":[],"product_cat":[14009,12291],"product_tag":[],"class_list":{"0":"post-747166","1":"product","2":"type-product","3":"status-publish","5":"product_cat-biyografi-otobiyografi-edebiyat","6":"product_cat-edebiyat","7":"pa_cilt-ciltsiz","8":"pa_tur-kitap","9":"pa_yayinevi-eksik-parca-yayinlari","10":"pa_yazar-derya-ayyildiz","12":"first","13":"instock","14":"sale","15":"shipping-taxable","16":"purchasable","17":"product-type-simple"},"_links":{"self":[{"href":"https:\/\/roveyayinevi.com.tr\/index.php\/wp-json\/wp\/v2\/product\/747166","targetHints":{"allow":["GET"]}}],"collection":[{"href":"https:\/\/roveyayinevi.com.tr\/index.php\/wp-json\/wp\/v2\/product"}],"about":[{"href":"https:\/\/roveyayinevi.com.tr\/index.php\/wp-json\/wp\/v2\/types\/product"}],"wp:attachment":[{"href":"https:\/\/roveyayinevi.com.tr\/index.php\/wp-json\/wp\/v2\/media?parent=747166"}],"wp:term":[{"taxonomy":"product_brand","embeddable":true,"href":"https:\/\/roveyayinevi.com.tr\/index.php\/wp-json\/wp\/v2\/product_brand?post=747166"},{"taxonomy":"product_cat","embeddable":true,"href":"https:\/\/roveyayinevi.com.tr\/index.php\/wp-json\/wp\/v2\/product_cat?post=747166"},{"taxonomy":"product_tag","embeddable":true,"href":"https:\/\/roveyayinevi.com.tr\/index.php\/wp-json\/wp\/v2\/product_tag?post=747166"}],"curies":[{"name":"wp","href":"https:\/\/api.w.org\/{rel}","templated":true}]}}