{"id":747159,"date":"2025-08-28T03:00:15","date_gmt":"2025-08-28T00:00:15","guid":{"rendered":"https:\/\/roveyayinevi.com.tr\/index.php\/urun\/ihsan-ozgen\/"},"modified":"2026-04-16T02:59:49","modified_gmt":"2026-04-15T23:59:49","slug":"ihsan-ozgen","status":"publish","type":"product","link":"https:\/\/roveyayinevi.com.tr\/index.php\/urun\/ihsan-ozgen\/","title":{"rendered":"\u0130hsan \u00d6zgen"},"content":{"rendered":"<p>\u0130hsan \u00d6zgen, Sanat\u0131 Ya\u015famak kitab\u0131nda \u201cSanat\u00e7\u0131 olmak kolay de\u011fildir, sanat\u0131 ya\u015famak ise ba\u015fka bir \u015fey. Ben ise sadece sanat denilen \u2018ev\u2019in bir konu\u011fuyum ve orada ya\u015famak istedim hayat\u0131m boyunca. Hepsi bundan ibaret.\u201d demi\u015fti. Bir ev olarak sanata s\u0131\u011f\u0131nan, onu yapan de\u011fil ya\u015fayan olman\u0131n arzusunu ya\u015fam\u0131 boyunca \u00fcst\u00fcnde ta\u015f\u0131yan \u0130hsan \u00d6zgen\u2019in yolculu\u011funa yak\u0131ndan tan\u0131k olaca\u011f\u0131n\u0131z bu kitap; m\u00fczik, resim ve edebiyat gibi pek \u00e7ok sanatla i\u00e7 i\u00e7e ge\u00e7mi\u015f tutkulu bir aray\u0131\u015f\u0131n izlerini de g\u00f6zler \u00f6n\u00fcne seriyor. T\u00fcrk m\u00fczi\u011finde \u00f6zellikle kemen\u00e7e virt\u00fc\u00f6z\u00fc olarak an\u0131lsa da kemen\u00e7enin yan\u0131 s\u0131ra tanbur, lavta ve viyolonselle yapt\u0131\u011f\u0131 icralar, saz m\u00fczi\u011fine olan yo\u011fun dikkatiyle beraber sanatta evrensel olanla kurmak istedi\u011fi ba\u011flant\u0131 \u0130hsan \u00d6zgen\u2019i tek bir s\u0131fatla anmam\u0131za m\u00e2ni oluyor. M\u00fczisyenli\u011fin yan\u0131nda ressaml\u0131k, deneme yazarl\u0131\u011f\u0131 ve kemen\u00e7e yap\u0131mc\u0131l\u0131\u011f\u0131 gibi bir\u00e7ok alanda kendi kabu\u011funu geni\u015fleterek ilerlemeyi se\u00e7mi\u015f \u00d6zgen\u2019in, sanat\u0131n\u0131 ve ya\u015fam\u0131n\u0131 nas\u0131l besledi\u011fi hem kendisinin hem de yolculu\u011funa e\u015flik eden yak\u0131nlar\u0131n\u0131n dilinden r\u00f6portajlar, belgeler ve foto\u011fraflarla anlat\u0131l\u0131yor. Bu kitap; ya\u015fam\u0131 seslerin, renklerin ve \u00e7izgilerin pe\u015finde ge\u00e7mi\u015f bir sanat\u00e7\u0131n\u0131n aray\u0131\u015f yolculu\u011funa e\u015flik etmek isteyen okurlar\u0131n\u0131 bekliyor. <\/p>\n","protected":false},"excerpt":{"rendered":"<p>\u0130hsan \u00d6zgen, Sanat\u0131 Ya\u015famak kitab\u0131nda \u201cSanat\u00e7\u0131 olmak kolay de\u011fildir, sanat\u0131 ya\u015famak ise ba\u015fka bir \u015fey. Ben ise sadece sanat denilen \u2018ev\u2019in bir konu\u011fuyum ve orada ya\u015famak<span class=\"excerpt-hellip\"> [\u2026]<\/span><\/p>\n","protected":false},"featured_media":0,"template":"","meta":{"_monsterinsights_skip_tracking":false,"_monsterinsights_sitenote_active":false,"_monsterinsights_sitenote_note":"","_monsterinsights_sitenote_category":0},"product_brand":[],"product_cat":[44608,12408],"product_tag":[],"class_list":{"0":"post-747159","1":"product","2":"type-product","3":"status-publish","5":"product_cat-diger-sanat","6":"product_cat-sanat","7":"pa_cilt-ciltsiz","8":"pa_tur-kitap","9":"pa_yayinevi-vakifbank-kultur-yayinlari","10":"pa_yazar-ahmet-yagmur-kucur","12":"first","13":"instock","14":"sale","15":"shipping-taxable","16":"purchasable","17":"product-type-simple"},"_links":{"self":[{"href":"https:\/\/roveyayinevi.com.tr\/index.php\/wp-json\/wp\/v2\/product\/747159","targetHints":{"allow":["GET"]}}],"collection":[{"href":"https:\/\/roveyayinevi.com.tr\/index.php\/wp-json\/wp\/v2\/product"}],"about":[{"href":"https:\/\/roveyayinevi.com.tr\/index.php\/wp-json\/wp\/v2\/types\/product"}],"wp:attachment":[{"href":"https:\/\/roveyayinevi.com.tr\/index.php\/wp-json\/wp\/v2\/media?parent=747159"}],"wp:term":[{"taxonomy":"product_brand","embeddable":true,"href":"https:\/\/roveyayinevi.com.tr\/index.php\/wp-json\/wp\/v2\/product_brand?post=747159"},{"taxonomy":"product_cat","embeddable":true,"href":"https:\/\/roveyayinevi.com.tr\/index.php\/wp-json\/wp\/v2\/product_cat?post=747159"},{"taxonomy":"product_tag","embeddable":true,"href":"https:\/\/roveyayinevi.com.tr\/index.php\/wp-json\/wp\/v2\/product_tag?post=747159"}],"curies":[{"name":"wp","href":"https:\/\/api.w.org\/{rel}","templated":true}]}}