{"id":747158,"date":"2025-08-28T03:00:14","date_gmt":"2025-08-28T00:00:14","guid":{"rendered":"https:\/\/roveyayinevi.com.tr\/index.php\/urun\/psychologie-de-leducation\/"},"modified":"2026-04-16T02:59:49","modified_gmt":"2026-04-15T23:59:49","slug":"psychologie-de-leducation","status":"publish","type":"product","link":"https:\/\/roveyayinevi.com.tr\/index.php\/urun\/psychologie-de-leducation\/","title":{"rendered":"Psychologie De L\u2019educat\u0131on"},"content":{"rendered":"<p>Sur la premi\u00e8re page de la traduction russe on lit: \u00abCette traduction a \u00e9t\u00e9 faite par le g\u00e9n\u00e9ral Serge Bouda\u00efevsky, sur le d\u00e9sir exprim\u00e9 par Son Altesse Imp\u00e9riale le grand-duc Constantin Constantinovich, pr\u00e9sident de l\u2019Acad\u00e9mie des Sciences et directeur des \u00c9coles militaires de la Russie. Bien d\u2019autres raisons, d\u2019ailleurs, s\u2019opposent \u00e0 la transformation de notre syst\u00e8me d\u2019\u00e9ducation. On les trouvera expos\u00e9es dans cet ouvrage. Elles montrent pourquoi les meilleures volont\u00e9s restent impuissantes aujourd\u2019hui. Une preuve nouvelle de cette impuissance me fut fournie dans la circonstance que voici: Apr\u00e8s la lecture d\u2019une des premi\u00e8res \u00e9ditions de mon livre, un \u00e9minent s\u00e9nateur, que je connaissais seulement de r\u00e9putation, le professeur L\u00e9on Labb\u00e9, membre de l\u2019Acad\u00e9mie des sciences et de l\u2019Acad\u00e9mie de m\u00e9decine, vint me voir pour m\u2019annoncer son intention de prononcer un discours \u00e9nergique au S\u00e9nat dans le but d\u2019obtenir la r\u00e9forme de notre enseignement. Le savant acad\u00e9micien revint plusieurs fois discuter ce sujet avec moi et il le discuta aussi avec quelques amis. Le r\u00e9sultat final de ces discussions fut que pour transformer notre syst\u00e8me d\u2019\u00e9ducation, il faudrait d\u2019abord changer l\u2019\u00e2me des professeurs, puis celle des parents, et enfin celle des \u00e9l\u00e8ves. Devant une pareille \u00e9vidence, l\u2019illustre s\u00e9nateur renon\u00e7a de lui-m\u00eame \u00e0 prononcer son discours. <\/p>\n","protected":false},"excerpt":{"rendered":"<p>Sur la premi\u00e8re page de la traduction russe on lit: \u00abCette traduction a \u00e9t\u00e9 faite par le g\u00e9n\u00e9ral Serge Bouda\u00efevsky, sur le d\u00e9sir exprim\u00e9 par Son<span class=\"excerpt-hellip\"> [\u2026]<\/span><\/p>\n","protected":false},"featured_media":0,"template":"","meta":{"_monsterinsights_skip_tracking":false,"_monsterinsights_sitenote_active":false,"_monsterinsights_sitenote_note":"","_monsterinsights_sitenote_category":0},"product_brand":[],"product_cat":[12357],"product_tag":[],"class_list":{"0":"post-747158","1":"product","2":"type-product","3":"status-publish","5":"product_cat-psikoloji","6":"pa_cilt-ciltsiz","7":"pa_tur-kitap","8":"pa_yayinevi-kirmizi-ada-yayinlari","9":"pa_yazar-gustave-le-bon","11":"first","12":"instock","13":"sale","14":"shipping-taxable","15":"purchasable","16":"product-type-simple"},"_links":{"self":[{"href":"https:\/\/roveyayinevi.com.tr\/index.php\/wp-json\/wp\/v2\/product\/747158","targetHints":{"allow":["GET"]}}],"collection":[{"href":"https:\/\/roveyayinevi.com.tr\/index.php\/wp-json\/wp\/v2\/product"}],"about":[{"href":"https:\/\/roveyayinevi.com.tr\/index.php\/wp-json\/wp\/v2\/types\/product"}],"wp:attachment":[{"href":"https:\/\/roveyayinevi.com.tr\/index.php\/wp-json\/wp\/v2\/media?parent=747158"}],"wp:term":[{"taxonomy":"product_brand","embeddable":true,"href":"https:\/\/roveyayinevi.com.tr\/index.php\/wp-json\/wp\/v2\/product_brand?post=747158"},{"taxonomy":"product_cat","embeddable":true,"href":"https:\/\/roveyayinevi.com.tr\/index.php\/wp-json\/wp\/v2\/product_cat?post=747158"},{"taxonomy":"product_tag","embeddable":true,"href":"https:\/\/roveyayinevi.com.tr\/index.php\/wp-json\/wp\/v2\/product_tag?post=747158"}],"curies":[{"name":"wp","href":"https:\/\/api.w.org\/{rel}","templated":true}]}}