{"id":747157,"date":"2025-08-28T03:00:13","date_gmt":"2025-08-28T00:00:13","guid":{"rendered":"https:\/\/roveyayinevi.com.tr\/index.php\/urun\/turkiyede-milli-bankaciligin-dogusu-1908-1918\/"},"modified":"2026-04-16T02:59:49","modified_gmt":"2026-04-15T23:59:49","slug":"turkiyede-milli-bankaciligin-dogusu-1908-1918","status":"publish","type":"product","link":"https:\/\/roveyayinevi.com.tr\/index.php\/urun\/turkiyede-milli-bankaciligin-dogusu-1908-1918\/","title":{"rendered":"T\u00fcrkiye\u2019de Milli Bankac\u0131l\u0131\u011f\u0131n Do\u011fu\u015fu 1908-1918"},"content":{"rendered":"<p>\u0130kinci Me\u015frutiyet d\u00f6neminde T\u00fcrk siyasi hayat\u0131nda milliyet\u00e7ilik \u00f6n plana \u00e7\u0131karken, \u00fclke ekonomisi de yeniden \u015fekillendi. \u0130ktisadi millile\u015fme kapsam\u0131nda T\u00fcrk bankac\u0131l\u0131k tarihinin yeni bir sayfas\u0131 a\u00e7\u0131l\u0131yordu. Milli sermayeli bankalar\u0131n kurulmas\u0131yla, Tanzimat d\u00f6neminde yabanc\u0131 bankalar\u0131n Osmanl\u0131 ekonomisindeki h\u00e2kimiyeti giderek milli bankalara ge\u00e7meye ba\u015flad\u0131. Bu yeni kurumlar, Cumhuriyet devrinin milli bankac\u0131l\u0131k anlay\u0131\u015f\u0131na da temel te\u015fkil edecekti. Cumhuriyet\u2019in ilan\u0131yla, T\u00fcrkiye \u0130\u015f Bankas\u0131\u2019na devredilen Osmanl\u0131 \u0130tibar-\u0131 Milli Bankas\u0131\u2019n\u0131n kurumsal \u00f6nc\u00fcl\u00fc\u011f\u00fcnde, yakla\u015f\u0131k on y\u0131ll\u0131k bir d\u00f6nemde ba\u015fta \u0130stanbul olmak \u00fczere Anadolu, Rumeli ve Arap vilayetlerinde, tar\u0131m ve sanayi kredileri veren unutulmu\u015f onlarca bankan\u0131n izleri bu kitapta s\u00fcr\u00fcl\u00fcyor. Bakanl\u0131klar ve Ziraat Bankas\u0131 vas\u0131tas\u0131yla sermayelerine katk\u0131 sa\u011flanan bu bankalar\u0131n ortak gayesi \u00fclkede yerli \u00fcretim ve yerli sermayedar\u0131n olu\u015fumunu temin etmekti. T\u00fcrkiye\u2019de Milli Bankac\u0131l\u0131\u011f\u0131n Do\u011fu\u015fu 1908-1918 yak\u0131n d\u00f6nem iktisat tarihimizin kaynak eserlerinden biri olacakt\u0131r. <\/p>\n","protected":false},"excerpt":{"rendered":"<p>\u0130kinci Me\u015frutiyet d\u00f6neminde T\u00fcrk siyasi hayat\u0131nda milliyet\u00e7ilik \u00f6n plana \u00e7\u0131karken, \u00fclke ekonomisi de yeniden \u015fekillendi. \u0130ktisadi millile\u015fme kapsam\u0131nda T\u00fcrk bankac\u0131l\u0131k tarihinin yeni bir sayfas\u0131 a\u00e7\u0131l\u0131yordu. Milli<span class=\"excerpt-hellip\"> [\u2026]<\/span><\/p>\n","protected":false},"featured_media":0,"template":"","meta":{"_monsterinsights_skip_tracking":false,"_monsterinsights_sitenote_active":false,"_monsterinsights_sitenote_note":"","_monsterinsights_sitenote_category":0},"product_brand":[],"product_cat":[12304,13650],"product_tag":[],"class_list":{"0":"post-747157","1":"product","2":"type-product","3":"status-publish","5":"product_cat-tarih","6":"product_cat-turk-tarihi-arastirmalari","7":"pa_cilt-ciltsiz","8":"pa_tur-kitap","9":"pa_yayinevi-vakifbank-kultur-yayinlari","10":"pa_yazar-aysegul-can","12":"first","13":"instock","14":"sale","15":"shipping-taxable","16":"purchasable","17":"product-type-simple"},"_links":{"self":[{"href":"https:\/\/roveyayinevi.com.tr\/index.php\/wp-json\/wp\/v2\/product\/747157","targetHints":{"allow":["GET"]}}],"collection":[{"href":"https:\/\/roveyayinevi.com.tr\/index.php\/wp-json\/wp\/v2\/product"}],"about":[{"href":"https:\/\/roveyayinevi.com.tr\/index.php\/wp-json\/wp\/v2\/types\/product"}],"wp:attachment":[{"href":"https:\/\/roveyayinevi.com.tr\/index.php\/wp-json\/wp\/v2\/media?parent=747157"}],"wp:term":[{"taxonomy":"product_brand","embeddable":true,"href":"https:\/\/roveyayinevi.com.tr\/index.php\/wp-json\/wp\/v2\/product_brand?post=747157"},{"taxonomy":"product_cat","embeddable":true,"href":"https:\/\/roveyayinevi.com.tr\/index.php\/wp-json\/wp\/v2\/product_cat?post=747157"},{"taxonomy":"product_tag","embeddable":true,"href":"https:\/\/roveyayinevi.com.tr\/index.php\/wp-json\/wp\/v2\/product_tag?post=747157"}],"curies":[{"name":"wp","href":"https:\/\/api.w.org\/{rel}","templated":true}]}}