{"id":747156,"date":"2025-08-28T03:00:12","date_gmt":"2025-08-28T00:00:12","guid":{"rendered":"https:\/\/roveyayinevi.com.tr\/index.php\/urun\/hayat-sarkilarla-guzel-muzik-ogretimi-icin-626-sarki\/"},"modified":"2025-11-05T08:49:36","modified_gmt":"2025-11-05T05:49:36","slug":"hayat-sarkilarla-guzel-muzik-ogretimi-icin-626-sarki","status":"publish","type":"product","link":"https:\/\/roveyayinevi.com.tr\/index.php\/urun\/hayat-sarkilarla-guzel-muzik-ogretimi-icin-626-sarki\/","title":{"rendered":"Hayat \u015eark\u0131larla G\u00fczel: M\u00fczik \u00d6\u011fretimi \u0130\u00e7in 626 \u015eark\u0131"},"content":{"rendered":"<p>D\u00fcnyada bilinen en b\u00fcy\u00fck potansiyel g\u00fc\u00e7 sevgidir. Sevgiyi bilimsel olarak ele alan ilk bilim insan\u0131 Buscaglia, \u201c\u0130nsan\u0131n b\u00fcy\u00fckl\u00fc\u011f\u00fc ve g\u00fcc\u00fc, ancak sevgisi kadard\u0131r. G\u00fc\u00e7s\u00fczl\u00fck, sevgi \u00fcretememektir,\u201d der. Sevgiyi insanlara iletebilmenin en etkili ve en anlaml\u0131 yolu \u015fark\u0131lard\u0131r. \u015eark\u0131lar, ini\u015fli \u00e7\u0131k\u0131\u015fl\u0131 c\u0131l\u0131z ses titre\u015fimleri olman\u0131n \u00e7ok \u00f6tesinde; s\u00f6zle, ritimle, armoniyle, m\u00fczikal dinamiklerle ku\u015fanarak \u00e2deta bir y\u0131ld\u0131z ya\u011fmuru gibi insan\u0131n ruhuna, g\u00f6nl\u00fcne akar. Hangi t\u00fcrden, hangi dilden olursa olsun t\u00fcm \u015fark\u0131lar; sevgi, sayg\u0131, g\u00fczellik, iyilik, dostluk, karde\u015flik, bar\u0131\u015f, payla\u015fma, dayan\u0131\u015fma, ho\u015fg\u00f6r\u00fc, d\u00fcr\u00fcstl\u00fck gibi y\u00fcce duygular kazand\u0131r\u0131r. M\u00fczik e\u011fitimcileri olarak yapaca\u011f\u0131m\u0131z tek \u015fey, bu enerjiyi \u00e7ocu\u011fun ya da gencin y\u00fcre\u011fine, beynine nak\u015fetmektir. Daha g\u00fczel bir d\u00fcnya i\u00e7in, umudum \u015fark\u0131larda. \u015eark\u0131lar, t\u00fcrk\u00fcler, mar\u015flar, aryalar s\u00f6ylensin ki, ar\u0131ns\u0131n insanlar k\u00f6t\u00fcl\u00fcklerden. \u015eark\u0131lar yay\u0131ls\u0131n ki, yay\u0131lmas\u0131n bencillik, k\u00f6t\u00fcl\u00fck, \u015fiddet, \u015eark\u0131lar k\u00f6klensin ki, beslenmesin \u00f6fke, kin, nefret!<\/p>\n","protected":false},"excerpt":{"rendered":"<p>D\u00fcnyada bilinen en b\u00fcy\u00fck potansiyel g\u00fc\u00e7 sevgidir. Sevgiyi bilimsel olarak ele alan ilk bilim insan\u0131 Buscaglia, \u201c\u0130nsan\u0131n b\u00fcy\u00fckl\u00fc\u011f\u00fc ve g\u00fcc\u00fc, ancak sevgisi kadard\u0131r. G\u00fc\u00e7s\u00fczl\u00fck, sevgi \u00fcretememektir,\u201d<span class=\"excerpt-hellip\"> [\u2026]<\/span><\/p>\n","protected":false},"featured_media":0,"template":"","meta":{"_monsterinsights_skip_tracking":false,"_monsterinsights_sitenote_active":false,"_monsterinsights_sitenote_note":"","_monsterinsights_sitenote_category":0},"product_brand":[],"product_cat":[14556,20810],"product_tag":[],"class_list":{"0":"post-747156","1":"product","2":"type-product","3":"status-publish","5":"product_cat-muzik","6":"product_cat-ogrenim-kitaplari","7":"pa_cilt-ciltsiz","8":"pa_tur-kitap","9":"pa_yayinevi-arkadas-yayinlari","10":"pa_yazar-salih-aydogan","12":"first","13":"instock","14":"sale","15":"shipping-taxable","16":"purchasable","17":"product-type-simple"},"_links":{"self":[{"href":"https:\/\/roveyayinevi.com.tr\/index.php\/wp-json\/wp\/v2\/product\/747156","targetHints":{"allow":["GET"]}}],"collection":[{"href":"https:\/\/roveyayinevi.com.tr\/index.php\/wp-json\/wp\/v2\/product"}],"about":[{"href":"https:\/\/roveyayinevi.com.tr\/index.php\/wp-json\/wp\/v2\/types\/product"}],"wp:attachment":[{"href":"https:\/\/roveyayinevi.com.tr\/index.php\/wp-json\/wp\/v2\/media?parent=747156"}],"wp:term":[{"taxonomy":"product_brand","embeddable":true,"href":"https:\/\/roveyayinevi.com.tr\/index.php\/wp-json\/wp\/v2\/product_brand?post=747156"},{"taxonomy":"product_cat","embeddable":true,"href":"https:\/\/roveyayinevi.com.tr\/index.php\/wp-json\/wp\/v2\/product_cat?post=747156"},{"taxonomy":"product_tag","embeddable":true,"href":"https:\/\/roveyayinevi.com.tr\/index.php\/wp-json\/wp\/v2\/product_tag?post=747156"}],"curies":[{"name":"wp","href":"https:\/\/api.w.org\/{rel}","templated":true}]}}