{"id":747152,"date":"2025-08-28T03:00:07","date_gmt":"2025-08-28T00:00:07","guid":{"rendered":"https:\/\/roveyayinevi.com.tr\/index.php\/urun\/kisa-metrajli-film\/"},"modified":"2026-04-16T02:59:49","modified_gmt":"2026-04-15T23:59:49","slug":"kisa-metrajli-film","status":"publish","type":"product","link":"https:\/\/roveyayinevi.com.tr\/index.php\/urun\/kisa-metrajli-film\/","title":{"rendered":"K\u0131sa Metrajl\u0131 Film"},"content":{"rendered":"<p>Hep \u00e7atlak ellerimiz, ayaklar\u0131m\u0131z G\u00f6zlerimiz ise iyi beslenememekten Bakar donuk donuk K\u00fc\u00e7\u00fcc\u00fck ellerimiz kalem yerine Nas\u0131r tutmu\u015f hep Umutlar\u0131m\u0131z\u0131 ise k\u00e2\u011f\u0131t yerine Tarlalara yazm\u0131\u015f\u0131z babadan miras Hi\u00e7bir zaman ikinci bir kalemimiz Olmam\u0131\u015f, defterimiz de Bu kaderi silip ba\u015ftan yazmak i\u00e7in Hatta bir, bir silgimiz bile\u2026<\/p>\n","protected":false},"excerpt":{"rendered":"<p>Hep \u00e7atlak ellerimiz, ayaklar\u0131m\u0131z G\u00f6zlerimiz ise iyi beslenememekten Bakar donuk donuk K\u00fc\u00e7\u00fcc\u00fck ellerimiz kalem yerine Nas\u0131r tutmu\u015f hep Umutlar\u0131m\u0131z\u0131 ise k\u00e2\u011f\u0131t yerine Tarlalara yazm\u0131\u015f\u0131z babadan miras<span class=\"excerpt-hellip\"> [\u2026]<\/span><\/p>\n","protected":false},"featured_media":0,"template":"","meta":{"_monsterinsights_skip_tracking":false,"_monsterinsights_sitenote_active":false,"_monsterinsights_sitenote_note":"","_monsterinsights_sitenote_category":0},"product_brand":[],"product_cat":[12291,12509],"product_tag":[],"class_list":{"0":"post-747152","1":"product","2":"type-product","3":"status-publish","5":"product_cat-edebiyat","6":"product_cat-siir","7":"pa_cilt-ciltsiz","8":"pa_tur-kitap","9":"pa_yayinevi-luna-yayinlari","10":"pa_yazar-hasan-kelkit","12":"first","13":"instock","14":"sale","15":"shipping-taxable","16":"purchasable","17":"product-type-simple"},"_links":{"self":[{"href":"https:\/\/roveyayinevi.com.tr\/index.php\/wp-json\/wp\/v2\/product\/747152","targetHints":{"allow":["GET"]}}],"collection":[{"href":"https:\/\/roveyayinevi.com.tr\/index.php\/wp-json\/wp\/v2\/product"}],"about":[{"href":"https:\/\/roveyayinevi.com.tr\/index.php\/wp-json\/wp\/v2\/types\/product"}],"wp:attachment":[{"href":"https:\/\/roveyayinevi.com.tr\/index.php\/wp-json\/wp\/v2\/media?parent=747152"}],"wp:term":[{"taxonomy":"product_brand","embeddable":true,"href":"https:\/\/roveyayinevi.com.tr\/index.php\/wp-json\/wp\/v2\/product_brand?post=747152"},{"taxonomy":"product_cat","embeddable":true,"href":"https:\/\/roveyayinevi.com.tr\/index.php\/wp-json\/wp\/v2\/product_cat?post=747152"},{"taxonomy":"product_tag","embeddable":true,"href":"https:\/\/roveyayinevi.com.tr\/index.php\/wp-json\/wp\/v2\/product_tag?post=747152"}],"curies":[{"name":"wp","href":"https:\/\/api.w.org\/{rel}","templated":true}]}}