{"id":747151,"date":"2025-08-28T03:00:06","date_gmt":"2025-08-28T00:00:06","guid":{"rendered":"https:\/\/roveyayinevi.com.tr\/index.php\/urun\/heybe-sosyal-hizmet-sosyal-politika-dergisi-sayi-4\/"},"modified":"2026-04-16T02:59:49","modified_gmt":"2026-04-15T23:59:49","slug":"heybe-sosyal-hizmet-sosyal-politika-dergisi-sayi-4","status":"publish","type":"product","link":"https:\/\/roveyayinevi.com.tr\/index.php\/urun\/heybe-sosyal-hizmet-sosyal-politika-dergisi-sayi-4\/","title":{"rendered":"Heybe Sosyal Hizmet, Sosyal Politika Dergisi Say\u0131: 4"},"content":{"rendered":"<p>Bu say\u0131da \u201cdo\u0308nu\u0308s\u0327u\u0308m\u201d kelimesine dilbilimsel bir bak\u0131s\u0327, c\u0327eviri is\u0327inin pek de du\u0308s\u0327u\u0308- nu\u0308lmeyen bir boyutu olarak gu\u0308nlu\u0308k yas\u0327ama ve sosyo politig\u0306e etkisi, insan haklar\u0131 alan\u0131ndaki deg\u0306is\u0327imler, sosyal politikadaki do\u0308nu\u0308s\u0327u\u0308mu\u0308n sosyal korumaya etkisi, sag\u0306- l\u0131k politikalar\u0131ndaki do\u0308nu\u0308s\u0327u\u0308mu\u0308n geldig\u0306i nokta, do\u0308nu\u0308s\u0327en, deg\u0306is\u0327en s\u0327artlarda umudu nas\u0131l bulabileceg\u0306imiz, yoksulluk olgusuna yaln\u0131zca gelir odakl\u0131 yaklas\u0327man\u0131n sonuc\u0327- lar\u0131, COVID-19 sonras\u0131 terapi su\u0308recinin evrildig\u0306i nokta, adli sosyal hizmet alan\u0131nda kad\u0131nlara ilis\u0327kin deg\u0306is\u0327imler ve son olarak c\u0327al\u0131s\u0327ma yas\u0327am\u0131ndaki do\u0308nu\u0308s\u0327u\u0308mlere ilis\u0327kin tart\u0131s\u0327malar\u0131n yer ald\u0131g\u0306\u0131 bir ic\u0327erik sizleri bekliyor. Her zamanki gibi bu say\u0131daki tart\u0131s\u0327malar\u0131n, deg\u0306is\u0327im ve do\u0308nu\u0308s\u0327u\u0308m u\u0308zerine du\u0308- s\u0327u\u0308nen, yas\u0327amlar\u0131n\u0131n farkl\u0131 alanlar\u0131nda olumlu ya da olumsuz bir bic\u0327imde bunu de- neyimleyen, sosyal hizmet\/sosyal politika alan\u0131nda c\u0327al\u0131s\u0327an ya da bu hizmetlerden faydalanan herkese katk\u0131 sag\u0306lamas\u0131 dileg\u0306imizle&#8230;  <\/p>\n","protected":false},"excerpt":{"rendered":"<p>Bu say\u0131da \u201cdo\u0308nu\u0308s\u0327u\u0308m\u201d kelimesine dilbilimsel bir bak\u0131s\u0327, c\u0327eviri is\u0327inin pek de du\u0308s\u0327u\u0308- nu\u0308lmeyen bir boyutu olarak gu\u0308nlu\u0308k yas\u0327ama ve sosyo politig\u0306e etkisi, insan haklar\u0131 alan\u0131ndaki deg\u0306is\u0327imler,<span class=\"excerpt-hellip\"> [\u2026]<\/span><\/p>\n","protected":false},"featured_media":0,"template":"","meta":{"_monsterinsights_skip_tracking":false,"_monsterinsights_sitenote_active":false,"_monsterinsights_sitenote_note":"","_monsterinsights_sitenote_category":0},"product_brand":[],"product_cat":[13527],"product_tag":[],"class_list":{"0":"post-747151","1":"product","2":"type-product","3":"status-publish","5":"product_cat-sureli-yayinlar","6":"pa_cilt-ciltsiz","7":"pa_tur-kitap","8":"pa_yayinevi-nika-yayinevi","9":"pa_yazar-kolektif","11":"first","12":"instock","13":"sale","14":"shipping-taxable","15":"purchasable","16":"product-type-simple"},"_links":{"self":[{"href":"https:\/\/roveyayinevi.com.tr\/index.php\/wp-json\/wp\/v2\/product\/747151","targetHints":{"allow":["GET"]}}],"collection":[{"href":"https:\/\/roveyayinevi.com.tr\/index.php\/wp-json\/wp\/v2\/product"}],"about":[{"href":"https:\/\/roveyayinevi.com.tr\/index.php\/wp-json\/wp\/v2\/types\/product"}],"wp:attachment":[{"href":"https:\/\/roveyayinevi.com.tr\/index.php\/wp-json\/wp\/v2\/media?parent=747151"}],"wp:term":[{"taxonomy":"product_brand","embeddable":true,"href":"https:\/\/roveyayinevi.com.tr\/index.php\/wp-json\/wp\/v2\/product_brand?post=747151"},{"taxonomy":"product_cat","embeddable":true,"href":"https:\/\/roveyayinevi.com.tr\/index.php\/wp-json\/wp\/v2\/product_cat?post=747151"},{"taxonomy":"product_tag","embeddable":true,"href":"https:\/\/roveyayinevi.com.tr\/index.php\/wp-json\/wp\/v2\/product_tag?post=747151"}],"curies":[{"name":"wp","href":"https:\/\/api.w.org\/{rel}","templated":true}]}}