{"id":747150,"date":"2025-08-28T03:00:05","date_gmt":"2025-08-28T00:00:05","guid":{"rendered":"https:\/\/roveyayinevi.com.tr\/index.php\/urun\/benim-hayatim-hep-boyle-mi-gececek\/"},"modified":"2026-04-16T02:59:49","modified_gmt":"2026-04-15T23:59:49","slug":"benim-hayatim-hep-boyle-mi-gececek","status":"publish","type":"product","link":"https:\/\/roveyayinevi.com.tr\/index.php\/urun\/benim-hayatim-hep-boyle-mi-gececek\/","title":{"rendered":"Benim Hayat\u0131m Hep B\u00f6yle Mi Ge\u00e7ecek?"},"content":{"rendered":"<p>\u201cBu kitab\u0131 okurken kar\u015f\u0131l\u0131kl\u0131 konu\u015ftu\u011fumuzu ve seansta oldu\u011fumuzu hissetmenizi arzu ettim.\u201d Son zamanlarda t\u00fcm d\u00fcnyada toplum sa\u011fl\u0131\u011f\u0131 i\u00e7in ciddi bir tehdit h\u00e2line gelen panik atak, modern hayat\u0131n yaratt\u0131\u011f\u0131 stres, belirsizlik, maddi ve manevi s\u0131k\u0131nt\u0131larla birlikte gittik\u00e7e daha \u00e7ok insan\u0131 etkilemektedir. Psikiyatr\/Psikoterapist Dr. \u0130brahim Bilgen bu kitab\u0131nda, panik atak ile ilgili yanl\u0131\u015f inan\u0131\u015f ve davran\u0131\u015flar\u0131 s\u0131ralayarak, bu konudaki \u00f6nemli noktalar\u0131n bilinmesini sa\u011flamay\u0131 ve sizlere \u00e7\u0131k\u0131\u015f yollar\u0131 sunmay\u0131 ama\u00e7lamaktad\u0131r. <\/p>\n","protected":false},"excerpt":{"rendered":"<p>\u201cBu kitab\u0131 okurken kar\u015f\u0131l\u0131kl\u0131 konu\u015ftu\u011fumuzu ve seansta oldu\u011fumuzu hissetmenizi arzu ettim.\u201d Son zamanlarda t\u00fcm d\u00fcnyada toplum sa\u011fl\u0131\u011f\u0131 i\u00e7in ciddi bir tehdit h\u00e2line gelen panik atak, modern<span class=\"excerpt-hellip\"> [\u2026]<\/span><\/p>\n","protected":false},"featured_media":0,"template":"","meta":{"_monsterinsights_skip_tracking":false,"_monsterinsights_sitenote_active":false,"_monsterinsights_sitenote_note":"","_monsterinsights_sitenote_category":0},"product_brand":[],"product_cat":[12357],"product_tag":[],"class_list":{"0":"post-747150","1":"product","2":"type-product","3":"status-publish","5":"product_cat-psikoloji","6":"pa_cilt-ciltsiz","7":"pa_tur-kitap","8":"pa_yayinevi-epsilon-yayinlari","9":"pa_yazar-ibrahim-bilgen","11":"first","12":"instock","13":"sale","14":"shipping-taxable","15":"purchasable","16":"product-type-simple"},"_links":{"self":[{"href":"https:\/\/roveyayinevi.com.tr\/index.php\/wp-json\/wp\/v2\/product\/747150","targetHints":{"allow":["GET"]}}],"collection":[{"href":"https:\/\/roveyayinevi.com.tr\/index.php\/wp-json\/wp\/v2\/product"}],"about":[{"href":"https:\/\/roveyayinevi.com.tr\/index.php\/wp-json\/wp\/v2\/types\/product"}],"wp:attachment":[{"href":"https:\/\/roveyayinevi.com.tr\/index.php\/wp-json\/wp\/v2\/media?parent=747150"}],"wp:term":[{"taxonomy":"product_brand","embeddable":true,"href":"https:\/\/roveyayinevi.com.tr\/index.php\/wp-json\/wp\/v2\/product_brand?post=747150"},{"taxonomy":"product_cat","embeddable":true,"href":"https:\/\/roveyayinevi.com.tr\/index.php\/wp-json\/wp\/v2\/product_cat?post=747150"},{"taxonomy":"product_tag","embeddable":true,"href":"https:\/\/roveyayinevi.com.tr\/index.php\/wp-json\/wp\/v2\/product_tag?post=747150"}],"curies":[{"name":"wp","href":"https:\/\/api.w.org\/{rel}","templated":true}]}}