{"id":747148,"date":"2025-08-28T03:00:02","date_gmt":"2025-08-28T00:00:02","guid":{"rendered":"https:\/\/roveyayinevi.com.tr\/index.php\/urun\/cekiyorum-oyle-kal-carsamba\/"},"modified":"2026-04-16T02:59:49","modified_gmt":"2026-04-15T23:59:49","slug":"cekiyorum-oyle-kal-carsamba","status":"publish","type":"product","link":"https:\/\/roveyayinevi.com.tr\/index.php\/urun\/cekiyorum-oyle-kal-carsamba\/","title":{"rendered":"\u00c7ekiyorum \u00d6yle Kal \u00c7ar\u015famba"},"content":{"rendered":"<p>Seslenirmi\u015f o g\u00fcn\u00fcn atanm\u0131\u015f simsar amcalar\u0131ndan biri, &#8216;\u00c7ar\u015fambii bi lirii, \u00c7ar\u015fambii bi lirii, cetten bilem f\u0131zl\u0131m gidii.&#8221; Devam edermi\u015f sonra, &#8216;D\u00f6llere para yook, d\u00f6llere para yook&#8217; diyerek. Atarm\u0131\u015f g\u00fcbbedek, , Samsun&#8217;dan \u00c7ar\u015fambaya gidecek yolcular\u0131 bir arabadan i\u00e7eri. Al\u0131nmazm\u0131\u015f para, giderse e\u011fer \u00e7ocuk kucakta. Derse ki yolcu, &#8216;Bu goca d\u00f6l la garde\u015fim nas\u0131 gitsin gucakta?&#8217;  O da dermi\u015f o zaman, &#8216;Vercen parii gaymaam su yakmii la bu araba.&#8217; <\/p>\n","protected":false},"excerpt":{"rendered":"<p>Seslenirmi\u015f o g\u00fcn\u00fcn atanm\u0131\u015f simsar amcalar\u0131ndan biri, &#8216;\u00c7ar\u015fambii bi lirii, \u00c7ar\u015fambii bi lirii, cetten bilem f\u0131zl\u0131m gidii.&#8221; Devam edermi\u015f sonra, &#8216;D\u00f6llere para yook, d\u00f6llere para yook&#8217;<span class=\"excerpt-hellip\"> [\u2026]<\/span><\/p>\n","protected":false},"featured_media":0,"template":"","meta":{"_monsterinsights_skip_tracking":false,"_monsterinsights_sitenote_active":false,"_monsterinsights_sitenote_note":"","_monsterinsights_sitenote_category":0},"product_brand":[],"product_cat":[18545,12291],"product_tag":[],"class_list":{"0":"post-747148","1":"product","2":"type-product","3":"status-publish","5":"product_cat-anlati","6":"product_cat-edebiyat","7":"pa_cilt-ciltsiz","8":"pa_tur-kitap","9":"pa_yayinevi-somut-yayinlari","10":"pa_yazar-nedim-ozpolat","12":"first","13":"instock","14":"sale","15":"shipping-taxable","16":"purchasable","17":"product-type-simple"},"_links":{"self":[{"href":"https:\/\/roveyayinevi.com.tr\/index.php\/wp-json\/wp\/v2\/product\/747148","targetHints":{"allow":["GET"]}}],"collection":[{"href":"https:\/\/roveyayinevi.com.tr\/index.php\/wp-json\/wp\/v2\/product"}],"about":[{"href":"https:\/\/roveyayinevi.com.tr\/index.php\/wp-json\/wp\/v2\/types\/product"}],"wp:attachment":[{"href":"https:\/\/roveyayinevi.com.tr\/index.php\/wp-json\/wp\/v2\/media?parent=747148"}],"wp:term":[{"taxonomy":"product_brand","embeddable":true,"href":"https:\/\/roveyayinevi.com.tr\/index.php\/wp-json\/wp\/v2\/product_brand?post=747148"},{"taxonomy":"product_cat","embeddable":true,"href":"https:\/\/roveyayinevi.com.tr\/index.php\/wp-json\/wp\/v2\/product_cat?post=747148"},{"taxonomy":"product_tag","embeddable":true,"href":"https:\/\/roveyayinevi.com.tr\/index.php\/wp-json\/wp\/v2\/product_tag?post=747148"}],"curies":[{"name":"wp","href":"https:\/\/api.w.org\/{rel}","templated":true}]}}