{"id":747142,"date":"2025-08-28T02:59:53","date_gmt":"2025-08-27T23:59:53","guid":{"rendered":"https:\/\/roveyayinevi.com.tr\/index.php\/urun\/ezber-bozan-hayat-ciltli\/"},"modified":"2026-04-16T02:59:48","modified_gmt":"2026-04-15T23:59:48","slug":"ezber-bozan-hayat-ciltli","status":"publish","type":"product","link":"https:\/\/roveyayinevi.com.tr\/index.php\/urun\/ezber-bozan-hayat-ciltli\/","title":{"rendered":"Ezber Bozan Hayat (Ciltli)"},"content":{"rendered":"<p>Psikiyatri profes\u00f6r\u00fc, emekli albay, yazar, aktivist, \u00dcsk\u00fcdar \u00dcniversitesi kurucu rekt\u00f6r\u00fc, yenilik\u00e7i bir akademisyen, giri\u015fimci bir doktor; Nevzat Tarhan.Merzifon\u2019dan ba\u015flay\u0131p Kuleli Askeri Lisesi\u2019ne oradan Cerrahpa\u015fa T\u0131p Fak\u00fcltesi\u2019ne ve \u00fclkenin pek \u00e7ok \u015fehrine uzanan askerlik ve hekimlik y\u0131llar\u0131, akademide yap\u0131lan hummal\u0131 \u00e7al\u0131\u015fmalar, otuzu a\u015fk\u0131n kitap, binlerce at\u0131f, \u015fifas\u0131na vesile olunan on binlerce hasta ve hayata at\u0131lmas\u0131na destek verdi\u011fi say\u0131s\u0131z \u00f6\u011frenci\u2026Prof. Dr. Nevzat Tarhan Ezber Bozan Hayat\u2019ta yetmi\u015f y\u0131la s\u0131\u011fd\u0131rd\u0131\u011f\u0131 onca tecr\u00fcbeyi, ailesini, e\u011fitim hayat\u0131n\u0131, \u00fcniversite ve askeriye y\u0131llar\u0131n\u0131, askeriyeden emekli olduktan sonra \u00fclkenin ilk \u00f6zel psikiyatri hastanesine ve ilk tematik \u00fcniversitesine uzanan yolculu\u011funu anlat\u0131yor.Ailesi, sosyal \u00e7evresi, e\u011fitim hayat\u0131, anlam aray\u0131\u015f\u0131, aile olmaya verdi\u011fi \u00f6nem, m\u00fccadeleci duru\u015fu ve ba\u015far\u0131 hik\u00e2yesi, T\u00fcrkiye\u2019nin zor d\u00f6nemleri ve demokrasi m\u00fccadelesi, inan\u00e7-bilim ili\u015fkisi, zaman\u0131n ruhunu yakalama \u00e7abas\u0131, dijital d\u00fcnya, sosyal medya ve Z ku\u015fa\u011f\u0131na bak\u0131\u015f\u0131n\u0131 ezber bozan bir bak\u0131\u015f a\u00e7\u0131s\u0131yla ve samimi bir dille okurlar\u0131yla payla\u015f\u0131yor.<\/p>\n","protected":false},"excerpt":{"rendered":"<p>Psikiyatri profes\u00f6r\u00fc, emekli albay, yazar, aktivist, \u00dcsk\u00fcdar \u00dcniversitesi kurucu rekt\u00f6r\u00fc, yenilik\u00e7i bir akademisyen, giri\u015fimci bir doktor; Nevzat Tarhan.Merzifon\u2019dan ba\u015flay\u0131p Kuleli Askeri Lisesi\u2019ne oradan Cerrahpa\u015fa T\u0131p Fak\u00fcltesi\u2019ne<span class=\"excerpt-hellip\"> [\u2026]<\/span><\/p>\n","protected":false},"featured_media":0,"template":"","meta":{"_monsterinsights_skip_tracking":false,"_monsterinsights_sitenote_active":false,"_monsterinsights_sitenote_note":"","_monsterinsights_sitenote_category":0},"product_brand":[],"product_cat":[12291,30969],"product_tag":[],"class_list":{"0":"post-747142","1":"product","2":"type-product","3":"status-publish","5":"product_cat-edebiyat","6":"product_cat-soylesi-edebiyat","7":"pa_cilt-ciltli","8":"pa_tur-kitap","9":"pa_yayinevi-timas-yayinlari","10":"pa_yazar-nevzat-tarhan","12":"first","13":"instock","14":"sale","15":"shipping-taxable","16":"purchasable","17":"product-type-simple"},"_links":{"self":[{"href":"https:\/\/roveyayinevi.com.tr\/index.php\/wp-json\/wp\/v2\/product\/747142","targetHints":{"allow":["GET"]}}],"collection":[{"href":"https:\/\/roveyayinevi.com.tr\/index.php\/wp-json\/wp\/v2\/product"}],"about":[{"href":"https:\/\/roveyayinevi.com.tr\/index.php\/wp-json\/wp\/v2\/types\/product"}],"wp:attachment":[{"href":"https:\/\/roveyayinevi.com.tr\/index.php\/wp-json\/wp\/v2\/media?parent=747142"}],"wp:term":[{"taxonomy":"product_brand","embeddable":true,"href":"https:\/\/roveyayinevi.com.tr\/index.php\/wp-json\/wp\/v2\/product_brand?post=747142"},{"taxonomy":"product_cat","embeddable":true,"href":"https:\/\/roveyayinevi.com.tr\/index.php\/wp-json\/wp\/v2\/product_cat?post=747142"},{"taxonomy":"product_tag","embeddable":true,"href":"https:\/\/roveyayinevi.com.tr\/index.php\/wp-json\/wp\/v2\/product_tag?post=747142"}],"curies":[{"name":"wp","href":"https:\/\/api.w.org\/{rel}","templated":true}]}}