{"id":747137,"date":"2025-08-28T02:59:46","date_gmt":"2025-08-27T23:59:46","guid":{"rendered":"https:\/\/roveyayinevi.com.tr\/index.php\/urun\/ben-leonardo-da-vinci-dunyayi-degistiren-siradan-insanlar\/"},"modified":"2026-04-16T02:59:48","modified_gmt":"2026-04-15T23:59:48","slug":"ben-leonardo-da-vinci-dunyayi-degistiren-siradan-insanlar","status":"publish","type":"product","link":"https:\/\/roveyayinevi.com.tr\/index.php\/urun\/ben-leonardo-da-vinci-dunyayi-degistiren-siradan-insanlar\/","title":{"rendered":"Ben Leonardo da Vinci &#8211; D\u00fcnyay\u0131 De\u011fi\u015ftiren S\u0131radan \u0130nsanlar"},"content":{"rendered":"<p>Yeni fikirler ortaya atman\u0131n \u00f6nemini biliyorum. L eonardo da Vinci, gelmi\u015f ge\u00e7mi\u015f en b\u00fcy\u00fck sanat\u00e7\u0131 ve mucitlerden biriydi. \u00c7ocuklu\u011fundan itibaren \u00e7ok merakl\u0131yd\u0131 ve m\u00fcthi\u015f bir g\u00f6zlem yetene\u011fine sahipti. Leonardo\u2019nun merak etmedi\u011fi hi\u00e7bir \u015fey yoktu! Bilimi, do\u011fay\u0131, mimariyi, m\u00fczi\u011fi, matemati\u011fi ve tabii ki sanat\u0131 \u00e7ok seviyordu. \u00c7izimleri, resimleri, heykelleri ve yeni fikirleri \u00fczerinde saatlerce \u00e7al\u0131\u015f\u0131rd\u0131. O y\u0131llarda hi\u00e7 kimsenin hayal bile edemedi\u011fi ve herkesin tuhaf kar\u015f\u0131lad\u0131\u011f\u0131, u\u00e7ma makineleri, dalg\u0131\u00e7 k\u0131yafetleri gibi fikirleri ve tasar\u0131mlar\u0131 vard\u0131. Be\u015f y\u00fcz y\u0131l sonra bug\u00fcn, teknoloji ve yenilikler Leonardo\u2019nun t\u00fcm icatlar\u0131n\u0131n i\u015fe yarad\u0131\u011f\u0131n\u0131 kan\u0131tlam\u0131\u015f bulunuyor! Ba\u015fyap\u0131t\u0131 Mona Lisa ise, d\u00fcnyan\u0131n en \u00fcnl\u00fc tablolar\u0131ndan biri!   \u201cD\u00fcnyay\u0131 De\u011fi\u015ftiren S\u0131radan \u0130nsanlar\u201d dizisinde hayallerinin pe\u015finden cesaretle giden kahramanlar\u0131 yak\u0131ndan tan\u0131yacak; b\u00fcy\u00fck ba\u015far\u0131lara nas\u0131l imza att\u0131klar\u0131n\u0131 \u00f6\u011frenece\u011fiz. <\/p>\n","protected":false},"excerpt":{"rendered":"<p>Yeni fikirler ortaya atman\u0131n \u00f6nemini biliyorum. L eonardo da Vinci, gelmi\u015f ge\u00e7mi\u015f en b\u00fcy\u00fck sanat\u00e7\u0131 ve mucitlerden biriydi. \u00c7ocuklu\u011fundan itibaren \u00e7ok merakl\u0131yd\u0131 ve m\u00fcthi\u015f bir g\u00f6zlem<span class=\"excerpt-hellip\"> [\u2026]<\/span><\/p>\n","protected":false},"featured_media":0,"template":"","meta":{"_monsterinsights_skip_tracking":false,"_monsterinsights_sitenote_active":false,"_monsterinsights_sitenote_note":"","_monsterinsights_sitenote_category":0},"product_brand":[],"product_cat":[12274,15842],"product_tag":[],"class_list":{"0":"post-747137","1":"product","2":"type-product","3":"status-publish","5":"product_cat-cocuk-ve-genclik-kitaplari","6":"product_cat-egitici-kitaplar","7":"pa_cilt-ciltsiz","8":"pa_tur-kitap","9":"pa_yayinevi-indigo-cocuk","10":"pa_yazar-brad-meltzer","12":"first","13":"instock","14":"sale","15":"shipping-taxable","16":"purchasable","17":"product-type-simple"},"_links":{"self":[{"href":"https:\/\/roveyayinevi.com.tr\/index.php\/wp-json\/wp\/v2\/product\/747137","targetHints":{"allow":["GET"]}}],"collection":[{"href":"https:\/\/roveyayinevi.com.tr\/index.php\/wp-json\/wp\/v2\/product"}],"about":[{"href":"https:\/\/roveyayinevi.com.tr\/index.php\/wp-json\/wp\/v2\/types\/product"}],"wp:attachment":[{"href":"https:\/\/roveyayinevi.com.tr\/index.php\/wp-json\/wp\/v2\/media?parent=747137"}],"wp:term":[{"taxonomy":"product_brand","embeddable":true,"href":"https:\/\/roveyayinevi.com.tr\/index.php\/wp-json\/wp\/v2\/product_brand?post=747137"},{"taxonomy":"product_cat","embeddable":true,"href":"https:\/\/roveyayinevi.com.tr\/index.php\/wp-json\/wp\/v2\/product_cat?post=747137"},{"taxonomy":"product_tag","embeddable":true,"href":"https:\/\/roveyayinevi.com.tr\/index.php\/wp-json\/wp\/v2\/product_tag?post=747137"}],"curies":[{"name":"wp","href":"https:\/\/api.w.org\/{rel}","templated":true}]}}