{"id":747134,"date":"2025-08-28T02:59:43","date_gmt":"2025-08-27T23:59:43","guid":{"rendered":"https:\/\/roveyayinevi.com.tr\/index.php\/urun\/bilim-ve-bilgi-sosyolojisi\/"},"modified":"2026-04-16T02:59:48","modified_gmt":"2026-04-15T23:59:48","slug":"bilim-ve-bilgi-sosyolojisi","status":"publish","type":"product","link":"https:\/\/roveyayinevi.com.tr\/index.php\/urun\/bilim-ve-bilgi-sosyolojisi\/","title":{"rendered":"Bilim ve Bilgi Sosyolojisi"},"content":{"rendered":"<p>Bilimsel bilgi ne \u00f6l\u00e7\u00fcde sosyal hayat\u0131n bir \u00fcr\u00fcn\u00fcd\u00fcr? Bilimin vard\u0131\u011f\u0131 sonu\u00e7lar, bilim insanlar\u0131n\u0131n i\u00e7inde ya\u015fad\u0131klar\u0131 toplumlardan, onlar\u0131n \u00f6nyarg\u0131lar\u0131ndan, duygular\u0131ndan, beklentilerinden ve d\u00fcnyaya bak\u0131\u015flar\u0131ndan ba\u011f\u0131ms\u0131z m\u0131d\u0131r? Bilim, sosyolojinin me\u015fru bir ara\u015ft\u0131rma nesnesi olabilir mi? Yoksa bilimi di\u011fer insan etkinliklerinden ay\u0131ran, ona dokunulmaz bir nesnellik bah\u015feden bir yan\u0131 m\u0131 var? Bilim sosyolojisi alan\u0131nda en \u00f6nemli isimlerden biri say\u0131lan Michael Mulkay, bu kitapta, son \u00fc\u00e7 y\u00fczy\u0131ld\u0131r g\u00f6z kama\u015ft\u0131r\u0131c\u0131 ba\u015far\u0131lara imza atm\u0131\u015f bilimsel etkinli\u011fe ve onun \u00fcr\u00fcnlerine bir sosyal bilimcinin g\u00f6z\u00fcyle nas\u0131l bak\u0131laca\u011f\u0131n\u0131 g\u00f6steriyor. Bilimin di\u011fer bilme ve bilgi bi\u00e7imlerinden ayr\u0131lan \u00f6zel bir etkinlik olarak g\u00f6r\u00fclmesine izin vermi\u015f felsefi varsay\u0131mlar\u0131 g\u00fcn y\u00fcz\u00fcne \u00e7\u0131kararak, bilimsel bilgiyi sosyolojik analizin kapsam\u0131n\u0131n d\u0131\u015f\u0131nda b\u0131rakman\u0131n makul bir zemini olmad\u0131\u011f\u0131n\u0131 g\u00f6steriyor. Bilgi edinme s\u00fcre\u00e7leri, olgu\/kuram ikili\u011fi, g\u00f6zlemcinin toplumsal konumunun bilgi edinme s\u00fcre\u00e7leri \u00fczerindeki etkisi gibi, bu alan\u0131n g\u00fc\u00e7 sorunlar\u0131n\u0131 g\u00fcncel bilimsel ba\u015far\u0131 \u00f6rneklerinden hareketle ele al\u0131yor. Bilginin de m\u00fczakerelerle \u00fcretilen toplumsal bir \u00fcr\u00fcn oldu\u011funu, sosyal bilimlerle ilgilenen herkesin anlayabilece\u011fi bir dille ortaya koyuyor.  <\/p>\n","protected":false},"excerpt":{"rendered":"<p>Bilimsel bilgi ne \u00f6l\u00e7\u00fcde sosyal hayat\u0131n bir \u00fcr\u00fcn\u00fcd\u00fcr? Bilimin vard\u0131\u011f\u0131 sonu\u00e7lar, bilim insanlar\u0131n\u0131n i\u00e7inde ya\u015fad\u0131klar\u0131 toplumlardan, onlar\u0131n \u00f6nyarg\u0131lar\u0131ndan, duygular\u0131ndan, beklentilerinden ve d\u00fcnyaya bak\u0131\u015flar\u0131ndan ba\u011f\u0131ms\u0131z m\u0131d\u0131r? Bilim,<span class=\"excerpt-hellip\"> [\u2026]<\/span><\/p>\n","protected":false},"featured_media":0,"template":"","meta":{"_monsterinsights_skip_tracking":false,"_monsterinsights_sitenote_active":false,"_monsterinsights_sitenote_note":"","_monsterinsights_sitenote_category":0},"product_brand":[],"product_cat":[12324],"product_tag":[],"class_list":{"0":"post-747134","1":"product","2":"type-product","3":"status-publish","5":"product_cat-sosyoloji","6":"pa_cilt-ciltsiz","7":"pa_tur-kitap","8":"pa_yayinevi-fol-kitap","9":"pa_yazar-michael-mulkay","11":"first","12":"instock","13":"sale","14":"shipping-taxable","15":"purchasable","16":"product-type-simple"},"_links":{"self":[{"href":"https:\/\/roveyayinevi.com.tr\/index.php\/wp-json\/wp\/v2\/product\/747134","targetHints":{"allow":["GET"]}}],"collection":[{"href":"https:\/\/roveyayinevi.com.tr\/index.php\/wp-json\/wp\/v2\/product"}],"about":[{"href":"https:\/\/roveyayinevi.com.tr\/index.php\/wp-json\/wp\/v2\/types\/product"}],"wp:attachment":[{"href":"https:\/\/roveyayinevi.com.tr\/index.php\/wp-json\/wp\/v2\/media?parent=747134"}],"wp:term":[{"taxonomy":"product_brand","embeddable":true,"href":"https:\/\/roveyayinevi.com.tr\/index.php\/wp-json\/wp\/v2\/product_brand?post=747134"},{"taxonomy":"product_cat","embeddable":true,"href":"https:\/\/roveyayinevi.com.tr\/index.php\/wp-json\/wp\/v2\/product_cat?post=747134"},{"taxonomy":"product_tag","embeddable":true,"href":"https:\/\/roveyayinevi.com.tr\/index.php\/wp-json\/wp\/v2\/product_tag?post=747134"}],"curies":[{"name":"wp","href":"https:\/\/api.w.org\/{rel}","templated":true}]}}