{"id":747133,"date":"2025-08-28T02:59:42","date_gmt":"2025-08-27T23:59:42","guid":{"rendered":"https:\/\/roveyayinevi.com.tr\/index.php\/urun\/cinsiyet-toplumsal-cinsiyet-ve-cinsellikler-feminist-teoriye-giris\/"},"modified":"2026-04-16T02:59:48","modified_gmt":"2026-04-15T23:59:48","slug":"cinsiyet-toplumsal-cinsiyet-ve-cinsellikler-feminist-teoriye-giris","status":"publish","type":"product","link":"https:\/\/roveyayinevi.com.tr\/index.php\/urun\/cinsiyet-toplumsal-cinsiyet-ve-cinsellikler-feminist-teoriye-giris\/","title":{"rendered":"Cinsiyet, Toplumsal Cinsiyet ve Cinsellikler \u2013 Feminist Teoriye Giri\u015f"},"content":{"rendered":"<p>Feminizm dalga dalga yay\u0131l\u0131yor. Her yeni dalga yeni bir devrimi de beraberinde getiriyor. Peki, erkek egemen toplumlar\u0131n k\u0131y\u0131lar\u0131n\u0131 a\u015f\u0131nd\u0131ran bu devrimci dalgalar bug\u00fcne kadar neleri de\u011fi\u015ftirdi? Kad\u0131nlar\u0131n birlik olarak elde ettikleri kazan\u0131mlar bug\u00fcn hangi noktada duruyor? Feminist ak\u0131mlar\u0131n d\u00fcmen suyunda \u015fekillenen 21. y\u00fczy\u0131l\u0131n yeni d\u00fcnyas\u0131 ne gibi yenilikler getiriyor? Bu kitap feminist hareketlerin temel \u00e7\u0131k\u0131\u015f noktalar\u0131n\u0131, cinsiyet, toplumsal cinsiyet ve cinsellik etraf\u0131nda d\u00f6nen hararetli tart\u0131\u015fmalar\u0131, \u00e7at\u0131\u015fmalar\u0131 ve anla\u015fmazl\u0131klar\u0131 sade bir dille ve g\u00fcncel \u00f6rnekler \u00fczerinden anlat\u0131yor. Bir kad\u0131n hareketinden az\u0131nl\u0131klar\u0131 kucaklayan kitlesel bir direni\u015fe giden yolda feminist ak\u0131mlar\u0131n farkl\u0131 cinsel kimliklere sahip insanlarla kurabilecekleri ittifaklar\u0131n rengini ortaya koyuyor.  Bask\u0131 odaklar\u0131n\u0131n kesi\u015fti\u011fi yerde kad\u0131nlar\u0131n, geylerin, lezbiyenlerin, hatta erkek egemen toplumun bask\u0131s\u0131ndan y\u0131lm\u0131\u015f erkeklerin kendilerine yeni yollar \u00e7izebilmelerine izin veren bir k\u0131lavuz g\u00f6revi de g\u00f6r\u00fcyor.<\/p>\n","protected":false},"excerpt":{"rendered":"<p>Feminizm dalga dalga yay\u0131l\u0131yor. Her yeni dalga yeni bir devrimi de beraberinde getiriyor. Peki, erkek egemen toplumlar\u0131n k\u0131y\u0131lar\u0131n\u0131 a\u015f\u0131nd\u0131ran bu devrimci dalgalar bug\u00fcne kadar neleri de\u011fi\u015ftirdi?<span class=\"excerpt-hellip\"> [\u2026]<\/span><\/p>\n","protected":false},"featured_media":0,"template":"","meta":{"_monsterinsights_skip_tracking":false,"_monsterinsights_sitenote_active":false,"_monsterinsights_sitenote_note":"","_monsterinsights_sitenote_category":0},"product_brand":[],"product_cat":[12325,12324],"product_tag":[],"class_list":{"0":"post-747133","1":"product","2":"type-product","3":"status-publish","5":"product_cat-diger-sosyoloji","6":"product_cat-sosyoloji","7":"pa_cilt-ciltsiz","8":"pa_tur-kitap","9":"pa_yayinevi-fol-kitap","10":"pa_yazar-elsa-dorlin","12":"first","13":"instock","14":"sale","15":"shipping-taxable","16":"purchasable","17":"product-type-simple"},"_links":{"self":[{"href":"https:\/\/roveyayinevi.com.tr\/index.php\/wp-json\/wp\/v2\/product\/747133","targetHints":{"allow":["GET"]}}],"collection":[{"href":"https:\/\/roveyayinevi.com.tr\/index.php\/wp-json\/wp\/v2\/product"}],"about":[{"href":"https:\/\/roveyayinevi.com.tr\/index.php\/wp-json\/wp\/v2\/types\/product"}],"wp:attachment":[{"href":"https:\/\/roveyayinevi.com.tr\/index.php\/wp-json\/wp\/v2\/media?parent=747133"}],"wp:term":[{"taxonomy":"product_brand","embeddable":true,"href":"https:\/\/roveyayinevi.com.tr\/index.php\/wp-json\/wp\/v2\/product_brand?post=747133"},{"taxonomy":"product_cat","embeddable":true,"href":"https:\/\/roveyayinevi.com.tr\/index.php\/wp-json\/wp\/v2\/product_cat?post=747133"},{"taxonomy":"product_tag","embeddable":true,"href":"https:\/\/roveyayinevi.com.tr\/index.php\/wp-json\/wp\/v2\/product_tag?post=747133"}],"curies":[{"name":"wp","href":"https:\/\/api.w.org\/{rel}","templated":true}]}}