{"id":747132,"date":"2025-08-28T02:59:41","date_gmt":"2025-08-27T23:59:41","guid":{"rendered":"https:\/\/roveyayinevi.com.tr\/index.php\/urun\/adan-zye-aromaterapi-karisimlari-6\/"},"modified":"2026-04-16T02:59:47","modified_gmt":"2026-04-15T23:59:47","slug":"adan-zye-aromaterapi-karisimlari-6","status":"publish","type":"product","link":"https:\/\/roveyayinevi.com.tr\/index.php\/urun\/adan-zye-aromaterapi-karisimlari-6\/","title":{"rendered":"A\u2019dan Z\u2019ye Aromaterapi Kar\u0131\u015f\u0131mlar\u0131 \u2013 6"},"content":{"rendered":"<p>A\u011f\u0131z, Di\u015f ve Damar Sa\u011fl\u0131\u011f\u0131, Do\u011fum \u00d6ncesi ve Sonras\u0131 Bak\u0131m, \u00d6dem, Prostat, Sistit   Alan\u0131nda \u00e7ok satan kitaplar\u0131n yazarl\u0131\u011f\u0131n\u0131 yapan d\u00f6rt profes\u00f6rden t\u0131bbi bitkiler, u\u00e7ucu ya\u011flar ve do\u011fal \u00fcr\u00fcnlerle sa\u011fl\u0131\u011f\u0131n\u0131z\u0131 korumaya yard\u0131mc\u0131 olacak 164 \u00f6zg\u00fcn kar\u0131\u015f\u0131m\u2026  Kokulu t\u0131bbi bitkilerin do\u011fal bile\u015fenlerinden olan u\u00e7ucu ya\u011flar, insan sa\u011fl\u0131\u011f\u0131n\u0131 ve ruh halini iyile\u015ftirmek amac\u0131yla binlerce y\u0131ldan bu yana kullan\u0131lmaktad\u0131r.\u0130lerleyen teknoloji ve bilimsel ara\u015ft\u0131rmalar, bu bitkilerin etkinli\u011fini, g\u00fcvenilirli\u011fini ve kalitesini ortaya koymu\u015ftur.Aromaterapi uygulamalar\u0131 \u00e7er\u00e7evesinde baz\u0131 u\u00e7ucu ya\u011flar\u0131n do\u011frudan veya kar\u0131\u015f\u0131mlar halinde kullan\u0131lmalar\u0131 ya da a\u011f\u0131z i\u00e7inde y\u0131kama sular\u0131 ile \u00e7alkalanmalar\u0131 veya gargara \u015feklinde uygulanmalar\u0131 aromaterapi \u00e7er\u00e7evesinde de\u011ferlendirilmektedir.Do\u011fru kullan\u0131lan t\u0131bbi ya\u011flar\u0131n insan psikolojisi \u00fczerine etkileri, bu ya\u011flar\u0131n masaj yolu ile sa\u011flanan fiziksel etkileri ile birle\u015ferek g\u00fc\u00e7l\u00fc bir tedavi olu\u015fturabilir.Bu kitap, aralar\u0131nda Avrupa Farmokopesi (European Directorate for the Ouality of Medicine-EDQM) 13\/B (Herbal Drugs and Herbal Drug Preparations) uzmanlar grubu \u00fcyesi bir profes\u00f6r, Avrupa Farmakopesi T\u00fcrkiye Delegesi olarak g\u00f6rev yapm\u0131\u015f bir profes\u00f6r ile Avrupa Bilimsel Fitoterapi Birli\u011fi (European Scientific Cooperative on Phytotherapy-ESCOP) bilimsel komitesi dan\u0131\u015fman edit\u00f6rler kurulu \u00fcyesi bir profes\u00f6r\u00fcn de bulundu\u011fu, yurti\u00e7inde ve yurt d\u0131\u015f\u0131nda bir\u00e7ok bilimsel dergide makaleleri yay\u0131nlanan, 4 profes\u00f6rden olu\u015fan bir grup taraf\u0131ndan haz\u0131rlanm\u0131\u015ft\u0131r. \u00c7e\u015fitli bilimsel kaynaklar ve konuya ili\u015fkin web siteleri \u00fczerinde yap\u0131lan inceleme ve de\u011ferlendirmeler sonucunda derlenen bilgiler, yazarlar\u0131n uzun y\u0131llara dayanan bilgi birikimleri ve deneyimlerinin s\u00fczgecinden ge\u00e7irilmesi ile kaleme al\u0131narak okuyucuya sunulmu\u015ftur.Ayn\u0131 zamanda T\u00fcrkiye\u2019de \u00e7ok satan, Tamamlay\u0131c\u0131 T\u0131p Onay\u0131 ve G\u00fcvenli Kullan\u0131m \u00d6nerileriyle bir ilk olan \u2018A\u2019dan Z\u2019ye T\u0131bbi Bitkiler\u2019 ve \u2018A\u2019dan Z\u2019ye T\u0131bbi Ya\u011flar ve Aromatik Sular\u2019 kitaplar\u0131n\u0131n yazarlar\u0131ndan da olan d\u00f6rt profes\u00f6r, 6 ciltten olu\u015fan \u2018A\u2019dan Z\u2019ye Aromaterapi Kar\u0131\u015f\u0131mlar\u0131\u2019 serisinin bu 6\u2019nc\u0131 ve son kitab\u0131nda; t\u0131bbi etkinlikleri bilimsel olarak kan\u0131tlanm\u0131\u015f u\u00e7ucu ya\u011flardan ve di\u011fer do\u011fal \u00fcr\u00fcnlerden hareketle haz\u0131rlanan A\u011f\u0131z, Di\u015f ve Damar Sa\u011fl\u0131\u011f\u0131, Do\u011fum \u00d6ncesi ve Sonras\u0131 Bak\u0131m, \u00d6dem, Prostat ve Sistit rahats\u0131zl\u0131klar\u0131na y\u00f6nelik olarak haz\u0131rlanm\u0131\u015f 164 aromaterapi kar\u0131\u015f\u0131m\u0131 (aromaterap\u00f6tik) yer almaktad\u0131r. Bu \u015fekilde 6 ayr\u0131 ciltten olu\u015fan t\u00fcm serimiz ile toplam 1843 \u00f6zg\u00fcn aromaterapi kar\u0131\u015f\u0131m\u0131 okuyucular\u0131m\u0131za sunulmu\u015ftur.T\u0131bbi bitkilerin, u\u00e7ucu ya\u011flar\u0131n ve di\u011fer kokulu do\u011fal \u00fcr\u00fcnlerin sa\u011fl\u0131\u011f\u0131n\u0131z\u0131 korumada,s\u00fcrd\u00fcrmede ve baz\u0131 hastal\u0131klar\u0131n tedavisinde rehberlik etmesini dileriz\u2026 <\/p>\n","protected":false},"excerpt":{"rendered":"<p>A\u011f\u0131z, Di\u015f ve Damar Sa\u011fl\u0131\u011f\u0131, Do\u011fum \u00d6ncesi ve Sonras\u0131 Bak\u0131m, \u00d6dem, Prostat, Sistit Alan\u0131nda \u00e7ok satan kitaplar\u0131n yazarl\u0131\u011f\u0131n\u0131 yapan d\u00f6rt profes\u00f6rden t\u0131bbi bitkiler, u\u00e7ucu ya\u011flar ve<span class=\"excerpt-hellip\"> [\u2026]<\/span><\/p>\n","protected":false},"featured_media":0,"template":"","meta":{"_monsterinsights_skip_tracking":false,"_monsterinsights_sitenote_active":false,"_monsterinsights_sitenote_note":"","_monsterinsights_sitenote_category":0},"product_brand":[],"product_cat":[13397,13365],"product_tag":[],"class_list":{"0":"post-747132","1":"product","2":"type-product","3":"status-publish","5":"product_cat-alternatif-tip-sifali-bitkiler","6":"product_cat-saglik","7":"pa_cilt-ciltsiz","8":"pa_tur-kitap","9":"pa_yayinevi-hayykitap","10":"pa_yazar-kolektif","12":"first","13":"instock","14":"sale","15":"shipping-taxable","16":"purchasable","17":"product-type-simple"},"_links":{"self":[{"href":"https:\/\/roveyayinevi.com.tr\/index.php\/wp-json\/wp\/v2\/product\/747132","targetHints":{"allow":["GET"]}}],"collection":[{"href":"https:\/\/roveyayinevi.com.tr\/index.php\/wp-json\/wp\/v2\/product"}],"about":[{"href":"https:\/\/roveyayinevi.com.tr\/index.php\/wp-json\/wp\/v2\/types\/product"}],"wp:attachment":[{"href":"https:\/\/roveyayinevi.com.tr\/index.php\/wp-json\/wp\/v2\/media?parent=747132"}],"wp:term":[{"taxonomy":"product_brand","embeddable":true,"href":"https:\/\/roveyayinevi.com.tr\/index.php\/wp-json\/wp\/v2\/product_brand?post=747132"},{"taxonomy":"product_cat","embeddable":true,"href":"https:\/\/roveyayinevi.com.tr\/index.php\/wp-json\/wp\/v2\/product_cat?post=747132"},{"taxonomy":"product_tag","embeddable":true,"href":"https:\/\/roveyayinevi.com.tr\/index.php\/wp-json\/wp\/v2\/product_tag?post=747132"}],"curies":[{"name":"wp","href":"https:\/\/api.w.org\/{rel}","templated":true}]}}