{"id":747130,"date":"2025-08-28T02:59:38","date_gmt":"2025-08-27T23:59:38","guid":{"rendered":"https:\/\/roveyayinevi.com.tr\/index.php\/urun\/horimiya-horisan-ile-miyamurakun-07\/"},"modified":"2026-04-16T02:59:47","modified_gmt":"2026-04-15T23:59:47","slug":"horimiya-horisan-ile-miyamurakun-07","status":"publish","type":"product","link":"https:\/\/roveyayinevi.com.tr\/index.php\/urun\/horimiya-horisan-ile-miyamurakun-07\/","title":{"rendered":"Horimiya Horisan ile Miyamurakun 07"},"content":{"rendered":"<p>Horisan ile Miyamurakun\u2019un etkileyici hik\u00e2yesi devam ediyor! \u0130nan\u0131lmaz derecede \u00e7ekici Akane Yanagi sahneye \u00e7\u0131k\u0131yor, belki de Miyamura\u2019n\u0131n y\u00f6nlendirmesiyle\u2026 Di\u011fer yandan Hori birdenbire Miyamura&#8217;dan sert tepkiler vermesi y\u00f6n\u00fcnde talepte bulunmaya ba\u015fl\u0131yor. \u00d6\u011frenci konseyi \u00fcyelerinin ise al\u0131\u015f\u0131lmad\u0131k bir \u015fekilde kafalar\u0131 kar\u0131\u015fm\u0131\u015f halde. Ve beklenen spor festivali ba\u015flamak \u00fczere. Okuldaki ola\u011fan \u015f\u00fcphelilerin lise hayatlar\u0131 iyiden iyiye canlan\u0131yor! Okul hayat\u0131, arkada\u015fl\u0131klar ve kendini ke\u015ffetme hakk\u0131nda ilham verici hik\u00e2yesiyle Horimiya sizi etkisi alt\u0131na alacak!<\/p>\n","protected":false},"excerpt":{"rendered":"<p>Horisan ile Miyamurakun\u2019un etkileyici hik\u00e2yesi devam ediyor! \u0130nan\u0131lmaz derecede \u00e7ekici Akane Yanagi sahneye \u00e7\u0131k\u0131yor, belki de Miyamura\u2019n\u0131n y\u00f6nlendirmesiyle\u2026 Di\u011fer yandan Hori birdenbire Miyamura&#8217;dan sert tepkiler vermesi<span class=\"excerpt-hellip\"> [\u2026]<\/span><\/p>\n","protected":false},"featured_media":0,"template":"","meta":{"_monsterinsights_skip_tracking":false,"_monsterinsights_sitenote_active":false,"_monsterinsights_sitenote_note":"","_monsterinsights_sitenote_category":0},"product_brand":[],"product_cat":[12416,12291],"product_tag":[],"class_list":{"0":"post-747130","1":"product","2":"type-product","3":"status-publish","5":"product_cat-cizgi-roman","6":"product_cat-edebiyat","7":"pa_cilt-ciltsiz","8":"pa_tur-kitap","9":"pa_yayinevi-akil-celen-kitaplar","10":"pa_yazar-hero","12":"first","13":"instock","14":"sale","15":"shipping-taxable","16":"purchasable","17":"product-type-simple"},"_links":{"self":[{"href":"https:\/\/roveyayinevi.com.tr\/index.php\/wp-json\/wp\/v2\/product\/747130","targetHints":{"allow":["GET"]}}],"collection":[{"href":"https:\/\/roveyayinevi.com.tr\/index.php\/wp-json\/wp\/v2\/product"}],"about":[{"href":"https:\/\/roveyayinevi.com.tr\/index.php\/wp-json\/wp\/v2\/types\/product"}],"wp:attachment":[{"href":"https:\/\/roveyayinevi.com.tr\/index.php\/wp-json\/wp\/v2\/media?parent=747130"}],"wp:term":[{"taxonomy":"product_brand","embeddable":true,"href":"https:\/\/roveyayinevi.com.tr\/index.php\/wp-json\/wp\/v2\/product_brand?post=747130"},{"taxonomy":"product_cat","embeddable":true,"href":"https:\/\/roveyayinevi.com.tr\/index.php\/wp-json\/wp\/v2\/product_cat?post=747130"},{"taxonomy":"product_tag","embeddable":true,"href":"https:\/\/roveyayinevi.com.tr\/index.php\/wp-json\/wp\/v2\/product_tag?post=747130"}],"curies":[{"name":"wp","href":"https:\/\/api.w.org\/{rel}","templated":true}]}}