{"id":747129,"date":"2025-08-28T02:59:36","date_gmt":"2025-08-27T23:59:36","guid":{"rendered":"https:\/\/roveyayinevi.com.tr\/index.php\/urun\/elon-musk-hedef-dunyayi-kurtarmak\/"},"modified":"2026-04-16T02:59:47","modified_gmt":"2026-04-15T23:59:47","slug":"elon-musk-hedef-dunyayi-kurtarmak","status":"publish","type":"product","link":"https:\/\/roveyayinevi.com.tr\/index.php\/urun\/elon-musk-hedef-dunyayi-kurtarmak\/","title":{"rendered":"Elon Musk \u2013 Hedef: D\u00fcnyay\u0131 Kurtarmak"},"content":{"rendered":"<p>Okulda zorbal\u0131kla m\u00fccadele eden ancak New York Times&#8217;ta \u201cd\u00fcnyan\u0131n tart\u0131\u015fmas\u0131z en \u00f6nemli ve ba\u015far\u0131l\u0131 giri\u015fimcisi\u201d olarak g\u00f6sterilen Elon Musk&#8217;\u0131n nas\u0131l ikonik bir vizyonere  d\u00f6n\u00fc\u015ft\u00fc\u011f\u00fcn\u00fc anlatan, s\u00fcr\u00fckleyici ve harika kurgulanm\u0131\u015f bir biyografi.   SpaceX&#8217;in arkas\u0131ndaki deha ve elektrikli otomobil \u015firketi Tesla&#8217;n\u0131n CEO&#8217;su olan Elon Musk&#8217;\u0131n toplu ta\u015f\u0131ma ve g\u00fcne\u015f enerjisi gibi konularda att\u0131\u011f\u0131 cesur ad\u0131mlar\u0131n yan\u0131 s\u0131ra uzay yolculu\u011funun kurallar\u0131n\u0131 yeniden yazmak, Mars&#8217;ta koloni kurmak gibi \u00e7ok konu\u015fulan s\u0131rad\u0131\u015f\u0131 planlar\u0131 bulunmaktad\u0131r.   Ancak ak\u0131llara durgunluk veren man\u015fetlerin ve efsanevi hamlelerinin ard\u0131nda, yarat\u0131c\u0131l\u0131\u011f\u0131 ve kararl\u0131l\u0131\u011f\u0131 sayesinde hik\u00e2yesini yeniden yaz\u0131p d\u00fcnyay\u0131 daha iyi bir yer haline getirmek i\u00e7in kendi yolunu bulmaya karar veren, zorluklar i\u00e7inde ge\u00e7en bir \u00e7ocukluk da yat\u0131yor. \u00d6d\u00fcll\u00fc gazeteci Anna Crowley Redding okurlar\u0131n\u0131 yarat\u0131c\u0131l\u0131\u011f\u0131 ve kararlar\u0131yla ad\u0131ndan s\u0131kl\u0131kla s\u00f6z ettiren Elon&#8217;un hayat\u0131 \u00fczerine enine boyuna ara\u015ft\u0131r\u0131lm\u0131\u015f bir yolculu\u011fa \u00e7\u0131kar\u0131yor. <\/p>\n","protected":false},"excerpt":{"rendered":"<p>Okulda zorbal\u0131kla m\u00fccadele eden ancak New York Times&#8217;ta \u201cd\u00fcnyan\u0131n tart\u0131\u015fmas\u0131z en \u00f6nemli ve ba\u015far\u0131l\u0131 giri\u015fimcisi\u201d olarak g\u00f6sterilen Elon Musk&#8217;\u0131n nas\u0131l ikonik bir vizyonere d\u00f6n\u00fc\u015ft\u00fc\u011f\u00fcn\u00fc anlatan, s\u00fcr\u00fckleyici<span class=\"excerpt-hellip\"> [\u2026]<\/span><\/p>\n","protected":false},"featured_media":0,"template":"","meta":{"_monsterinsights_skip_tracking":false,"_monsterinsights_sitenote_active":false,"_monsterinsights_sitenote_note":"","_monsterinsights_sitenote_category":0},"product_brand":[],"product_cat":[14009,12291],"product_tag":[],"class_list":{"0":"post-747129","1":"product","2":"type-product","3":"status-publish","5":"product_cat-biyografi-otobiyografi-edebiyat","6":"product_cat-edebiyat","7":"pa_cilt-ciltsiz","8":"pa_tur-kitap","9":"pa_yayinevi-indigo-kitap","10":"pa_yazar-anna-crowley-redding","12":"first","13":"instock","14":"sale","15":"shipping-taxable","16":"purchasable","17":"product-type-simple"},"_links":{"self":[{"href":"https:\/\/roveyayinevi.com.tr\/index.php\/wp-json\/wp\/v2\/product\/747129","targetHints":{"allow":["GET"]}}],"collection":[{"href":"https:\/\/roveyayinevi.com.tr\/index.php\/wp-json\/wp\/v2\/product"}],"about":[{"href":"https:\/\/roveyayinevi.com.tr\/index.php\/wp-json\/wp\/v2\/types\/product"}],"wp:attachment":[{"href":"https:\/\/roveyayinevi.com.tr\/index.php\/wp-json\/wp\/v2\/media?parent=747129"}],"wp:term":[{"taxonomy":"product_brand","embeddable":true,"href":"https:\/\/roveyayinevi.com.tr\/index.php\/wp-json\/wp\/v2\/product_brand?post=747129"},{"taxonomy":"product_cat","embeddable":true,"href":"https:\/\/roveyayinevi.com.tr\/index.php\/wp-json\/wp\/v2\/product_cat?post=747129"},{"taxonomy":"product_tag","embeddable":true,"href":"https:\/\/roveyayinevi.com.tr\/index.php\/wp-json\/wp\/v2\/product_tag?post=747129"}],"curies":[{"name":"wp","href":"https:\/\/api.w.org\/{rel}","templated":true}]}}