{"id":747126,"date":"2025-08-28T02:59:33","date_gmt":"2025-08-27T23:59:33","guid":{"rendered":"https:\/\/roveyayinevi.com.tr\/index.php\/urun\/2030-bu-dunya-ve-onun-kurallari-sona-eriyor\/"},"modified":"2026-04-16T02:59:47","modified_gmt":"2026-04-15T23:59:47","slug":"2030-bu-dunya-ve-onun-kurallari-sona-eriyor","status":"publish","type":"product","link":"https:\/\/roveyayinevi.com.tr\/index.php\/urun\/2030-bu-dunya-ve-onun-kurallari-sona-eriyor\/","title":{"rendered":"2030 \u2013 Bu D\u00fcnya ve Onun Kurallar\u0131 Sona Eriyor"},"content":{"rendered":"<p>G\u00dcN\u00dcM\u00dcZ\u00dcN EN B\u00dcY\u00dcK TRENDLER\u0130 GELECEKTEK\u0130LERLE NASIL \u00c7ATI\u015eACAK VE BUNLARI NASIL \u015eEK\u0130LLEND\u0130RECEK?   &#8211; Wall Street Journal \u00c7oksatan\u0131 &#8211; Financial Times 2020\u2019nin En \u0130yi Kitaplar\u0131ndan &#8211; Yahoo Finance 2020\u2019nin En \u0130yi \u0130\u015f Kitab\u0131 &#8211; Porchlight Book \u00c7oksatan\u0131 &#8211; JP Morgan NextList 2021 se\u00e7kisi   Ya\u015fant\u0131m\u0131zdaki ve \u00e7al\u0131\u015fma \u015feklimizdeki de\u011fi\u015fiklikler, siyaset, k\u00fclt\u00fcr\u00fcm\u00fcz ve d\u00fcnya \u00fczerinde ge\u00e7irdi\u011fimiz zaman; insanl\u0131k tarihindeki en b\u00fcy\u00fck bozulmaya neden oluyor\u2026 Bu kitap, cesur yeni d\u00fcnya i\u00e7in ger\u00e7ek\u00e7i bir rehber. \u2014Richard FLORIDA Zaman daral\u0131yor. 2030, \u00e7ok uzak ya da \u00f6ng\u00f6r\u00fclemeyecek bir tarih de\u011fil. \u0130klim de\u011fi\u015fikli\u011fi, teknoloji, g\u00f6\u00e7ler ve daha bir\u00e7ok unsur d\u00fcnyay\u0131 h\u0131zla de\u011fi\u015ftiriyor. Hepimizin bu yeni d\u00fcnyaya eski d\u00fcnyadan daha farkl\u0131 yakla\u015fmas\u0131 gerekiyor. Yeni d\u00fcnya bize f\u0131rsatlar ve tehditler sunuyor ancak bir\u00e7o\u011fumuz i\u00e7in bu geli\u015fmeler hem kafa kar\u0131\u015ft\u0131r\u0131c\u0131 hem de son derece huzursuz edici olabiliyor. Bireylerin, \u015firketlerin ve kurulu\u015flar\u0131n bu s\u00fcre\u00e7te g\u00fc\u00e7l\u00fc ve zay\u0131f yanlar\u0131 olacak. Peki bu ya\u015fananlar \u00e7\u00f6kt\u00fc\u011f\u00fcm\u00fcz anlam\u0131na m\u0131 geliyor yoksa k\u0131yametimizi de\u011fil de y\u00fckseli\u015fimizi mi temsil ediyor?   2030 y\u0131l\u0131nda d\u00fcnyan\u0131n durumuyla ilgili ara\u015ft\u0131rmalar yap\u0131p \u00f6ng\u00f6r\u00fclerini on binlerce ki\u015fiyle payla\u015fan ve d\u00fcnyan\u0131n say\u0131l\u0131 e\u011fitim kurumlar\u0131nda g\u00f6rev yapan Prof. Mauro F. Guill\u00e9n\u2019in kaleme ald\u0131\u011f\u0131 ve \u015fa\u015fk\u0131nl\u0131kla kar\u015f\u0131lanan bu tablo, art\u0131k kitap olarak kar\u015f\u0131n\u0131zda.   Bu kitap, 2030\u2019u ak\u0131lc\u0131 bir tav\u0131rla kar\u015f\u0131laman\u0131z i\u00e7in sizi gereken m\u00fccadele stratejileriyle tan\u0131\u015ft\u0131r\u0131rken fikirlerinizi \u00e7e\u015fitlendirerek fark\u0131ndal\u0131k kazand\u0131r\u0131p \u00f6n\u00fcm\u00fczdeki de\u011fi\u015fimlere haz\u0131rlanman\u0131zda yard\u0131mc\u0131 olacak bir yol haritas\u0131 \u00e7iziyor. <\/p>\n","protected":false},"excerpt":{"rendered":"<p>G\u00dcN\u00dcM\u00dcZ\u00dcN EN B\u00dcY\u00dcK TRENDLER\u0130 GELECEKTEK\u0130LERLE NASIL \u00c7ATI\u015eACAK VE BUNLARI NASIL \u015eEK\u0130LLEND\u0130RECEK? &#8211; Wall Street Journal \u00c7oksatan\u0131 &#8211; Financial Times 2020\u2019nin En \u0130yi Kitaplar\u0131ndan &#8211; Yahoo Finance<span class=\"excerpt-hellip\"> [\u2026]<\/span><\/p>\n","protected":false},"featured_media":0,"template":"","meta":{"_monsterinsights_skip_tracking":false,"_monsterinsights_sitenote_active":false,"_monsterinsights_sitenote_note":"","_monsterinsights_sitenote_category":0},"product_brand":[],"product_cat":[12364,16266],"product_tag":[],"class_list":{"0":"post-747126","1":"product","2":"type-product","3":"status-publish","5":"product_cat-genel-konular","6":"product_cat-referans-kaynak-kitap","7":"pa_cilt-ciltsiz","8":"pa_tur-kitap","9":"pa_yayinevi-nepal-kitap","10":"pa_yazar-mauro-f-guillen","12":"first","13":"instock","14":"sale","15":"shipping-taxable","16":"purchasable","17":"product-type-simple"},"_links":{"self":[{"href":"https:\/\/roveyayinevi.com.tr\/index.php\/wp-json\/wp\/v2\/product\/747126","targetHints":{"allow":["GET"]}}],"collection":[{"href":"https:\/\/roveyayinevi.com.tr\/index.php\/wp-json\/wp\/v2\/product"}],"about":[{"href":"https:\/\/roveyayinevi.com.tr\/index.php\/wp-json\/wp\/v2\/types\/product"}],"wp:attachment":[{"href":"https:\/\/roveyayinevi.com.tr\/index.php\/wp-json\/wp\/v2\/media?parent=747126"}],"wp:term":[{"taxonomy":"product_brand","embeddable":true,"href":"https:\/\/roveyayinevi.com.tr\/index.php\/wp-json\/wp\/v2\/product_brand?post=747126"},{"taxonomy":"product_cat","embeddable":true,"href":"https:\/\/roveyayinevi.com.tr\/index.php\/wp-json\/wp\/v2\/product_cat?post=747126"},{"taxonomy":"product_tag","embeddable":true,"href":"https:\/\/roveyayinevi.com.tr\/index.php\/wp-json\/wp\/v2\/product_tag?post=747126"}],"curies":[{"name":"wp","href":"https:\/\/api.w.org\/{rel}","templated":true}]}}