{"id":747125,"date":"2025-08-28T02:59:32","date_gmt":"2025-08-27T23:59:32","guid":{"rendered":"https:\/\/roveyayinevi.com.tr\/index.php\/urun\/ask-yeniden\/"},"modified":"2026-04-16T02:59:47","modified_gmt":"2026-04-15T23:59:47","slug":"ask-yeniden","status":"publish","type":"product","link":"https:\/\/roveyayinevi.com.tr\/index.php\/urun\/ask-yeniden\/","title":{"rendered":"A\u015fk Yeniden"},"content":{"rendered":"<p>\u221a Neden hep birbirine benzeyen ki\u015filere \u00e2\u015f\u0131k oluyoruz?\u221a Bu ki\u015filer neden hep bizi buluyor, nerede yanl\u0131\u015f yap\u0131yoruz?\u221a Sevdi\u011fimiz insan\u0131 ger\u00e7ekten kendimiz mi se\u00e7iyoruz?\u221a Romantik ili\u015fkilerde tekrar eden durumlar bize ne anlat\u0131yor? Klinik Psk. Dr. Kahraman G\u00fcler, a\u015fk\u0131n ruh sa\u011fl\u0131\u011f\u0131m\u0131z \u00fczerindeki etkilerini, hayat\u0131m\u0131za giren ki\u015filerin ki\u015filik bozukluklar\u0131yla nas\u0131l ba\u015fa \u00e7\u0131kabilece\u011fimizi, romantik ili\u015fkilerimizdeki \u015femalar\u0131m\u0131z\u0131 ve kendimizle yeniden tan\u0131\u015fmam\u0131z\u0131n yollar\u0131n\u0131 anlat\u0131yor. Sa\u011fl\u0131kl\u0131 bir ili\u015fkinin nas\u0131l olmas\u0131 gerekti\u011fiyle ilgili vaka \u00f6rnekleri de vererek fark\u0131ndal\u0131k yarat\u0131yor.<\/p>\n","protected":false},"excerpt":{"rendered":"<p>\u221a Neden hep birbirine benzeyen ki\u015filere \u00e2\u015f\u0131k oluyoruz?\u221a Bu ki\u015filer neden hep bizi buluyor, nerede yanl\u0131\u015f yap\u0131yoruz?\u221a Sevdi\u011fimiz insan\u0131 ger\u00e7ekten kendimiz mi se\u00e7iyoruz?\u221a Romantik ili\u015fkilerde tekrar<span class=\"excerpt-hellip\"> [\u2026]<\/span><\/p>\n","protected":false},"featured_media":0,"template":"","meta":{"_monsterinsights_skip_tracking":false,"_monsterinsights_sitenote_active":false,"_monsterinsights_sitenote_note":"","_monsterinsights_sitenote_category":0},"product_brand":[],"product_cat":[12357],"product_tag":[],"class_list":{"0":"post-747125","1":"product","2":"type-product","3":"status-publish","5":"product_cat-psikoloji","6":"pa_cilt-ciltsiz","7":"pa_tur-kitap","8":"pa_yayinevi-nemesis-kitap","9":"pa_yazar-kahraman-guler","11":"first","12":"instock","13":"sale","14":"shipping-taxable","15":"purchasable","16":"product-type-simple"},"_links":{"self":[{"href":"https:\/\/roveyayinevi.com.tr\/index.php\/wp-json\/wp\/v2\/product\/747125","targetHints":{"allow":["GET"]}}],"collection":[{"href":"https:\/\/roveyayinevi.com.tr\/index.php\/wp-json\/wp\/v2\/product"}],"about":[{"href":"https:\/\/roveyayinevi.com.tr\/index.php\/wp-json\/wp\/v2\/types\/product"}],"wp:attachment":[{"href":"https:\/\/roveyayinevi.com.tr\/index.php\/wp-json\/wp\/v2\/media?parent=747125"}],"wp:term":[{"taxonomy":"product_brand","embeddable":true,"href":"https:\/\/roveyayinevi.com.tr\/index.php\/wp-json\/wp\/v2\/product_brand?post=747125"},{"taxonomy":"product_cat","embeddable":true,"href":"https:\/\/roveyayinevi.com.tr\/index.php\/wp-json\/wp\/v2\/product_cat?post=747125"},{"taxonomy":"product_tag","embeddable":true,"href":"https:\/\/roveyayinevi.com.tr\/index.php\/wp-json\/wp\/v2\/product_tag?post=747125"}],"curies":[{"name":"wp","href":"https:\/\/api.w.org\/{rel}","templated":true}]}}