{"id":747124,"date":"2025-08-28T02:59:30","date_gmt":"2025-08-27T23:59:30","guid":{"rendered":"https:\/\/roveyayinevi.com.tr\/index.php\/urun\/epigraf-aysel\/"},"modified":"2026-04-16T02:59:47","modified_gmt":"2026-04-15T23:59:47","slug":"epigraf-aysel","status":"publish","type":"product","link":"https:\/\/roveyayinevi.com.tr\/index.php\/urun\/epigraf-aysel\/","title":{"rendered":"Epigraf Aysel"},"content":{"rendered":"<p>Ak\u015fam\u00fcstleri h\u00fcz\u00fcnd\u00fcr Aysel, D\u00f6rt duvar\u0131 ta\u015f avluda birle\u015fen bir \u0131\u015f\u0131k h\u00fcz\u00fcn. Bakma ona, gir i\u00e7eri. H\u00fcz\u00fcnlere bakmak ay\u0131pt\u0131r o\u011flum. Ve Aysel, pencere kenar\u0131na t\u00fcneyen lo\u015f bir kedidir. H\u00fcz\u00fcn bana g\u00f6zya\u015f\u0131, H\u00fcz\u00fcn bana Yakup, H\u00fcz\u00fcn bana bilmem ne. Ama en \u00e7ok da h\u00fcz\u00fcn bana pencere kenar\u0131nda ak\u015famlar\u0131 mahmurlayan       lo\u015f bir kedidir.   \u0130\u015fte! \u0130\u00e7 de\u011fil hi\u00e7 g\u00fcveysinden h\u00e2llice ya\u015fad\u0131m ve bir \u015fair gibi \u00f6lece\u011fim, \u00d6l\u00fcnce ben h\u00fczn\u00fcm\u00fc \u00e7\u0131kar\u0131p bir kap\u0131 arkas\u0131na asacaklar, Art\u0131k kimsenin i\u015fitmedi\u011fi ah\u015fap g\u0131c\u0131rt\u0131ya kar\u0131\u015f\u0131p      ak\u0131p gidece\u011fim. <\/p>\n","protected":false},"excerpt":{"rendered":"<p>Ak\u015fam\u00fcstleri h\u00fcz\u00fcnd\u00fcr Aysel, D\u00f6rt duvar\u0131 ta\u015f avluda birle\u015fen bir \u0131\u015f\u0131k h\u00fcz\u00fcn. Bakma ona, gir i\u00e7eri. H\u00fcz\u00fcnlere bakmak ay\u0131pt\u0131r o\u011flum. Ve Aysel, pencere kenar\u0131na t\u00fcneyen lo\u015f bir<span class=\"excerpt-hellip\"> [\u2026]<\/span><\/p>\n","protected":false},"featured_media":0,"template":"","meta":{"_monsterinsights_skip_tracking":false,"_monsterinsights_sitenote_active":false,"_monsterinsights_sitenote_note":"","_monsterinsights_sitenote_category":0},"product_brand":[],"product_cat":[12777,12291],"product_tag":[],"class_list":{"0":"post-747124","1":"product","2":"type-product","3":"status-publish","5":"product_cat-deneme","6":"product_cat-edebiyat","7":"pa_cilt-ciltsiz","8":"pa_tur-kitap","9":"pa_yayinevi-sinirsiz-kitap","10":"pa_yazar-merve-dagkoyluoglu","12":"first","13":"instock","14":"sale","15":"shipping-taxable","16":"purchasable","17":"product-type-simple"},"_links":{"self":[{"href":"https:\/\/roveyayinevi.com.tr\/index.php\/wp-json\/wp\/v2\/product\/747124","targetHints":{"allow":["GET"]}}],"collection":[{"href":"https:\/\/roveyayinevi.com.tr\/index.php\/wp-json\/wp\/v2\/product"}],"about":[{"href":"https:\/\/roveyayinevi.com.tr\/index.php\/wp-json\/wp\/v2\/types\/product"}],"wp:attachment":[{"href":"https:\/\/roveyayinevi.com.tr\/index.php\/wp-json\/wp\/v2\/media?parent=747124"}],"wp:term":[{"taxonomy":"product_brand","embeddable":true,"href":"https:\/\/roveyayinevi.com.tr\/index.php\/wp-json\/wp\/v2\/product_brand?post=747124"},{"taxonomy":"product_cat","embeddable":true,"href":"https:\/\/roveyayinevi.com.tr\/index.php\/wp-json\/wp\/v2\/product_cat?post=747124"},{"taxonomy":"product_tag","embeddable":true,"href":"https:\/\/roveyayinevi.com.tr\/index.php\/wp-json\/wp\/v2\/product_tag?post=747124"}],"curies":[{"name":"wp","href":"https:\/\/api.w.org\/{rel}","templated":true}]}}