{"id":747123,"date":"2025-08-28T02:59:29","date_gmt":"2025-08-27T23:59:29","guid":{"rendered":"https:\/\/roveyayinevi.com.tr\/index.php\/urun\/gizemli-e-posta-ben-kilim\/"},"modified":"2026-04-16T02:59:47","modified_gmt":"2026-04-15T23:59:47","slug":"gizemli-e-posta-ben-kilim","status":"publish","type":"product","link":"https:\/\/roveyayinevi.com.tr\/index.php\/urun\/gizemli-e-posta-ben-kilim\/","title":{"rendered":"Gizemli E-Posta &#8220;Ben Kilim&#8221;"},"content":{"rendered":"<p>Toprak, bir g\u00fcn bilgisayar\u0131n\u0131 a\u00e7\u0131p e-postalar\u0131na bakt\u0131\u011f\u0131nda tuhaf bir posta g\u00f6r\u00fcr. \u00d6nce reklam zanneder ama d\u00fc\u015f\u00fcnd\u00fc\u011f\u00fc gibi de\u011fildir. Postay\u0131 a\u00e7\u0131p okudu\u011funda ise b\u00fcy\u00fck bir \u015fa\u015fk\u0131nl\u0131k ya\u015far. Kimden ve neden geldi\u011fi belli olmayan bu e-posta Toprak&#8217;\u0131n ya\u015fam\u0131yla ilgili bir\u00e7ok gizli bilgiyi i\u00e7ermektedir. Tam da anneannesinin ortadan kayboldu\u011fu g\u00fcnde gelen bu posta ve devam\u0131nda gelenler, Toprak&#8217;\u0131 merak i\u00e7inde b\u0131rak\u0131r. En yak\u0131n arkada\u015flar\u0131 Kerem ve Azra ile birlikte bu e-postalar\u0131n pe\u015fine d\u00fc\u015fen Toprak, kilimlerin ve motiflerin s\u0131r dolu d\u00fcnyas\u0131nda kendini bulur.G\u00f6ndericisi bilinmeyen bu e-postalar\u0131n s\u0131rr\u0131n\u0131 Toprak ve arkada\u015flar\u0131 \u00e7\u00f6zebilecek midir?Gizemli E-Posta &#8220;Ben Kilim&#8221; s\u0131r dolu sayfalar\u0131na sizleri de davet ediyor.<\/p>\n","protected":false},"excerpt":{"rendered":"<p>Toprak, bir g\u00fcn bilgisayar\u0131n\u0131 a\u00e7\u0131p e-postalar\u0131na bakt\u0131\u011f\u0131nda tuhaf bir posta g\u00f6r\u00fcr. \u00d6nce reklam zanneder ama d\u00fc\u015f\u00fcnd\u00fc\u011f\u00fc gibi de\u011fildir. Postay\u0131 a\u00e7\u0131p okudu\u011funda ise b\u00fcy\u00fck bir \u015fa\u015fk\u0131nl\u0131k ya\u015far.<span class=\"excerpt-hellip\"> [\u2026]<\/span><\/p>\n","protected":false},"featured_media":0,"template":"","meta":{"_monsterinsights_skip_tracking":false,"_monsterinsights_sitenote_active":false,"_monsterinsights_sitenote_note":"","_monsterinsights_sitenote_category":0},"product_brand":[],"product_cat":[12274,12284],"product_tag":[],"class_list":{"0":"post-747123","1":"product","2":"type-product","3":"status-publish","5":"product_cat-cocuk-ve-genclik-kitaplari","6":"product_cat-hikayeler","7":"pa_cilt-ciltsiz","8":"pa_tur-kitap","9":"pa_yayinevi-altin-kitaplar-ozel-urun","10":"pa_yazar-buket-cetin","12":"first","13":"instock","14":"sale","15":"shipping-taxable","16":"purchasable","17":"product-type-simple"},"_links":{"self":[{"href":"https:\/\/roveyayinevi.com.tr\/index.php\/wp-json\/wp\/v2\/product\/747123","targetHints":{"allow":["GET"]}}],"collection":[{"href":"https:\/\/roveyayinevi.com.tr\/index.php\/wp-json\/wp\/v2\/product"}],"about":[{"href":"https:\/\/roveyayinevi.com.tr\/index.php\/wp-json\/wp\/v2\/types\/product"}],"wp:attachment":[{"href":"https:\/\/roveyayinevi.com.tr\/index.php\/wp-json\/wp\/v2\/media?parent=747123"}],"wp:term":[{"taxonomy":"product_brand","embeddable":true,"href":"https:\/\/roveyayinevi.com.tr\/index.php\/wp-json\/wp\/v2\/product_brand?post=747123"},{"taxonomy":"product_cat","embeddable":true,"href":"https:\/\/roveyayinevi.com.tr\/index.php\/wp-json\/wp\/v2\/product_cat?post=747123"},{"taxonomy":"product_tag","embeddable":true,"href":"https:\/\/roveyayinevi.com.tr\/index.php\/wp-json\/wp\/v2\/product_tag?post=747123"}],"curies":[{"name":"wp","href":"https:\/\/api.w.org\/{rel}","templated":true}]}}