{"id":747119,"date":"2025-08-28T02:59:24","date_gmt":"2025-08-27T23:59:24","guid":{"rendered":"https:\/\/roveyayinevi.com.tr\/index.php\/urun\/turk-tarihi-not-hulasalari-turk-istilasi-devrinde-maceristan-ve-avusturyada-casuslar\/"},"modified":"2026-04-16T02:59:47","modified_gmt":"2026-04-15T23:59:47","slug":"turk-tarihi-not-hulasalari-turk-istilasi-devrinde-maceristan-ve-avusturyada-casuslar","status":"publish","type":"product","link":"https:\/\/roveyayinevi.com.tr\/index.php\/urun\/turk-tarihi-not-hulasalari-turk-istilasi-devrinde-maceristan-ve-avusturyada-casuslar\/","title":{"rendered":"T\u00fcrk Tarihi Not H\u00fclasalar\u0131 &amp; T\u00fcrk \u0130stilas\u0131 Devrinde Maceristan ve Avusturya&#8217;da Casuslar"},"content":{"rendered":"<p>Mevzumuz T\u00fcrk tarihi oldu\u011fu i\u00e7in her \u015feyden evvel T\u00fcrk kelimesinin asl\u0131n\u0131 ve bu kelimenin ne kadar eski oldu\u011funu ara\u015ft\u0131rmam\u0131z gerektir. T\u00fcrkler hakk\u0131nda ilk malumat veren eserler \u00c7in kaynaklar\u0131d\u0131r. Binaenaleyh bu kelimeyi de \u00c7in kaynaklar\u0131ndan ara\u015ft\u0131rmam\u0131z icap etmektedir. \u00c7in tarihleri Milattan Sonra alt\u0131nc\u0131 as\u0131rda Tu-Ki\u00fce adl\u0131 bir Kavmin, Kin-\u015fan Da\u011flar\u0131 havalisinden tarih sahas\u0131na \u00e7\u0131kt\u0131\u011f\u0131n\u0131 kaydetmektedir. Bu Tu-Ki\u00fce kelimesi, T\u00fcrk ad\u0131n\u0131n \u00c7ince telaffuzundan ba\u015fka bir \u015fey de\u011fildir. Malumdur ki eski \u00c7incede hatta bug\u00fcnk\u00fc \u00c7incede dahi \u201cr\u201d sesi yoktur. Binaenaleyh T\u00fcrk kelimesini \u00c7inliler ancak bu suretle telaffuz edebilmi\u015flerdir. Bu kelime, \u00c7in tarihlerinde Milattan Sonra alt\u0131nc\u0131 as\u0131rda meydana \u00e7\u0131kt\u0131\u011f\u0131na g\u00f6re T\u00fcrk s\u00f6z\u00fc de bu devirde malum olmaya ba\u015flam\u0131\u015f demektir h\u00e2lbuki \u00c7in tarihlerini kar\u0131\u015ft\u0131racak olursak bundan daha evvelki devirlerde de T\u00fcrk ad\u0131n\u0131n kaydedilmi\u015f oldu\u011funu g\u00f6r\u00fcr\u00fcz.   <\/p>\n","protected":false},"excerpt":{"rendered":"<p>Mevzumuz T\u00fcrk tarihi oldu\u011fu i\u00e7in her \u015feyden evvel T\u00fcrk kelimesinin asl\u0131n\u0131 ve bu kelimenin ne kadar eski oldu\u011funu ara\u015ft\u0131rmam\u0131z gerektir. T\u00fcrkler hakk\u0131nda ilk malumat veren eserler<span class=\"excerpt-hellip\"> [\u2026]<\/span><\/p>\n","protected":false},"featured_media":0,"template":"","meta":{"_monsterinsights_skip_tracking":false,"_monsterinsights_sitenote_active":false,"_monsterinsights_sitenote_note":"","_monsterinsights_sitenote_category":0},"product_brand":[],"product_cat":[12312,12304],"product_tag":[],"class_list":{"0":"post-747119","1":"product","2":"type-product","3":"status-publish","5":"product_cat-diger","6":"product_cat-tarih","7":"pa_cilt-ciltsiz","8":"pa_tur-kitap","9":"pa_yayinevi-altinordu-yayinlari","10":"pa_yazar-huseyin-namik-orkun","12":"first","13":"instock","14":"sale","15":"shipping-taxable","16":"purchasable","17":"product-type-simple"},"_links":{"self":[{"href":"https:\/\/roveyayinevi.com.tr\/index.php\/wp-json\/wp\/v2\/product\/747119","targetHints":{"allow":["GET"]}}],"collection":[{"href":"https:\/\/roveyayinevi.com.tr\/index.php\/wp-json\/wp\/v2\/product"}],"about":[{"href":"https:\/\/roveyayinevi.com.tr\/index.php\/wp-json\/wp\/v2\/types\/product"}],"wp:attachment":[{"href":"https:\/\/roveyayinevi.com.tr\/index.php\/wp-json\/wp\/v2\/media?parent=747119"}],"wp:term":[{"taxonomy":"product_brand","embeddable":true,"href":"https:\/\/roveyayinevi.com.tr\/index.php\/wp-json\/wp\/v2\/product_brand?post=747119"},{"taxonomy":"product_cat","embeddable":true,"href":"https:\/\/roveyayinevi.com.tr\/index.php\/wp-json\/wp\/v2\/product_cat?post=747119"},{"taxonomy":"product_tag","embeddable":true,"href":"https:\/\/roveyayinevi.com.tr\/index.php\/wp-json\/wp\/v2\/product_tag?post=747119"}],"curies":[{"name":"wp","href":"https:\/\/api.w.org\/{rel}","templated":true}]}}