{"id":747118,"date":"2025-08-28T02:59:23","date_gmt":"2025-08-27T23:59:23","guid":{"rendered":"https:\/\/roveyayinevi.com.tr\/index.php\/urun\/turk-tarihi-i-ii-cilt-takim\/"},"modified":"2026-04-16T02:59:47","modified_gmt":"2026-04-15T23:59:47","slug":"turk-tarihi-i-ii-cilt-takim","status":"publish","type":"product","link":"https:\/\/roveyayinevi.com.tr\/index.php\/urun\/turk-tarihi-i-ii-cilt-takim\/","title":{"rendered":"T\u00fcrk Tarihi I-II. Cilt (Tak\u0131m)"},"content":{"rendered":"<p>T\u00fcrk tarihinin kaynaklar\u0131n\u0131 hep yabanc\u0131 eserlerde aramak mecburiyetindeyiz. Yabanc\u0131 kavimler de T\u00fcrk\u00e7e isimleri kendi \u015fivelerine g\u00f6re tahrif etmi\u015fler ve bu tahrifler bazen \u00f6yle bir \u015fekil alm\u0131\u015ft\u0131r ki bu s\u00f6z\u00fcn T\u00fcrk\u00e7esinin ne olabilece\u011fi dahi kestirilememi\u015ftir. Bundan dolay\u0131 mill\u00ee tarihimizde hi\u00e7 de T\u00fcrk\u00e7eye benzemeyen bir tak\u0131m \u00f6zel isimlere tesad\u00fcf etmekteyiz. Yar\u0131n\u0131n ilm\u00ee ara\u015ft\u0131rmalar\u0131 bu s\u00f6zlerin T\u00fcrk\u00e7esini de bulup \u00e7\u0131karacakt\u0131r. Hem \u00c7in dilini bilen, hem de T\u00fcrk tarihi ile u\u011fra\u015fan baz\u0131 \u00e2limler \u00c7in tarihlerinin kaydettikleri bu acayip isimlerin bir k\u0131sm\u0131n\u0131 halletmi\u015flerdir. Mesel\u00e2 \u00c7in tarihlerinin \u015ea-po-lio diye kaydetti\u011fi h\u00fck\u00fcmdar ad\u0131n\u0131n \u0130\u015fpara oldu\u011fu anla\u015f\u0131lm\u0131\u015ft\u0131r. T\u00fcrk\u00e7esinin ne oldu\u011fu anla\u015f\u0131lm\u0131\u015f olan bu gibi isimlerin, biz hi\u00e7 \u00c7ince tel\u00e2ffuzlar\u0131n\u0131 g\u00f6z \u00f6n\u00fcnde tutmadan, do\u011frudan do\u011fruya T\u00fcrk\u00e7esini kullanmakta teredd\u00fct etmedik. Bu suretle, m\u00fcmk\u00fcn oldu\u011fu kadar, yabanc\u0131 isimler azalm\u0131\u015f oldu. Bu eserle T\u00fcrk gen\u00e7li\u011fine mill\u00ee tarihi hakk\u0131nda bir fikir vermeye \u00e7al\u0131\u015ft\u0131m. Buna muvaffak olabildim ise kendimi vazifesini yapm\u0131\u015f bir insan tel\u00e2kki edece\u011fim   <\/p>\n","protected":false},"excerpt":{"rendered":"<p>T\u00fcrk tarihinin kaynaklar\u0131n\u0131 hep yabanc\u0131 eserlerde aramak mecburiyetindeyiz. Yabanc\u0131 kavimler de T\u00fcrk\u00e7e isimleri kendi \u015fivelerine g\u00f6re tahrif etmi\u015fler ve bu tahrifler bazen \u00f6yle bir \u015fekil alm\u0131\u015ft\u0131r<span class=\"excerpt-hellip\"> [\u2026]<\/span><\/p>\n","protected":false},"featured_media":0,"template":"","meta":{"_monsterinsights_skip_tracking":false,"_monsterinsights_sitenote_active":false,"_monsterinsights_sitenote_note":"","_monsterinsights_sitenote_category":0},"product_brand":[],"product_cat":[12312,12304],"product_tag":[],"class_list":{"0":"post-747118","1":"product","2":"type-product","3":"status-publish","5":"product_cat-diger","6":"product_cat-tarih","7":"pa_cilt-ciltsiz","8":"pa_tur-kitap","9":"pa_yayinevi-altinordu-yayinlari","10":"pa_yazar-huseyin-namik-orkun","12":"first","13":"instock","14":"sale","15":"shipping-taxable","16":"purchasable","17":"product-type-simple"},"_links":{"self":[{"href":"https:\/\/roveyayinevi.com.tr\/index.php\/wp-json\/wp\/v2\/product\/747118","targetHints":{"allow":["GET"]}}],"collection":[{"href":"https:\/\/roveyayinevi.com.tr\/index.php\/wp-json\/wp\/v2\/product"}],"about":[{"href":"https:\/\/roveyayinevi.com.tr\/index.php\/wp-json\/wp\/v2\/types\/product"}],"wp:attachment":[{"href":"https:\/\/roveyayinevi.com.tr\/index.php\/wp-json\/wp\/v2\/media?parent=747118"}],"wp:term":[{"taxonomy":"product_brand","embeddable":true,"href":"https:\/\/roveyayinevi.com.tr\/index.php\/wp-json\/wp\/v2\/product_brand?post=747118"},{"taxonomy":"product_cat","embeddable":true,"href":"https:\/\/roveyayinevi.com.tr\/index.php\/wp-json\/wp\/v2\/product_cat?post=747118"},{"taxonomy":"product_tag","embeddable":true,"href":"https:\/\/roveyayinevi.com.tr\/index.php\/wp-json\/wp\/v2\/product_tag?post=747118"}],"curies":[{"name":"wp","href":"https:\/\/api.w.org\/{rel}","templated":true}]}}