{"id":747117,"date":"2025-08-28T02:59:22","date_gmt":"2025-08-27T23:59:22","guid":{"rendered":"https:\/\/roveyayinevi.com.tr\/index.php\/urun\/turk-efsaneleri-prens-kalyanamkara-ve-paramkara-hikayesinin-uygurcasi\/"},"modified":"2026-04-16T02:59:46","modified_gmt":"2026-04-15T23:59:46","slug":"turk-efsaneleri-prens-kalyanamkara-ve-paramkara-hikayesinin-uygurcasi","status":"publish","type":"product","link":"https:\/\/roveyayinevi.com.tr\/index.php\/urun\/turk-efsaneleri-prens-kalyanamkara-ve-paramkara-hikayesinin-uygurcasi\/","title":{"rendered":"T\u00fcrk Efsaneleri &amp; Prens Kalyanamkara ve Paramkara Hikayesinin Uygurcas\u0131"},"content":{"rendered":"<p>Mill\u00ee efsanelerimizi her \u015feyden evvel bir tasnife tabi tutmak gerektir. T\u00fcrk tarihini bug\u00fcn Do\u011fu Hunlar ile ba\u015flatmak icap etti\u011fine g\u00f6re mill\u00ee efsanelerimizin birinci k\u0131sm\u0131n\u0131 Hun efsaneleri te\u015fkil etmektedir. Hun efsaneleri denince Do\u011fu ve Bat\u0131 Hunlar\u0131n\u0131 anlamaktay\u0131z. Do\u011fu Hunlar\u0131 hakk\u0131nda \u00c7in tarihleri malumat vermektedir. Do\u011fu Hunlar\u0131n\u0131n te\u015fkil\u00e2t\u0131 ise O\u011fuzlara dair adl\u0131 eserimizde g\u00f6sterdi\u011fimiz gibi tamam\u0131yla O\u011fuz te\u015fkilat\u0131n\u0131n ayn\u0131d\u0131r. O\u011fuz efsanelerinde g\u00f6rd\u00fc\u011f\u00fcm\u00fcz ikili, alt\u0131l\u0131 ve yirmi d\u00f6rtl\u00fc te\u015fkilat\u0131 Do\u011fu Hunlar\u0131nda da buldu\u011fumuza g\u00f6re Hun efsaneleri deyince bunun i\u00e7ine O\u011fuz efsanelerini de koymam\u0131z gerektir. Binaenaleyh O\u011fuz efsanesi en eski T\u00fcrk efsanesi olup evvela Hunlara mal olmu\u015f, sonra di\u011fer T\u00fcrkler de kendilerine mal etmi\u015flerdir. Eski Hunlar yani O\u011fuzlar sonralar\u0131 G\u00f6kt\u00fcrk camias\u0131na d\u00e2hil olunca tabii O\u011fuz efsanesi G\u00f6kt\u00fcrklere de intikal etmi\u015f ve bunu m\u00fcteakip G\u00f6kt\u00fcrkleri ink\u0131raza u\u011fratan Uygurlar da ayn\u0131 efsaneyi benimsemi\u015flerdir. Uygur harfleriyle yaz\u0131lm\u0131\u015f bir O\u011fuz destan\u0131nda O\u011fuz Han \u00abmen uygurn\u0131ng ka\u011fan\u0131 bolamen\u00bb yani ben Uygurlar\u0131n hakan\u0131y\u0131m demektedir. Uygurlardan sonra da as\u0131l O\u011fuzlar kendi te\u015fkilat ve efsanelerini devam ettirmi\u015flerdir <\/p>\n","protected":false},"excerpt":{"rendered":"<p>Mill\u00ee efsanelerimizi her \u015feyden evvel bir tasnife tabi tutmak gerektir. T\u00fcrk tarihini bug\u00fcn Do\u011fu Hunlar ile ba\u015flatmak icap etti\u011fine g\u00f6re mill\u00ee efsanelerimizin birinci k\u0131sm\u0131n\u0131 Hun efsaneleri<span class=\"excerpt-hellip\"> [\u2026]<\/span><\/p>\n","protected":false},"featured_media":0,"template":"","meta":{"_monsterinsights_skip_tracking":false,"_monsterinsights_sitenote_active":false,"_monsterinsights_sitenote_note":"","_monsterinsights_sitenote_category":0},"product_brand":[],"product_cat":[12312,12304],"product_tag":[],"class_list":{"0":"post-747117","1":"product","2":"type-product","3":"status-publish","5":"product_cat-diger","6":"product_cat-tarih","7":"pa_cilt-ciltsiz","8":"pa_tur-kitap","9":"pa_yayinevi-altinordu-yayinlari","10":"pa_yazar-huseyin-namik-orkun","12":"first","13":"instock","14":"sale","15":"shipping-taxable","16":"purchasable","17":"product-type-simple"},"_links":{"self":[{"href":"https:\/\/roveyayinevi.com.tr\/index.php\/wp-json\/wp\/v2\/product\/747117","targetHints":{"allow":["GET"]}}],"collection":[{"href":"https:\/\/roveyayinevi.com.tr\/index.php\/wp-json\/wp\/v2\/product"}],"about":[{"href":"https:\/\/roveyayinevi.com.tr\/index.php\/wp-json\/wp\/v2\/types\/product"}],"wp:attachment":[{"href":"https:\/\/roveyayinevi.com.tr\/index.php\/wp-json\/wp\/v2\/media?parent=747117"}],"wp:term":[{"taxonomy":"product_brand","embeddable":true,"href":"https:\/\/roveyayinevi.com.tr\/index.php\/wp-json\/wp\/v2\/product_brand?post=747117"},{"taxonomy":"product_cat","embeddable":true,"href":"https:\/\/roveyayinevi.com.tr\/index.php\/wp-json\/wp\/v2\/product_cat?post=747117"},{"taxonomy":"product_tag","embeddable":true,"href":"https:\/\/roveyayinevi.com.tr\/index.php\/wp-json\/wp\/v2\/product_tag?post=747117"}],"curies":[{"name":"wp","href":"https:\/\/api.w.org\/{rel}","templated":true}]}}