{"id":747116,"date":"2025-08-28T02:59:20","date_gmt":"2025-08-27T23:59:20","guid":{"rendered":"https:\/\/roveyayinevi.com.tr\/index.php\/urun\/bayan-march\/"},"modified":"2026-04-16T02:59:46","modified_gmt":"2026-04-15T23:59:46","slug":"bayan-march","status":"publish","type":"product","link":"https:\/\/roveyayinevi.com.tr\/index.php\/urun\/bayan-march\/","title":{"rendered":"Bayan March"},"content":{"rendered":"<p>New York\u2019ta ayr\u0131cal\u0131kl\u0131 bir ya\u015fam s\u00fcren Bayan March, kocas\u0131 George March\u2019\u0131n son roman\u0131yla yay\u0131n d\u00fcnyas\u0131n\u0131 alt\u00fcst etmesinden olduk\u00e7a mutludur, ta ki her zaman m\u00fcdavimi oldu\u011fu pastanedeki tezg\u00e2htar\u0131n roman\u0131n Bayan March\u2019tan ilham al\u0131nd\u0131\u011f\u0131n\u0131 ima etmesine kadar. Bu s\u0131radan s\u00f6z, Bayan March\u2019\u0131n kocas\u0131, kendisi ve hayat\u0131yla ilgili inand\u0131\u011f\u0131 bir\u00e7ok \u015feyin ger\u00e7ek olmad\u0131\u011f\u0131n\u0131 hissettirir. Bir yalan\u0131n i\u00e7inde ya\u015fad\u0131\u011f\u0131n\u0131 d\u00fc\u015f\u00fcnen March, giderek paranoyak bir ruh haline b\u00fcr\u00fcn\u00fcr. Aniden ortaya \u00e7\u0131kmaya ba\u015flayan hamamb\u00f6cekleri, tan\u0131k oldu\u011fu cinayet ve kendine t\u0131pat\u0131p benzeyen bir kad\u0131n\u0131n ortaya \u00e7\u0131k\u0131\u015f\u0131 Bayan March\u2019\u0131 d\u00f6n\u00fclemez bir yolculu\u011fun i\u00e7ine \u00e7eker.   *   Hitchcockvari bir duyarl\u0131l\u0131\u011f\u0131 kara mizahla birle\u015ftiren, yirmi birinci y\u00fczy\u0131l\u0131n Highsmith\u2019i olarak adland\u0131r\u0131lan yetenekli yazar Virginia Feito, paronaya, korku ve gerilimden olu\u015fan klostrofobik atmosferdeki b\u00fcy\u00fcleyici roman\u0131yla okurlar\u0131 muhte\u015fem bir ke\u015ffe \u00e7\u0131kar\u0131yor.   *** Virginia&#8217;n\u0131n roman\u0131n\u0131 bir oturu\u015fta okudum ve o kadar kap\u0131ld\u0131m ki, kesinlikle Bayan March&#8217;\u0131 oynamam gerekti\u011fini biliyordum. Karakter olarak b\u00fcy\u00fcleyici, karma\u015f\u0131k ve insani. Ona di\u015flerimi ge\u00e7irmek i\u00e7in sab\u0131rs\u0131zlan\u0131yorum.&#8221;   Elisabeth Moss<\/p>\n","protected":false},"excerpt":{"rendered":"<p>New York\u2019ta ayr\u0131cal\u0131kl\u0131 bir ya\u015fam s\u00fcren Bayan March, kocas\u0131 George March\u2019\u0131n son roman\u0131yla yay\u0131n d\u00fcnyas\u0131n\u0131 alt\u00fcst etmesinden olduk\u00e7a mutludur, ta ki her zaman m\u00fcdavimi oldu\u011fu pastanedeki<span class=\"excerpt-hellip\"> [\u2026]<\/span><\/p>\n","protected":false},"featured_media":0,"template":"","meta":{"_monsterinsights_skip_tracking":false,"_monsterinsights_sitenote_active":false,"_monsterinsights_sitenote_note":"","_monsterinsights_sitenote_category":0},"product_brand":[],"product_cat":[12291,17033],"product_tag":[],"class_list":{"0":"post-747116","1":"product","2":"type-product","3":"status-publish","5":"product_cat-edebiyat","6":"product_cat-korku-gerilim","7":"pa_cilt-ciltsiz","8":"pa_tur-kitap","9":"pa_yayinevi-marti-yayinlari","10":"pa_yazar-virginia-feito","12":"first","13":"instock","14":"sale","15":"shipping-taxable","16":"purchasable","17":"product-type-simple"},"_links":{"self":[{"href":"https:\/\/roveyayinevi.com.tr\/index.php\/wp-json\/wp\/v2\/product\/747116","targetHints":{"allow":["GET"]}}],"collection":[{"href":"https:\/\/roveyayinevi.com.tr\/index.php\/wp-json\/wp\/v2\/product"}],"about":[{"href":"https:\/\/roveyayinevi.com.tr\/index.php\/wp-json\/wp\/v2\/types\/product"}],"wp:attachment":[{"href":"https:\/\/roveyayinevi.com.tr\/index.php\/wp-json\/wp\/v2\/media?parent=747116"}],"wp:term":[{"taxonomy":"product_brand","embeddable":true,"href":"https:\/\/roveyayinevi.com.tr\/index.php\/wp-json\/wp\/v2\/product_brand?post=747116"},{"taxonomy":"product_cat","embeddable":true,"href":"https:\/\/roveyayinevi.com.tr\/index.php\/wp-json\/wp\/v2\/product_cat?post=747116"},{"taxonomy":"product_tag","embeddable":true,"href":"https:\/\/roveyayinevi.com.tr\/index.php\/wp-json\/wp\/v2\/product_tag?post=747116"}],"curies":[{"name":"wp","href":"https:\/\/api.w.org\/{rel}","templated":true}]}}