{"id":747115,"date":"2025-08-28T02:59:19","date_gmt":"2025-08-27T23:59:19","guid":{"rendered":"https:\/\/roveyayinevi.com.tr\/index.php\/urun\/yeryuzunde-turkler-turkculugun-tarihi-turk-tarihinin-bizans-kaynaklari\/"},"modified":"2026-04-16T02:59:46","modified_gmt":"2026-04-15T23:59:46","slug":"yeryuzunde-turkler-turkculugun-tarihi-turk-tarihinin-bizans-kaynaklari","status":"publish","type":"product","link":"https:\/\/roveyayinevi.com.tr\/index.php\/urun\/yeryuzunde-turkler-turkculugun-tarihi-turk-tarihinin-bizans-kaynaklari\/","title":{"rendered":"Yery\u00fcz\u00fcnde T\u00fcrkler &amp; T\u00fcrk\u00e7\u00fcl\u00fc\u011f\u00fcn Tarihi &amp; T\u00fcrk Tarihinin Bizans Kaynaklar\u0131"},"content":{"rendered":"<p>B\u00fct\u00fcn bir tarih boyunca efendi olarak ya\u015fam\u0131\u015f olan T\u00fcrk Milleti de \u00fcst\u00fcnl\u00fc\u011f\u00fcn\u00fc anlamam\u0131\u015f olsayd\u0131, Kore\u2019den Avrupa\u2019n\u0131n ortas\u0131na kadar muazzam araziye as\u0131rlarca h\u00e2kim olabilir miydi?&#8230; D\u00fcnyada hi\u00e7bir millet T\u00fcrk milleti kadar h\u00e2kim olamam\u0131\u015f ve T\u00fcrk Milleti kadar geni\u015f arazide efendilik etmemi\u015ftir. Hi\u00e7bir millete nasip olmam\u0131\u015f olan bu \u015fanl\u0131 tarihi babalar\u0131m\u0131z bize b\u0131rakt\u0131ktan sonra bizim de bunun sebebini ara\u015ft\u0131rmam\u0131z icap etmez mi?&#8230; Muazzam i\u015fler g\u00f6rm\u00fc\u015f milletler muayyen ideal sahibi olan milletlerdir. \u0130dealsiz \u00e7arp\u0131\u015f\u0131lmaz, idealsiz \u00f6l\u00fcnmez ve idealsiz b\u00fcy\u00fck i\u015fler g\u00f6r\u00fclmez. Acaba T\u00fcrk milleti de medeniyet, ilim ve h\u00e2kimiyet sahas\u0131nda \u00f6nderlik ederken hi\u00e7bir ideale hizmet etmedi mi?.. Acaba T\u00fcrk tarihi bir nehrin tabi\u00ee ak\u0131\u015f\u0131 gibi mukadder olan bir seyir mi takip etti?.. Bu suale evet demek, T\u00fcrk tarihini bilmemektir. T\u00fcrk kan\u0131 Salon\u2019da, Moha\u00e7\u2019ta, \u00c7ald\u0131ran\u2019da bir h\u00fck\u00fcmdar\u0131n arzu ve hevesi i\u00e7in akmad\u0131. T\u00fcrk, \u00fcst\u00fcnl\u00fc\u011f\u00fcn\u00fc duyan, anlayan ve bilen bir millettir. Onu duymak istemeyen, onun \u00fcst\u00fcnl\u00fc\u011f\u00fcn\u00fc anlamak istemeyen milletlere, T\u00fcrk k\u0131l\u0131c\u0131n\u0131n kuvvetiyle bunu duyurdu. Bin On y\u00fcz sene evvel Asya\u2019da dikmi\u015f oldu\u011fu bir abidenin \u00fczerinde ba\u015fl\u0131lara ba\u015f e\u011fdirmi\u015f, dizlilere diz \u00e7\u00f6kt\u00fcrm\u00fc\u015f oldu\u011funu a\u00e7\u0131k bir \u015fekilde yazmas\u0131 bu h\u00e2kimiyetini, bu efendili\u011fini duymu\u015f olmas\u0131n\u0131 g\u00f6stermez mi?.. <\/p>\n","protected":false},"excerpt":{"rendered":"<p>B\u00fct\u00fcn bir tarih boyunca efendi olarak ya\u015fam\u0131\u015f olan T\u00fcrk Milleti de \u00fcst\u00fcnl\u00fc\u011f\u00fcn\u00fc anlamam\u0131\u015f olsayd\u0131, Kore\u2019den Avrupa\u2019n\u0131n ortas\u0131na kadar muazzam araziye as\u0131rlarca h\u00e2kim olabilir miydi?&#8230; D\u00fcnyada hi\u00e7bir<span class=\"excerpt-hellip\"> [\u2026]<\/span><\/p>\n","protected":false},"featured_media":0,"template":"","meta":{"_monsterinsights_skip_tracking":false,"_monsterinsights_sitenote_active":false,"_monsterinsights_sitenote_note":"","_monsterinsights_sitenote_category":0},"product_brand":[],"product_cat":[12312,12304],"product_tag":[],"class_list":{"0":"post-747115","1":"product","2":"type-product","3":"status-publish","5":"product_cat-diger","6":"product_cat-tarih","7":"pa_cilt-ciltsiz","8":"pa_tur-kitap","9":"pa_yayinevi-altinordu-yayinlari","10":"pa_yazar-huseyin-namik-orkun","12":"first","13":"instock","14":"sale","15":"shipping-taxable","16":"purchasable","17":"product-type-simple"},"_links":{"self":[{"href":"https:\/\/roveyayinevi.com.tr\/index.php\/wp-json\/wp\/v2\/product\/747115","targetHints":{"allow":["GET"]}}],"collection":[{"href":"https:\/\/roveyayinevi.com.tr\/index.php\/wp-json\/wp\/v2\/product"}],"about":[{"href":"https:\/\/roveyayinevi.com.tr\/index.php\/wp-json\/wp\/v2\/types\/product"}],"wp:attachment":[{"href":"https:\/\/roveyayinevi.com.tr\/index.php\/wp-json\/wp\/v2\/media?parent=747115"}],"wp:term":[{"taxonomy":"product_brand","embeddable":true,"href":"https:\/\/roveyayinevi.com.tr\/index.php\/wp-json\/wp\/v2\/product_brand?post=747115"},{"taxonomy":"product_cat","embeddable":true,"href":"https:\/\/roveyayinevi.com.tr\/index.php\/wp-json\/wp\/v2\/product_cat?post=747115"},{"taxonomy":"product_tag","embeddable":true,"href":"https:\/\/roveyayinevi.com.tr\/index.php\/wp-json\/wp\/v2\/product_tag?post=747115"}],"curies":[{"name":"wp","href":"https:\/\/api.w.org\/{rel}","templated":true}]}}