{"id":747113,"date":"2025-08-28T02:59:17","date_gmt":"2025-08-27T23:59:17","guid":{"rendered":"https:\/\/roveyayinevi.com.tr\/index.php\/urun\/turk-sozunun-asli-eski-turklerde-para-eski-turklerde-evcil-hayvanlarin-tarihcesi\/"},"modified":"2026-04-16T02:59:46","modified_gmt":"2026-04-15T23:59:46","slug":"turk-sozunun-asli-eski-turklerde-para-eski-turklerde-evcil-hayvanlarin-tarihcesi","status":"publish","type":"product","link":"https:\/\/roveyayinevi.com.tr\/index.php\/urun\/turk-sozunun-asli-eski-turklerde-para-eski-turklerde-evcil-hayvanlarin-tarihcesi\/","title":{"rendered":"T\u00fcrk S\u00f6z\u00fcn\u00fcn Asl\u0131 &amp; Eski T\u00fcrklerde Para &amp; Eski T\u00fcrklerde Evcil Hayvanlar\u0131n Tarih\u00e7esi"},"content":{"rendered":"<p>T\u00fcrk ad\u0131n\u0131n asl\u0131 her T\u00fcrk\u00fc alakadar eder. Bu asil millet T\u00fcrk ad\u0131n\u0131 \u00f6nceleri bir kabileye, bir h\u00fck\u00fcmete vermi\u015fken sonralar\u0131 bu ad\u0131 ta\u015f\u0131yan h\u00fck\u00fcmetin b\u00fct\u00fcn Orta Asya\u2019ya sahip olmas\u0131 \u00fczerine kendi ad\u0131n\u0131 ayn\u0131 soydan olan di\u011fer \u0131rkda\u015flar\u0131na da te\u015fmil etmi\u015f, bu suretle T\u00fcrk ad\u0131 art\u0131k bu dili konu\u015fanlar\u0131n hepsine \u00e2lem olmu\u015ftur. Mamafih T\u00fcrk ad\u0131n\u0131n bu yay\u0131lmas\u0131na ra\u011fmen baz\u0131 T\u00fcrk boylar\u0131 veya devletleri kendi adlar\u0131n\u0131 kullanmaya devam etmi\u015fler ve bug\u00fcne kadar da bu isimleri muhafaza eylemi\u015flerdir. B\u00fct\u00fcn bu m\u00fcnferit hadiselere ra\u011fmen bug\u00fcn T\u00fcrk ad\u0131 bu dili konu\u015fanlar\u0131n hepsine \u00e2lem olmaktad\u0131r. T\u00fcrk ad\u0131 bizde esasl\u0131 bir surette tetkik edilmi\u015f de\u011fildir.   <\/p>\n","protected":false},"excerpt":{"rendered":"<p>T\u00fcrk ad\u0131n\u0131n asl\u0131 her T\u00fcrk\u00fc alakadar eder. Bu asil millet T\u00fcrk ad\u0131n\u0131 \u00f6nceleri bir kabileye, bir h\u00fck\u00fcmete vermi\u015fken sonralar\u0131 bu ad\u0131 ta\u015f\u0131yan h\u00fck\u00fcmetin b\u00fct\u00fcn Orta Asya\u2019ya<span class=\"excerpt-hellip\"> [\u2026]<\/span><\/p>\n","protected":false},"featured_media":0,"template":"","meta":{"_monsterinsights_skip_tracking":false,"_monsterinsights_sitenote_active":false,"_monsterinsights_sitenote_note":"","_monsterinsights_sitenote_category":0},"product_brand":[],"product_cat":[12312,12304],"product_tag":[],"class_list":{"0":"post-747113","1":"product","2":"type-product","3":"status-publish","5":"product_cat-diger","6":"product_cat-tarih","7":"pa_cilt-ciltsiz","8":"pa_tur-kitap","9":"pa_yayinevi-altinordu-yayinlari","10":"pa_yazar-huseyin-namik-orkun","12":"first","13":"instock","14":"sale","15":"shipping-taxable","16":"purchasable","17":"product-type-simple"},"_links":{"self":[{"href":"https:\/\/roveyayinevi.com.tr\/index.php\/wp-json\/wp\/v2\/product\/747113","targetHints":{"allow":["GET"]}}],"collection":[{"href":"https:\/\/roveyayinevi.com.tr\/index.php\/wp-json\/wp\/v2\/product"}],"about":[{"href":"https:\/\/roveyayinevi.com.tr\/index.php\/wp-json\/wp\/v2\/types\/product"}],"wp:attachment":[{"href":"https:\/\/roveyayinevi.com.tr\/index.php\/wp-json\/wp\/v2\/media?parent=747113"}],"wp:term":[{"taxonomy":"product_brand","embeddable":true,"href":"https:\/\/roveyayinevi.com.tr\/index.php\/wp-json\/wp\/v2\/product_brand?post=747113"},{"taxonomy":"product_cat","embeddable":true,"href":"https:\/\/roveyayinevi.com.tr\/index.php\/wp-json\/wp\/v2\/product_cat?post=747113"},{"taxonomy":"product_tag","embeddable":true,"href":"https:\/\/roveyayinevi.com.tr\/index.php\/wp-json\/wp\/v2\/product_tag?post=747113"}],"curies":[{"name":"wp","href":"https:\/\/api.w.org\/{rel}","templated":true}]}}