{"id":747112,"date":"2025-08-28T02:59:16","date_gmt":"2025-08-27T23:59:16","guid":{"rendered":"https:\/\/roveyayinevi.com.tr\/index.php\/urun\/atilla-ve-ogullari-hunlar\/"},"modified":"2026-04-16T02:59:46","modified_gmt":"2026-04-15T23:59:46","slug":"atilla-ve-ogullari-hunlar","status":"publish","type":"product","link":"https:\/\/roveyayinevi.com.tr\/index.php\/urun\/atilla-ve-ogullari-hunlar\/","title":{"rendered":"Atilla ve O\u011fullar\u0131 &amp; Hunlar"},"content":{"rendered":"<p>Dilimizde Attila hakk\u0131nda yaz\u0131lm\u0131\u015f birtak\u0131m kitaplar \u00e7\u0131kt\u0131 ise de benim eserim ne bir roman ne de bir terc\u00fcmedir. Senelerden beri bu mevzu ile u\u011fra\u015ft\u0131\u011f\u0131m i\u00e7in yedi senelik \u00e7al\u0131\u015fmam\u0131n mahsul\u00fcn\u00fc okuyucular\u0131ma takdim ediyorum. Atilla hakk\u0131nda Avrupa dillerinde yaz\u0131lm\u0131\u015f baz\u0131 eserler varsa da bunlar o zamandan beri yap\u0131lan tetkikat\u0131n ilerlemi\u015f olmas\u0131ndan dolay\u0131 ilmi k\u0131ymetlerinden kaybetmi\u015flerdir.  En son tetkikat\u0131 toplamaya \u00e7al\u0131\u015ft\u0131\u011f\u0131m bu kitaba gelince: \u0130lme yeni bir \u015fey ilave etmekten ziyade b\u00fct\u00fcn eserlere m\u00fcracaat ederek vakay\u0131 tam bir muverrih g\u00f6z ile g\u00f6rmek ve \u00fc\u00e7 kitaptan 8 H\u00fcseyin Nam\u0131k Orkun d\u00f6rd\u00fcnc\u00fcs\u00fcn\u00fc meydana \u00e7\u0131karmamak icap etti\u011fini gen\u00e7li\u011fe ve talebelerime g\u00f6stermek gayesi ile yaz\u0131lm\u0131\u015f oldu\u011funu bir defa daha tekrar etmek isterim. Kitab\u0131n ikinci k\u0131sm\u0131 Huanlardan sora Avrupa&#8217;ya gelen kavimlerden bahseder. Hun \u0130mparatorlu\u011funun inkiraz\u0131ndan sora te\u015fekk\u00fcl eden devletleri de gene Hun kitleleri te\u015fkil etmi\u015fti. Hatta Avarlar\u0131 dahi baz\u0131 m\u00fcverrihler Hun ismi ile kaydetmi\u015flerdir. Bu itibarla Hunlar\u0131n inkiraz\u0131ndan sonraki devletlerden de bahsetmeyi m\u00fcnasip g\u00f6rd\u00fcm. Macarlara gelince: Bu kavmin Hunlarla olan alaka derecesi hen\u00fcz taayyun etmemi\u015f ise de bu alakan\u0131n her ne \u015fekilde olursa olsun mevcudiyeti de muhakkak gibidir. Binaenaleyh Attila o\u011fullar\u0131 dedi\u011fim vakit Macarlar\u0131 Attila&#8217;n\u0131n o\u011fullar\u0131 telakki etmeyerek onlar\u0131 Hunlar\u0131n bu yerlerde h\u00e2lefleri telakki etti\u011fim i\u00e7in Mucurlardan da bahsetmekte bir beis g\u00f6rmedim. <\/p>\n","protected":false},"excerpt":{"rendered":"<p>Dilimizde Attila hakk\u0131nda yaz\u0131lm\u0131\u015f birtak\u0131m kitaplar \u00e7\u0131kt\u0131 ise de benim eserim ne bir roman ne de bir terc\u00fcmedir. Senelerden beri bu mevzu ile u\u011fra\u015ft\u0131\u011f\u0131m i\u00e7in yedi<span class=\"excerpt-hellip\"> [\u2026]<\/span><\/p>\n","protected":false},"featured_media":0,"template":"","meta":{"_monsterinsights_skip_tracking":false,"_monsterinsights_sitenote_active":false,"_monsterinsights_sitenote_note":"","_monsterinsights_sitenote_category":0},"product_brand":[],"product_cat":[12312,12304],"product_tag":[],"class_list":{"0":"post-747112","1":"product","2":"type-product","3":"status-publish","5":"product_cat-diger","6":"product_cat-tarih","7":"pa_cilt-ciltsiz","8":"pa_tur-kitap","9":"pa_yayinevi-altinordu-yayinlari","10":"pa_yazar-huseyin-namik-orkun","12":"first","13":"instock","14":"sale","15":"shipping-taxable","16":"purchasable","17":"product-type-simple"},"_links":{"self":[{"href":"https:\/\/roveyayinevi.com.tr\/index.php\/wp-json\/wp\/v2\/product\/747112","targetHints":{"allow":["GET"]}}],"collection":[{"href":"https:\/\/roveyayinevi.com.tr\/index.php\/wp-json\/wp\/v2\/product"}],"about":[{"href":"https:\/\/roveyayinevi.com.tr\/index.php\/wp-json\/wp\/v2\/types\/product"}],"wp:attachment":[{"href":"https:\/\/roveyayinevi.com.tr\/index.php\/wp-json\/wp\/v2\/media?parent=747112"}],"wp:term":[{"taxonomy":"product_brand","embeddable":true,"href":"https:\/\/roveyayinevi.com.tr\/index.php\/wp-json\/wp\/v2\/product_brand?post=747112"},{"taxonomy":"product_cat","embeddable":true,"href":"https:\/\/roveyayinevi.com.tr\/index.php\/wp-json\/wp\/v2\/product_cat?post=747112"},{"taxonomy":"product_tag","embeddable":true,"href":"https:\/\/roveyayinevi.com.tr\/index.php\/wp-json\/wp\/v2\/product_tag?post=747112"}],"curies":[{"name":"wp","href":"https:\/\/api.w.org\/{rel}","templated":true}]}}