{"id":747111,"date":"2025-08-28T02:59:15","date_gmt":"2025-08-27T23:59:15","guid":{"rendered":"https:\/\/roveyayinevi.com.tr\/index.php\/urun\/caylak-ile-filozof-seti-5-kitap\/"},"modified":"2026-04-15T03:09:53","modified_gmt":"2026-04-15T00:09:53","slug":"caylak-ile-filozof-seti-5-kitap","status":"publish","type":"product","link":"https:\/\/roveyayinevi.com.tr\/index.php\/urun\/caylak-ile-filozof-seti-5-kitap\/","title":{"rendered":"\u00c7aylak \u0130le Filozof Seti (5 Kitap)"},"content":{"rendered":"<p>Beklenmedik bir olayla hayatlar\u0131 birbirine de\u011fen \u00c7aylak ile Filozof, \u00c7aylak\u2019\u0131n kendi benli\u011fine do\u011fru bir yolculu\u011fa \u00e7\u0131km\u0131\u015flard\u0131. Ama bu uzun bir yolculuktu.\u0130lk kitapta, e\u015fsiz ve benzersiz bir benlik ta\u015f\u0131d\u0131\u011f\u0131n\u0131n fark\u0131na varmaya ba\u015flayan \u00c7aylak, dizinin ikinci kitab\u0131nda ise insan olman\u0131n ne demek oldu\u011funu ke\u015ffetmeye \u00e7al\u0131\u015f\u0131yor. Ve soruyor: \u201cNeden bir kutup ay\u0131s\u0131, bir solucan de\u011filim ben? Neden insan\u0131m?   \u00c7aylak ile Filozof seti 5 kitap bir arada\u2026   \u00c7aylak ile Filozof-1 \/ Ben Bir Neyim? \u00c7aylak ile Filozof-2 \/ \u0130nsan Diye Bir Kelime \u00c7aylak ile Filozof-3 \/ Ruhun Irk\u0131 Yok! \u00c7aylak ile Filozof-4 \/ G\u00fczellik, \u0130yiliktir \u00c7aylak ile Filozof-5 \/ \u015e\u00fcphelerin Alaca Karanl\u0131\u011f\u0131nda <\/p>\n","protected":false},"excerpt":{"rendered":"<p>Beklenmedik bir olayla hayatlar\u0131 birbirine de\u011fen \u00c7aylak ile Filozof, \u00c7aylak\u2019\u0131n kendi benli\u011fine do\u011fru bir yolculu\u011fa \u00e7\u0131km\u0131\u015flard\u0131. Ama bu uzun bir yolculuktu.\u0130lk kitapta, e\u015fsiz ve benzersiz bir<span class=\"excerpt-hellip\"> [\u2026]<\/span><\/p>\n","protected":false},"featured_media":0,"template":"","meta":{"_monsterinsights_skip_tracking":false,"_monsterinsights_sitenote_active":false,"_monsterinsights_sitenote_note":"","_monsterinsights_sitenote_category":0},"product_brand":[],"product_cat":[12274,12284],"product_tag":[],"class_list":{"0":"post-747111","1":"product","2":"type-product","3":"status-publish","5":"product_cat-cocuk-ve-genclik-kitaplari","6":"product_cat-hikayeler","7":"pa_cilt-ciltsiz","8":"pa_tur-kitap","9":"pa_yayinevi-ugurbocegi-yayinlari","10":"pa_yazar-ozkan-oze","12":"first","13":"instock","14":"sale","15":"shipping-taxable","16":"purchasable","17":"product-type-simple"},"_links":{"self":[{"href":"https:\/\/roveyayinevi.com.tr\/index.php\/wp-json\/wp\/v2\/product\/747111","targetHints":{"allow":["GET"]}}],"collection":[{"href":"https:\/\/roveyayinevi.com.tr\/index.php\/wp-json\/wp\/v2\/product"}],"about":[{"href":"https:\/\/roveyayinevi.com.tr\/index.php\/wp-json\/wp\/v2\/types\/product"}],"wp:attachment":[{"href":"https:\/\/roveyayinevi.com.tr\/index.php\/wp-json\/wp\/v2\/media?parent=747111"}],"wp:term":[{"taxonomy":"product_brand","embeddable":true,"href":"https:\/\/roveyayinevi.com.tr\/index.php\/wp-json\/wp\/v2\/product_brand?post=747111"},{"taxonomy":"product_cat","embeddable":true,"href":"https:\/\/roveyayinevi.com.tr\/index.php\/wp-json\/wp\/v2\/product_cat?post=747111"},{"taxonomy":"product_tag","embeddable":true,"href":"https:\/\/roveyayinevi.com.tr\/index.php\/wp-json\/wp\/v2\/product_tag?post=747111"}],"curies":[{"name":"wp","href":"https:\/\/api.w.org\/{rel}","templated":true}]}}