{"id":747105,"date":"2025-08-28T02:59:06","date_gmt":"2025-08-27T23:59:06","guid":{"rendered":"https:\/\/roveyayinevi.com.tr\/index.php\/urun\/j-p-sartre-ile-soylesiler\/"},"modified":"2026-04-16T02:59:46","modified_gmt":"2026-04-15T23:59:46","slug":"j-p-sartre-ile-soylesiler","status":"publish","type":"product","link":"https:\/\/roveyayinevi.com.tr\/index.php\/urun\/j-p-sartre-ile-soylesiler\/","title":{"rendered":"J.P. Sartre \u0130le S\u00f6yle\u015filer"},"content":{"rendered":"<p>Simone de Beauvoir soruyor, Jean-Paul Sartre cevapl\u0131yor.   Bu s\u00f6yle\u015filer 1974 yaz\u0131nda Roma\u2019da, sonbaharda Paris\u2019te ger\u00e7ekle\u015ftirildi. Sartre zaman zaman yorgun oluyor, bana d\u00fczg\u00fcn yan\u0131t veremiyordu; kimi zamansa ben esin bulamayarak sudan sorular soruyordum. G\u00f6z\u00fcme gereksiz g\u00f6r\u00fcnen konu\u015fmalar\u0131 metinden \u00e7\u0131kard\u0131m. Geri kalan\u0131n\u0131 ise kronolojik s\u0131raya az \u00e7ok uygun kalmaya \u00e7al\u0131\u015farak temalara g\u00f6re s\u0131n\u0131fland\u0131rd\u0131m ve kolay okunabilir hale getirmeye u\u011fra\u015ft\u0131m. Bilindi\u011fi \u00fczere, bir kay\u0131t cihaz\u0131n\u0131n saklad\u0131\u011f\u0131 s\u00f6zler d\u00fczg\u00fcn bi\u00e7imde yaz\u0131lm\u0131\u015f bir anlat\u0131ya pek yakla\u015fam\u0131yor. Ancak konu\u015ftuklar\u0131m\u0131z\u0131 yaz\u0131 diline uygun \u015fekilde ba\u015ftan yazmak da istemedim, do\u011fall\u0131\u011f\u0131n\u0131 korumay\u0131 tercih ettim.   Simone de Beauvoir <\/p>\n","protected":false},"excerpt":{"rendered":"<p>Simone de Beauvoir soruyor, Jean-Paul Sartre cevapl\u0131yor. Bu s\u00f6yle\u015filer 1974 yaz\u0131nda Roma\u2019da, sonbaharda Paris\u2019te ger\u00e7ekle\u015ftirildi. Sartre zaman zaman yorgun oluyor, bana d\u00fczg\u00fcn yan\u0131t veremiyordu; kimi zamansa<span class=\"excerpt-hellip\"> [\u2026]<\/span><\/p>\n","protected":false},"featured_media":0,"template":"","meta":{"_monsterinsights_skip_tracking":false,"_monsterinsights_sitenote_active":false,"_monsterinsights_sitenote_note":"","_monsterinsights_sitenote_category":0},"product_brand":[],"product_cat":[12291,30969],"product_tag":[],"class_list":{"0":"post-747105","1":"product","2":"type-product","3":"status-publish","5":"product_cat-edebiyat","6":"product_cat-soylesi-edebiyat","7":"pa_cilt-ciltsiz","8":"pa_tur-kitap","9":"pa_yayinevi-everest-yayinlari","10":"pa_yazar-simone-de-beauvoir","12":"first","13":"instock","14":"sale","15":"shipping-taxable","16":"purchasable","17":"product-type-simple"},"_links":{"self":[{"href":"https:\/\/roveyayinevi.com.tr\/index.php\/wp-json\/wp\/v2\/product\/747105","targetHints":{"allow":["GET"]}}],"collection":[{"href":"https:\/\/roveyayinevi.com.tr\/index.php\/wp-json\/wp\/v2\/product"}],"about":[{"href":"https:\/\/roveyayinevi.com.tr\/index.php\/wp-json\/wp\/v2\/types\/product"}],"wp:attachment":[{"href":"https:\/\/roveyayinevi.com.tr\/index.php\/wp-json\/wp\/v2\/media?parent=747105"}],"wp:term":[{"taxonomy":"product_brand","embeddable":true,"href":"https:\/\/roveyayinevi.com.tr\/index.php\/wp-json\/wp\/v2\/product_brand?post=747105"},{"taxonomy":"product_cat","embeddable":true,"href":"https:\/\/roveyayinevi.com.tr\/index.php\/wp-json\/wp\/v2\/product_cat?post=747105"},{"taxonomy":"product_tag","embeddable":true,"href":"https:\/\/roveyayinevi.com.tr\/index.php\/wp-json\/wp\/v2\/product_tag?post=747105"}],"curies":[{"name":"wp","href":"https:\/\/api.w.org\/{rel}","templated":true}]}}