{"id":747104,"date":"2025-08-28T02:59:04","date_gmt":"2025-08-27T23:59:04","guid":{"rendered":"https:\/\/roveyayinevi.com.tr\/index.php\/urun\/bana-yaklasma\/"},"modified":"2026-04-16T02:59:46","modified_gmt":"2026-04-15T23:59:46","slug":"bana-yaklasma","status":"publish","type":"product","link":"https:\/\/roveyayinevi.com.tr\/index.php\/urun\/bana-yaklasma\/","title":{"rendered":"Bana Yakla\u015fma"},"content":{"rendered":"<p>Sevgili Hastam, Benim i\u00e7in sadece bir \u201ckarar an\u0131\u201d dedi\u011finiz iki kelimenin \u00fczerinde biraz daha durmak isterim. Sizin a\u00e7\u0131n\u0131zdan bak\u0131l\u0131nca basite indirgenen, benim a\u00e7\u0131mdan ise, \u00f6b\u00fcr hastalara, ya yer bulamazsam, diye sabaha kadar ac\u0131 \u00e7ekti\u011fim bir and\u0131. 112 Acil Komuta Merkezi\u2019ni s\u00fcrekli rahats\u0131z etti\u011fim, vicdanen rahatlamak i\u00e7in sabaha kadar ortal\u0131kta dolan\u0131p onlardan haber bekledi\u011fim upuzun bir and\u0131. Ailelerinizin resimlerini ba\u015fucunuza koyup iyile\u015fmeniz i\u00e7in oradan medet ummay\u0131 bilecek kadar ac\u0131lara al\u0131\u015fk\u0131n bir tecr\u00fcbe an\u0131yd\u0131. N\u00f6bet gecemi her y\u00f6n\u00fcyle do\u011fru, etik ve b\u00fct\u00fcn hastalara e\u015fit mesafede ge\u00e7irmek i\u00e7in bunca y\u0131ll\u0131k deneyimimi g\u00f6zden ge\u00e7irip hatalar\u0131mdan do\u011fru bilgi dam\u0131tmaya \u00e7al\u0131\u015ft\u0131\u011f\u0131m bir and\u0131. Velhas\u0131l o k\u00fc\u00e7\u00fcc\u00fck karar an\u0131 bu meslek i\u00e7in adanm\u0131\u015f bir \u00f6m\u00fcrd\u00fc.   Sevgiyle\u2026 \u00d6te \u00e2leme ge\u00e7ene de, direnmeyi se\u00e7ip kalana da selam ederim\u2026 <\/p>\n","protected":false},"excerpt":{"rendered":"<p>Sevgili Hastam, Benim i\u00e7in sadece bir \u201ckarar an\u0131\u201d dedi\u011finiz iki kelimenin \u00fczerinde biraz daha durmak isterim. Sizin a\u00e7\u0131n\u0131zdan bak\u0131l\u0131nca basite indirgenen, benim a\u00e7\u0131mdan ise, \u00f6b\u00fcr hastalara,<span class=\"excerpt-hellip\"> [\u2026]<\/span><\/p>\n","protected":false},"featured_media":0,"template":"","meta":{"_monsterinsights_skip_tracking":false,"_monsterinsights_sitenote_active":false,"_monsterinsights_sitenote_note":"","_monsterinsights_sitenote_category":0},"product_brand":[],"product_cat":[18545,12291],"product_tag":[],"class_list":{"0":"post-747104","1":"product","2":"type-product","3":"status-publish","5":"product_cat-anlati","6":"product_cat-edebiyat","7":"pa_cilt-ciltsiz","8":"pa_tur-kitap","9":"pa_yayinevi-everest-yayinlari","10":"pa_yazar-meral-sakliyan","12":"first","13":"instock","14":"sale","15":"shipping-taxable","16":"purchasable","17":"product-type-simple"},"_links":{"self":[{"href":"https:\/\/roveyayinevi.com.tr\/index.php\/wp-json\/wp\/v2\/product\/747104","targetHints":{"allow":["GET"]}}],"collection":[{"href":"https:\/\/roveyayinevi.com.tr\/index.php\/wp-json\/wp\/v2\/product"}],"about":[{"href":"https:\/\/roveyayinevi.com.tr\/index.php\/wp-json\/wp\/v2\/types\/product"}],"wp:attachment":[{"href":"https:\/\/roveyayinevi.com.tr\/index.php\/wp-json\/wp\/v2\/media?parent=747104"}],"wp:term":[{"taxonomy":"product_brand","embeddable":true,"href":"https:\/\/roveyayinevi.com.tr\/index.php\/wp-json\/wp\/v2\/product_brand?post=747104"},{"taxonomy":"product_cat","embeddable":true,"href":"https:\/\/roveyayinevi.com.tr\/index.php\/wp-json\/wp\/v2\/product_cat?post=747104"},{"taxonomy":"product_tag","embeddable":true,"href":"https:\/\/roveyayinevi.com.tr\/index.php\/wp-json\/wp\/v2\/product_tag?post=747104"}],"curies":[{"name":"wp","href":"https:\/\/api.w.org\/{rel}","templated":true}]}}