{"id":747101,"date":"2025-08-28T02:59:00","date_gmt":"2025-08-27T23:59:00","guid":{"rendered":"https:\/\/roveyayinevi.com.tr\/index.php\/urun\/falaka-bez-ciltli\/"},"modified":"2026-04-16T02:59:46","modified_gmt":"2026-04-15T23:59:46","slug":"falaka-bez-ciltli","status":"publish","type":"product","link":"https:\/\/roveyayinevi.com.tr\/index.php\/urun\/falaka-bez-ciltli\/","title":{"rendered":"Falaka (Bez Ciltli)"},"content":{"rendered":"<p>Ahmet Rasim\u2019in \u00e7ocuklu\u011fu annesi, su\u0308tannesi ve Karaannesi ile birlikte bu\u0308yu\u0308du\u0308\u011fu\u0308 bir evde ge\u00e7er. Mektep ve hocalara dair duydu\u011fu korkudan dolay\u0131 hoca kelimesinden bile u\u0308rker. Ancak bir gu\u0308n gizlice kafes arkas\u0131ndan g\u00f6zetledi\u011fi Hoca Efendi onu mektebe g\u00f6tu\u0308rerek misafir eder. Eve d\u00f6nu\u0308nce bu olay\u0131 anlatan ku\u0308\u00e7u\u0308k Rasim i\u00e7in mektep seru\u0308veni o gu\u0308nden itibaren ba\u015flar. Ahmet Rasim\u2019in \u00e7ocukluk gu\u0308nlerini ve e\u011fitim hayat\u0131n\u0131n bir k\u0131sm\u0131n\u0131 anlatt\u0131\u011f\u0131 bir an\u0131 kitab\u0131 olan Falaka\u2019da, d\u00f6nemin e\u011fitim kurumlar\u0131 ve i\u015fleyi\u015fi hakk\u0131nda olduk\u00e7a detayl\u0131 bilgiler verilir ve ayn\u0131 zamanda Osmanl\u0131\u2019n\u0131n son yu\u0308zy\u0131l\u0131n\u0131n ku\u0308ltu\u0308rel ve toplumsal hayat\u0131 da g\u00f6zler \u00f6nu\u0308ne serilir. Ahmet Rasim\u2019in eseri, Mu\u011fla S\u0131tk\u0131 Ko\u00e7man \u00dcniversitesi Tu\u0308rk \u0130slam Edebiyat\u0131 Anabilim Dal\u0131nda ara\u015ft\u0131rma g\u00f6revlisi olan Dr. Nesrin Ayd\u0131n Satar taraf\u0131ndan yay\u0131na haz\u0131rlanm\u0131\u015ft\u0131r. Eserin edit\u00f6rlu\u0308\u011fu\u0308nu\u0308 ise Bo\u011fazi\u00e7i \u00dcniversitesi Tu\u0308rk Dili ve Edebiyat\u0131 B\u00f6lu\u0308mu\u0308nde \u00f6\u011fretim u\u0308yesi olan Do\u00e7. Dr. Tu\u0308lay Gen\u00e7tu\u0308rk Demircio\u011flu ger\u00e7ekle\u015ftirmi\u015ftir. \u0130lk kez 1927 y\u0131l\u0131nda yay\u0131nlanan eserin elinizdeki bask\u0131s\u0131, d\u00f6nemin diline ve ruhuna olabildi\u011fince uygun olarak yay\u0131na haz\u0131rlanm\u0131\u015f, bununla birlikte gu\u0308nu\u0308mu\u0308z okuru i\u00e7in de anla\u015f\u0131labilir olmas\u0131 ama\u00e7lanm\u0131\u015ft\u0131r.  <\/p>\n","protected":false},"excerpt":{"rendered":"<p>Ahmet Rasim\u2019in \u00e7ocuklu\u011fu annesi, su\u0308tannesi ve Karaannesi ile birlikte bu\u0308yu\u0308du\u0308\u011fu\u0308 bir evde ge\u00e7er. Mektep ve hocalara dair duydu\u011fu korkudan dolay\u0131 hoca kelimesinden bile u\u0308rker. Ancak bir<span class=\"excerpt-hellip\"> [\u2026]<\/span><\/p>\n","protected":false},"featured_media":0,"template":"","meta":{"_monsterinsights_skip_tracking":false,"_monsterinsights_sitenote_active":false,"_monsterinsights_sitenote_note":"","_monsterinsights_sitenote_category":0},"product_brand":[],"product_cat":[12291,12711],"product_tag":[],"class_list":{"0":"post-747101","1":"product","2":"type-product","3":"status-publish","5":"product_cat-edebiyat","6":"product_cat-roman-oyku","7":"pa_cilt-ciltli","8":"pa_tur-kitap","9":"pa_yayinevi-koridor-yayincilik","10":"pa_yazar-ahmet-rasim","12":"first","13":"instock","14":"sale","15":"shipping-taxable","16":"purchasable","17":"product-type-simple"},"_links":{"self":[{"href":"https:\/\/roveyayinevi.com.tr\/index.php\/wp-json\/wp\/v2\/product\/747101","targetHints":{"allow":["GET"]}}],"collection":[{"href":"https:\/\/roveyayinevi.com.tr\/index.php\/wp-json\/wp\/v2\/product"}],"about":[{"href":"https:\/\/roveyayinevi.com.tr\/index.php\/wp-json\/wp\/v2\/types\/product"}],"wp:attachment":[{"href":"https:\/\/roveyayinevi.com.tr\/index.php\/wp-json\/wp\/v2\/media?parent=747101"}],"wp:term":[{"taxonomy":"product_brand","embeddable":true,"href":"https:\/\/roveyayinevi.com.tr\/index.php\/wp-json\/wp\/v2\/product_brand?post=747101"},{"taxonomy":"product_cat","embeddable":true,"href":"https:\/\/roveyayinevi.com.tr\/index.php\/wp-json\/wp\/v2\/product_cat?post=747101"},{"taxonomy":"product_tag","embeddable":true,"href":"https:\/\/roveyayinevi.com.tr\/index.php\/wp-json\/wp\/v2\/product_tag?post=747101"}],"curies":[{"name":"wp","href":"https:\/\/api.w.org\/{rel}","templated":true}]}}