{"id":747098,"date":"2025-08-28T02:58:56","date_gmt":"2025-08-27T23:58:56","guid":{"rendered":"https:\/\/roveyayinevi.com.tr\/index.php\/urun\/mucize-kilidini-kaldir\/"},"modified":"2026-04-16T02:59:46","modified_gmt":"2026-04-15T23:59:46","slug":"mucize-kilidini-kaldir","status":"publish","type":"product","link":"https:\/\/roveyayinevi.com.tr\/index.php\/urun\/mucize-kilidini-kaldir\/","title":{"rendered":"Mucize Kilidini Kald\u0131r"},"content":{"rendered":"<p>\u201cSiz kendiniz, t\u00fcm evrendeki herkes kadar sevginizi ve \u015fefkatinizi hak ediyorsunuz.\u201d \u2013 Buda   Hayalinizdeki hayat\u0131 ya\u015fayabiliyor musunuz? Her \u015fey tam da istedi\u011finiz gibi yolunda m\u0131? Sevdi\u011finiz i\u015fi yaparak, bol para kazanarak, sevip sevilerek, yeteneklerinizi ve potansiyelinizi s\u0131n\u0131rs\u0131zca ortaya koyarak, mutlu ve \u00fcretken bir ya\u015fam s\u00fcrebiliyor musunuz? Bir tanesini bile tam anlam\u0131yla deneyimleyemedi\u011finizi d\u00fc\u015f\u00fcn\u00fcyorsan\u0131z ge\u00e7mi\u015fin s\u0131rt\u0131n\u0131za saplanm\u0131\u015f olan kancalar\u0131ndan ve size ait olmayan inan\u0131\u015f kal\u0131plar\u0131ndan ar\u0131nman\u0131z gerekiyor demektir. \u00c7\u00fcnk\u00fc m\u00fcziceler tam da bu noktada ger\u00e7ekle\u015fmeye ba\u015flar. Mucizelerin kilidi i\u00e7inizde&#8230; Kilitleri nerede, ne zaman, ne \u015fekilde a\u00e7abilece\u011finizin bilgisi ise bu kitapta&#8230; K\u00fc\u00e7\u00fcc\u00fck kararlarla, eylemlerle ve uygulamalarla ya\u015fam\u0131n\u0131zda ne b\u00fcy\u00fck mucizeler yaratabilece\u011finize kendiniz bile inanamayacaks\u0131n\u0131z. \u201cHayalimdekinden bile daha g\u00fczel!\u201d dedi\u011finiz yeni bir ya\u015fam\u0131n ilk ad\u0131m\u0131n\u0131 atmaya haz\u0131rsan\u0131z, ba\u015flayal\u0131m&#8230; <\/p>\n","protected":false},"excerpt":{"rendered":"<p>\u201cSiz kendiniz, t\u00fcm evrendeki herkes kadar sevginizi ve \u015fefkatinizi hak ediyorsunuz.\u201d \u2013 Buda Hayalinizdeki hayat\u0131 ya\u015fayabiliyor musunuz? Her \u015fey tam da istedi\u011finiz gibi yolunda m\u0131? Sevdi\u011finiz<span class=\"excerpt-hellip\"> [\u2026]<\/span><\/p>\n","protected":false},"featured_media":0,"template":"","meta":{"_monsterinsights_skip_tracking":false,"_monsterinsights_sitenote_active":false,"_monsterinsights_sitenote_note":"","_monsterinsights_sitenote_category":0},"product_brand":[],"product_cat":[12364,12376],"product_tag":[],"class_list":{"0":"post-747098","1":"product","2":"type-product","3":"status-publish","5":"product_cat-genel-konular","6":"product_cat-kisisel-gelisim","7":"pa_cilt-ciltsiz","8":"pa_tur-kitap","9":"pa_yayinevi-destek-yayinlari","10":"pa_yazar-deniz-ozhan","12":"first","13":"instock","14":"sale","15":"shipping-taxable","16":"purchasable","17":"product-type-simple"},"_links":{"self":[{"href":"https:\/\/roveyayinevi.com.tr\/index.php\/wp-json\/wp\/v2\/product\/747098","targetHints":{"allow":["GET"]}}],"collection":[{"href":"https:\/\/roveyayinevi.com.tr\/index.php\/wp-json\/wp\/v2\/product"}],"about":[{"href":"https:\/\/roveyayinevi.com.tr\/index.php\/wp-json\/wp\/v2\/types\/product"}],"wp:attachment":[{"href":"https:\/\/roveyayinevi.com.tr\/index.php\/wp-json\/wp\/v2\/media?parent=747098"}],"wp:term":[{"taxonomy":"product_brand","embeddable":true,"href":"https:\/\/roveyayinevi.com.tr\/index.php\/wp-json\/wp\/v2\/product_brand?post=747098"},{"taxonomy":"product_cat","embeddable":true,"href":"https:\/\/roveyayinevi.com.tr\/index.php\/wp-json\/wp\/v2\/product_cat?post=747098"},{"taxonomy":"product_tag","embeddable":true,"href":"https:\/\/roveyayinevi.com.tr\/index.php\/wp-json\/wp\/v2\/product_tag?post=747098"}],"curies":[{"name":"wp","href":"https:\/\/api.w.org\/{rel}","templated":true}]}}