{"id":747097,"date":"2025-08-28T02:58:55","date_gmt":"2025-08-27T23:58:55","guid":{"rendered":"https:\/\/roveyayinevi.com.tr\/index.php\/urun\/kadin-futbolcularda-odaklanmis-dikkat\/"},"modified":"2026-04-16T02:59:46","modified_gmt":"2026-04-15T23:59:46","slug":"kadin-futbolcularda-odaklanmis-dikkat","status":"publish","type":"product","link":"https:\/\/roveyayinevi.com.tr\/index.php\/urun\/kadin-futbolcularda-odaklanmis-dikkat\/","title":{"rendered":"Kad\u0131n Futbolcularda Odaklanm\u0131\u015f Dikkat"},"content":{"rendered":"<p>\u0130\u00e7indekiler:     \u015eEK\u0130LLER D\u0130Z\u0130N\u0130 TABLOLAR D\u0130Z\u0130N\u0130   1.      G\u0130R\u0130\u015e 2.      GENEL B\u0130LG\u0130LER 3.      GERE\u00c7 VE Y\u00d6NTEM 4.       BULGULAR 5.      TARTI\u015eMA 6.      SONU\u00c7 VE \u00d6NER\u0130LER   KAYNAKLAR \u00d6ZGE\u00c7M\u0130\u015e <\/p>\n","protected":false},"excerpt":{"rendered":"<p>\u0130\u00e7indekiler: \u015eEK\u0130LLER D\u0130Z\u0130N\u0130 TABLOLAR D\u0130Z\u0130N\u0130 1. G\u0130R\u0130\u015e 2. GENEL B\u0130LG\u0130LER 3. GERE\u00c7 VE Y\u00d6NTEM 4. BULGULAR 5. TARTI\u015eMA 6. SONU\u00c7 VE \u00d6NER\u0130LER KAYNAKLAR \u00d6ZGE\u00c7M\u0130\u015e<\/p>\n","protected":false},"featured_media":0,"template":"","meta":{"_monsterinsights_skip_tracking":false,"_monsterinsights_sitenote_active":false,"_monsterinsights_sitenote_note":"","_monsterinsights_sitenote_category":0},"product_brand":[],"product_cat":[15563,15564],"product_tag":[],"class_list":{"0":"post-747097","1":"product","2":"type-product","3":"status-publish","5":"product_cat-hobi","6":"product_cat-spor","7":"pa_cilt-ciltsiz","8":"pa_tur-kitap","9":"pa_yayinevi-gazi-kitabevi","10":"pa_yazar-esra-akbas-nahit-ozdayi","12":"first","13":"instock","14":"sale","15":"shipping-taxable","16":"purchasable","17":"product-type-simple"},"_links":{"self":[{"href":"https:\/\/roveyayinevi.com.tr\/index.php\/wp-json\/wp\/v2\/product\/747097","targetHints":{"allow":["GET"]}}],"collection":[{"href":"https:\/\/roveyayinevi.com.tr\/index.php\/wp-json\/wp\/v2\/product"}],"about":[{"href":"https:\/\/roveyayinevi.com.tr\/index.php\/wp-json\/wp\/v2\/types\/product"}],"wp:attachment":[{"href":"https:\/\/roveyayinevi.com.tr\/index.php\/wp-json\/wp\/v2\/media?parent=747097"}],"wp:term":[{"taxonomy":"product_brand","embeddable":true,"href":"https:\/\/roveyayinevi.com.tr\/index.php\/wp-json\/wp\/v2\/product_brand?post=747097"},{"taxonomy":"product_cat","embeddable":true,"href":"https:\/\/roveyayinevi.com.tr\/index.php\/wp-json\/wp\/v2\/product_cat?post=747097"},{"taxonomy":"product_tag","embeddable":true,"href":"https:\/\/roveyayinevi.com.tr\/index.php\/wp-json\/wp\/v2\/product_tag?post=747097"}],"curies":[{"name":"wp","href":"https:\/\/api.w.org\/{rel}","templated":true}]}}