{"id":747095,"date":"2025-08-28T02:58:54","date_gmt":"2025-08-27T23:58:54","guid":{"rendered":"https:\/\/roveyayinevi.com.tr\/index.php\/urun\/fourier-donusumuyle-zaman-serisi-analizleri-bist-hisse-senedi-deger-tahminlemesi\/"},"modified":"2026-04-16T02:59:45","modified_gmt":"2026-04-15T23:59:45","slug":"fourier-donusumuyle-zaman-serisi-analizleri-bist-hisse-senedi-deger-tahminlemesi","status":"publish","type":"product","link":"https:\/\/roveyayinevi.com.tr\/index.php\/urun\/fourier-donusumuyle-zaman-serisi-analizleri-bist-hisse-senedi-deger-tahminlemesi\/","title":{"rendered":"Fourier D\u00f6n\u00fc\u015f\u00fcm\u00fcyle Zaman Serisi Analizleri BIST Hisse Senedi De\u011fer Tahminlemesi"},"content":{"rendered":"<p>\u0130\u00e7indekiler:     B\u0130R\u0130NC\u0130 B\u00d6L\u00dcM ZAMAN SER\u0130S\u0130 ANAL\u0130Z\u0130   \u0130K\u0130NC\u0130 B\u00d6L\u00dcM FOUR\u0130ER ANAL\u0130Z\u0130   \u00dc\u00c7\u00dcNC\u00dc B\u00d6L\u00dcM D\u0130\u011eER EKONOMETR\u0130K MODELLER   D\u00d6RD\u00dcNC\u00dc B\u00d6L\u00dcM EKONOMETR\u0130K MODELLER\u0130N BORSA \u0130STANBUL (B\u0130ST)\u2019E UYGULAMALARI   SONU\u00c7 ve \u00d6NER\u0130LER KAYNAK\u00c7A \u00d6ZGE\u00c7M\u0130\u015e <\/p>\n","protected":false},"excerpt":{"rendered":"<p>\u0130\u00e7indekiler: B\u0130R\u0130NC\u0130 B\u00d6L\u00dcM ZAMAN SER\u0130S\u0130 ANAL\u0130Z\u0130 \u0130K\u0130NC\u0130 B\u00d6L\u00dcM FOUR\u0130ER ANAL\u0130Z\u0130 \u00dc\u00c7\u00dcNC\u00dc B\u00d6L\u00dcM D\u0130\u011eER EKONOMETR\u0130K MODELLER D\u00d6RD\u00dcNC\u00dc B\u00d6L\u00dcM EKONOMETR\u0130K MODELLER\u0130N BORSA \u0130STANBUL (B\u0130ST)\u2019E UYGULAMALARI SONU\u00c7 ve \u00d6NER\u0130LER<span class=\"excerpt-hellip\"> [\u2026]<\/span><\/p>\n","protected":false},"featured_media":0,"template":"","meta":{"_monsterinsights_skip_tracking":false,"_monsterinsights_sitenote_active":false,"_monsterinsights_sitenote_note":"","_monsterinsights_sitenote_category":0},"product_brand":[],"product_cat":[20333,13043],"product_tag":[],"class_list":{"0":"post-747095","1":"product","2":"type-product","3":"status-publish","5":"product_cat-diger-ekonomi","6":"product_cat-ekonomi","7":"pa_cilt-ciltsiz","8":"pa_tur-kitap","9":"pa_yayinevi-gazi-kitabevi","10":"pa_yazar-cebeli-inan","12":"first","13":"instock","14":"sale","15":"shipping-taxable","16":"purchasable","17":"product-type-simple"},"_links":{"self":[{"href":"https:\/\/roveyayinevi.com.tr\/index.php\/wp-json\/wp\/v2\/product\/747095","targetHints":{"allow":["GET"]}}],"collection":[{"href":"https:\/\/roveyayinevi.com.tr\/index.php\/wp-json\/wp\/v2\/product"}],"about":[{"href":"https:\/\/roveyayinevi.com.tr\/index.php\/wp-json\/wp\/v2\/types\/product"}],"wp:attachment":[{"href":"https:\/\/roveyayinevi.com.tr\/index.php\/wp-json\/wp\/v2\/media?parent=747095"}],"wp:term":[{"taxonomy":"product_brand","embeddable":true,"href":"https:\/\/roveyayinevi.com.tr\/index.php\/wp-json\/wp\/v2\/product_brand?post=747095"},{"taxonomy":"product_cat","embeddable":true,"href":"https:\/\/roveyayinevi.com.tr\/index.php\/wp-json\/wp\/v2\/product_cat?post=747095"},{"taxonomy":"product_tag","embeddable":true,"href":"https:\/\/roveyayinevi.com.tr\/index.php\/wp-json\/wp\/v2\/product_tag?post=747095"}],"curies":[{"name":"wp","href":"https:\/\/api.w.org\/{rel}","templated":true}]}}