{"id":747092,"date":"2025-08-28T02:58:51","date_gmt":"2025-08-27T23:58:51","guid":{"rendered":"https:\/\/roveyayinevi.com.tr\/index.php\/urun\/genclik-ve-spor-il-mudurlugune-ait-spor-tesislerininfiziksel-ozelliklerinin-ve-isletmecilik-anlayisininsporcu-ve-antrenorleri\/"},"modified":"2026-04-16T02:59:45","modified_gmt":"2026-04-15T23:59:45","slug":"genclik-ve-spor-il-mudurlugune-ait-spor-tesislerininfiziksel-ozelliklerinin-ve-isletmecilik-anlayisininsporcu-ve-antrenorleri","status":"publish","type":"product","link":"https:\/\/roveyayinevi.com.tr\/index.php\/urun\/genclik-ve-spor-il-mudurlugune-ait-spor-tesislerininfiziksel-ozelliklerinin-ve-isletmecilik-anlayisininsporcu-ve-antrenorleri\/","title":{"rendered":"Gen\u00e7lik ve Spor \u0130l M\u00fcd\u00fcrl\u00fc\u011f\u00fc&#8217;ne Ait Spor Tesislerinin,Fiziksel \u00d6zelliklerinin ve \u0130\u015fletmecilik Anlay\u0131\u015f\u0131n\u0131n,Sporcu ve Antren\u00f6rleri"},"content":{"rendered":"<p>Gen\u00e7lik ve Spor \u0130l M\u00fcd\u00fcrl\u00fc\u011f\u00fc&#8217;ne Ait Spor Tesislerinin, Fiziksel \u00d6zelliklerinin ve \u0130\u015fletmecilik Anlay\u0131\u015f\u0131n\u0131n, Sporcu ve Antren\u00f6rlerin \u0130htiya\u00e7 ve Beklentileri A\u00e7\u0131s\u0131ndan De\u011ferlendirilmesi\u0130\u00e7indekiler:     B\u0130R\u0130NC\u0130 B\u00d6L\u00dcM G\u0130R\u0130\u015e   \u0130K\u0130NC\u0130 B\u00d6L\u00dcM KURAMSAL \u00c7ER\u00c7EVE   \u00dc\u00c7\u00dcNC\u00dc B\u00d6L\u00dcM MATERYAL VE Y\u00d6NTEM   D\u00d6RD\u00dcNC\u00dc B\u00d6L\u00dcM ARA\u015eTIRMA BULGULAR   BE\u015e\u0130NC\u0130 B\u00d6L\u00dcM SONU\u00c7, TARTI\u015eMA ve \u00d6NER\u0130LER<\/p>\n","protected":false},"excerpt":{"rendered":"<p>Gen\u00e7lik ve Spor \u0130l M\u00fcd\u00fcrl\u00fc\u011f\u00fc&#8217;ne Ait Spor Tesislerinin, Fiziksel \u00d6zelliklerinin ve \u0130\u015fletmecilik Anlay\u0131\u015f\u0131n\u0131n, Sporcu ve Antren\u00f6rlerin \u0130htiya\u00e7 ve Beklentileri A\u00e7\u0131s\u0131ndan De\u011ferlendirilmesi\u0130\u00e7indekiler: B\u0130R\u0130NC\u0130 B\u00d6L\u00dcM G\u0130R\u0130\u015e \u0130K\u0130NC\u0130 B\u00d6L\u00dcM<span class=\"excerpt-hellip\"> [\u2026]<\/span><\/p>\n","protected":false},"featured_media":0,"template":"","meta":{"_monsterinsights_skip_tracking":false,"_monsterinsights_sitenote_active":false,"_monsterinsights_sitenote_note":"","_monsterinsights_sitenote_category":0},"product_brand":[],"product_cat":[15563,15564],"product_tag":[],"class_list":{"0":"post-747092","1":"product","2":"type-product","3":"status-publish","5":"product_cat-hobi","6":"product_cat-spor","7":"pa_cilt-ciltsiz","8":"pa_tur-kitap","9":"pa_yayinevi-gazi-kitabevi","10":"pa_yazar-tayfun-cicek","12":"first","13":"instock","14":"sale","15":"shipping-taxable","16":"purchasable","17":"product-type-simple"},"_links":{"self":[{"href":"https:\/\/roveyayinevi.com.tr\/index.php\/wp-json\/wp\/v2\/product\/747092","targetHints":{"allow":["GET"]}}],"collection":[{"href":"https:\/\/roveyayinevi.com.tr\/index.php\/wp-json\/wp\/v2\/product"}],"about":[{"href":"https:\/\/roveyayinevi.com.tr\/index.php\/wp-json\/wp\/v2\/types\/product"}],"wp:attachment":[{"href":"https:\/\/roveyayinevi.com.tr\/index.php\/wp-json\/wp\/v2\/media?parent=747092"}],"wp:term":[{"taxonomy":"product_brand","embeddable":true,"href":"https:\/\/roveyayinevi.com.tr\/index.php\/wp-json\/wp\/v2\/product_brand?post=747092"},{"taxonomy":"product_cat","embeddable":true,"href":"https:\/\/roveyayinevi.com.tr\/index.php\/wp-json\/wp\/v2\/product_cat?post=747092"},{"taxonomy":"product_tag","embeddable":true,"href":"https:\/\/roveyayinevi.com.tr\/index.php\/wp-json\/wp\/v2\/product_tag?post=747092"}],"curies":[{"name":"wp","href":"https:\/\/api.w.org\/{rel}","templated":true}]}}