{"id":747091,"date":"2025-08-28T02:58:50","date_gmt":"2025-08-27T23:58:50","guid":{"rendered":"https:\/\/roveyayinevi.com.tr\/index.php\/urun\/isletme-yonetiminde-guncel-yaklasim-ve-tartismalar\/"},"modified":"2026-04-16T02:59:45","modified_gmt":"2026-04-15T23:59:45","slug":"isletme-yonetiminde-guncel-yaklasim-ve-tartismalar","status":"publish","type":"product","link":"https:\/\/roveyayinevi.com.tr\/index.php\/urun\/isletme-yonetiminde-guncel-yaklasim-ve-tartismalar\/","title":{"rendered":"\u0130\u015fletme Y\u00f6netiminde G\u00fcncel Yakla\u015f\u0131m ve Tart\u0131\u015fmalar"},"content":{"rendered":"<p>\u0130\u00e7indekiler:     B\u00d6L\u00dcM 1 KADIN Y\u00d6NET\u0130C\u0130N\u0130N ATAERK\u0130L \u0130\u015e YA\u015eAMINDA VARLI\u011eINI S\u00dcRD\u00dcRME \u00c7ABASI: KRAL\u0130\u00c7E ARI SENDROMU 1. Giri\u015f 2. Cinsiyet ve Cinsiyetle\u0122tirilmi\u0122 \u00d6rg\u00fctler 3. Krali\u00e7e Ar\u0131 Sendromu 4. Krali\u00e7e Ar\u0131 Sendromunun Etkileri 5. Sonu\u00e7 Kaynak\u00e7a   B\u00d6L\u00dcM 2 TOKS\u0130K L\u0130DERL\u0130K 1. Giri\u015f 2. Toksik Liderlik Kavram\u0131 ve Kapsam\u0131 3. Toksik Liderli\u011fin \u00d6zellikleri ve T\u00fcrleri 4. Toksik Liderlik Davran\u0131\u015flar\u0131 5. Sonu\u00e7 Kaynak\u00e7a<\/p>\n","protected":false},"excerpt":{"rendered":"<p>\u0130\u00e7indekiler: B\u00d6L\u00dcM 1 KADIN Y\u00d6NET\u0130C\u0130N\u0130N ATAERK\u0130L \u0130\u015e YA\u015eAMINDA VARLI\u011eINI S\u00dcRD\u00dcRME \u00c7ABASI: KRAL\u0130\u00c7E ARI SENDROMU 1. Giri\u015f 2. Cinsiyet ve Cinsiyetle\u0122tirilmi\u0122 \u00d6rg\u00fctler 3. Krali\u00e7e Ar\u0131 Sendromu 4.<span class=\"excerpt-hellip\"> [\u2026]<\/span><\/p>\n","protected":false},"featured_media":0,"template":"","meta":{"_monsterinsights_skip_tracking":false,"_monsterinsights_sitenote_active":false,"_monsterinsights_sitenote_note":"","_monsterinsights_sitenote_category":0},"product_brand":[],"product_cat":[20333,13043],"product_tag":[],"class_list":{"0":"post-747091","1":"product","2":"type-product","3":"status-publish","5":"product_cat-diger-ekonomi","6":"product_cat-ekonomi","7":"pa_cilt-ciltsiz","8":"pa_tur-kitap","9":"pa_yayinevi-gazi-kitabevi","10":"pa_yazar-kolektif","12":"first","13":"instock","14":"sale","15":"shipping-taxable","16":"purchasable","17":"product-type-simple"},"_links":{"self":[{"href":"https:\/\/roveyayinevi.com.tr\/index.php\/wp-json\/wp\/v2\/product\/747091","targetHints":{"allow":["GET"]}}],"collection":[{"href":"https:\/\/roveyayinevi.com.tr\/index.php\/wp-json\/wp\/v2\/product"}],"about":[{"href":"https:\/\/roveyayinevi.com.tr\/index.php\/wp-json\/wp\/v2\/types\/product"}],"wp:attachment":[{"href":"https:\/\/roveyayinevi.com.tr\/index.php\/wp-json\/wp\/v2\/media?parent=747091"}],"wp:term":[{"taxonomy":"product_brand","embeddable":true,"href":"https:\/\/roveyayinevi.com.tr\/index.php\/wp-json\/wp\/v2\/product_brand?post=747091"},{"taxonomy":"product_cat","embeddable":true,"href":"https:\/\/roveyayinevi.com.tr\/index.php\/wp-json\/wp\/v2\/product_cat?post=747091"},{"taxonomy":"product_tag","embeddable":true,"href":"https:\/\/roveyayinevi.com.tr\/index.php\/wp-json\/wp\/v2\/product_tag?post=747091"}],"curies":[{"name":"wp","href":"https:\/\/api.w.org\/{rel}","templated":true}]}}