{"id":747089,"date":"2025-08-28T02:58:48","date_gmt":"2025-08-27T23:58:48","guid":{"rendered":"https:\/\/roveyayinevi.com.tr\/index.php\/urun\/uretim-yonetimi-alaninda-cok-kriterli-karar-verme-yontemlerinin-uygulanmasi\/"},"modified":"2026-04-16T02:59:45","modified_gmt":"2026-04-15T23:59:45","slug":"uretim-yonetimi-alaninda-cok-kriterli-karar-verme-yontemlerinin-uygulanmasi","status":"publish","type":"product","link":"https:\/\/roveyayinevi.com.tr\/index.php\/urun\/uretim-yonetimi-alaninda-cok-kriterli-karar-verme-yontemlerinin-uygulanmasi\/","title":{"rendered":"\u00dcretim Y\u00f6netimi Alan\u0131nda \u00c7ok Kriterli Karar Verme Y\u00f6ntemlerinin Uygulanmas\u0131"},"content":{"rendered":"<p>B\u00d6L\u00dcM 1 DEMATEL Y\u00d6NTEM\u0130 \u0130LE S\u00dcRD\u00dcR\u00dcLEB\u0130L\u0130RL\u0130K \u00c7ER\u00c7EVES\u0130NDE TEDAR\u0130K\u00c7\u0130 SE\u00c7\u0130M KR\u0130TERLER\u0130N\u0130N DE\u011eERLEND\u0130R\u0130LMES\u0130   B\u00d6L\u00dcM 2 AHP TABANLI VIKOR Y\u00d6NTEM\u0130YLE SATI\u015e TEMS\u0130LC\u0130LER\u0130N\u0130N PERFORMANSININ BEL\u0130RLENMES\u0130   B\u00d6L\u00dcM 3 BWM TEMELL\u0130 CODAS Y\u00d6NTEM\u0130 \u0130LE \u00dc\u00c7\u00dcNC\u00dc PART\u0130 LOJ\u0130ST\u0130K (3PL) H\u0130ZMET SA\u011eLAYICI SE\u00c7\u0130M\u0130   B\u00d6L\u00dcM 4 AYDIN \u0130L\u0130NDE L\u0130SANSLI PAMUK DEPOSU \u0130\u00c7\u0130N KURULU\u015e YER\u0130 SE\u00c7\u0130M\u0130   B\u00d6L\u00dcM 5 \u00dcRET\u0130M \u0130\u015eLETMELER\u0130NDE KURUMSAL KAYNAK PLANLAMASI (ERP) S\u0130STEM\u0130 SE\u00c7\u0130M\u0130: BULANIK ANAL\u0130T\u0130K H\u0130YERAR\u015e\u0130 PROSES\u0130 (BAHP) UYGULAMASIB\u00d6L\u00dcM 6 DEPO YER\u0130 SE\u00c7\u0130M\u0130NDE KR\u0130TER A\u011eIRLIKLARININ BEL\u0130RLENMES\u0130: SWARA ve FUCOM UYGULAMASI<\/p>\n","protected":false},"excerpt":{"rendered":"<p>B\u00d6L\u00dcM 1 DEMATEL Y\u00d6NTEM\u0130 \u0130LE S\u00dcRD\u00dcR\u00dcLEB\u0130L\u0130RL\u0130K \u00c7ER\u00c7EVES\u0130NDE TEDAR\u0130K\u00c7\u0130 SE\u00c7\u0130M KR\u0130TERLER\u0130N\u0130N DE\u011eERLEND\u0130R\u0130LMES\u0130 B\u00d6L\u00dcM 2 AHP TABANLI VIKOR Y\u00d6NTEM\u0130YLE SATI\u015e TEMS\u0130LC\u0130LER\u0130N\u0130N PERFORMANSININ BEL\u0130RLENMES\u0130 B\u00d6L\u00dcM 3 BWM TEMELL\u0130 CODAS<span class=\"excerpt-hellip\"> [\u2026]<\/span><\/p>\n","protected":false},"featured_media":0,"template":"","meta":{"_monsterinsights_skip_tracking":false,"_monsterinsights_sitenote_active":false,"_monsterinsights_sitenote_note":"","_monsterinsights_sitenote_category":0},"product_brand":[],"product_cat":[13043],"product_tag":[],"class_list":{"0":"post-747089","1":"product","2":"type-product","3":"status-publish","5":"product_cat-ekonomi","6":"pa_cilt-ciltsiz","7":"pa_tur-kitap","8":"pa_yayinevi-gazi-kitabevi","9":"pa_yazar-kolektif","11":"first","12":"instock","13":"sale","14":"shipping-taxable","15":"purchasable","16":"product-type-simple"},"_links":{"self":[{"href":"https:\/\/roveyayinevi.com.tr\/index.php\/wp-json\/wp\/v2\/product\/747089","targetHints":{"allow":["GET"]}}],"collection":[{"href":"https:\/\/roveyayinevi.com.tr\/index.php\/wp-json\/wp\/v2\/product"}],"about":[{"href":"https:\/\/roveyayinevi.com.tr\/index.php\/wp-json\/wp\/v2\/types\/product"}],"wp:attachment":[{"href":"https:\/\/roveyayinevi.com.tr\/index.php\/wp-json\/wp\/v2\/media?parent=747089"}],"wp:term":[{"taxonomy":"product_brand","embeddable":true,"href":"https:\/\/roveyayinevi.com.tr\/index.php\/wp-json\/wp\/v2\/product_brand?post=747089"},{"taxonomy":"product_cat","embeddable":true,"href":"https:\/\/roveyayinevi.com.tr\/index.php\/wp-json\/wp\/v2\/product_cat?post=747089"},{"taxonomy":"product_tag","embeddable":true,"href":"https:\/\/roveyayinevi.com.tr\/index.php\/wp-json\/wp\/v2\/product_tag?post=747089"}],"curies":[{"name":"wp","href":"https:\/\/api.w.org\/{rel}","templated":true}]}}