{"id":747088,"date":"2025-08-28T02:58:47","date_gmt":"2025-08-27T23:58:47","guid":{"rendered":"https:\/\/roveyayinevi.com.tr\/index.php\/urun\/dijital-etkilesimler-sektorel-yansimalari-ii\/"},"modified":"2026-04-16T02:59:45","modified_gmt":"2026-04-15T23:59:45","slug":"dijital-etkilesimler-sektorel-yansimalari-ii","status":"publish","type":"product","link":"https:\/\/roveyayinevi.com.tr\/index.php\/urun\/dijital-etkilesimler-sektorel-yansimalari-ii\/","title":{"rendered":"Dijital Etkile\u015fimler: Sekt\u00f6rel Yans\u0131malar\u0131 II"},"content":{"rendered":"<p>\u00b7         D\u0130J\u0130TAL HASTANE \u00b7         D\u0130J\u0130TAL \u00dcN\u0130VERS\u0130TELER\u0130N B\u0130LE\u015eENLER\u0130 VE \u00d6ZELL\u0130KLER\u0130 \u00b7         DUYGU ANAL\u0130Z\u0130 VE D\u0130J\u0130TAL D\u00d6N\u00dc\u015e\u00dcM \u00dcZER\u0130NE ETK\u0130LER\u0130 \u00b7         E\u011e\u0130T\u0130MDE D\u0130J\u0130TAL D\u00d6N\u00dc\u015e\u00dcM \u00c7\u00d6Z\u00dcM\u00dc OLARAK ARTIRILMI\u015e GER\u00c7EKL\u0130K VE UYGULAMALARI (APL\u0130KASYONLARI) \u00b7         G\u0130Y\u0130LEB\u0130L\u0130R SA\u011eLIK TEKNOLOJ\u0130LER\u0130 VE HASTA G\u00dcVENL\u0130\u011e\u0130 \u00b7         \u0130\u015e S\u00dcRE\u00c7 Y\u00d6NET\u0130M\u0130NDE D\u0130J\u0130TAL D\u00d6N\u00dc\u015e\u00dcM YOL HAR\u0130TASI \u00b7         T\u00dcRK\u0130YE VE D\u00dcNYADAK\u0130 KATILIM BANKACILI\u011eININ F\u0130NANSAL TEKNOLOJ\u0130 KULLANIMI PERSPEKT\u0130F\u0130 \u0130LE DE\u011eERLEND\u0130R\u0130LMES\u0130 \u00b7         N\u00d6ROPAZARLAMA UYGULAMALARI VE SEKT\u00d6REL KATKI VE YANSIMALARI \u00b7         SA\u011eLIK SEKT\u00d6R\u00dcNDE BLOKZ\u0130NC\u0130R TEKNOLOJ\u0130S\u0130 \u00b7         YEREL Y\u00d6NET\u0130MLERDE D\u0130J\u0130TAL OLGUNLUK: \u0130K\u0130 B\u00dcY\u00dcK\u015eEH\u0130R BELED\u0130YES\u0130\u2019N\u0130N KAR\u015eILA\u015eTIRMALI D\u0130J\u0130TAL D\u00d6N\u00dc\u015e\u00dcM UYGULAMALARI \u00b7         \u00dcRET\u0130M BA\u011eLAMINDA S\u00dcRE\u00c7 MADENC\u0130L\u0130\u011e\u0130 <\/p>\n","protected":false},"excerpt":{"rendered":"<p>\u00b7 D\u0130J\u0130TAL HASTANE \u00b7 D\u0130J\u0130TAL \u00dcN\u0130VERS\u0130TELER\u0130N B\u0130LE\u015eENLER\u0130 VE \u00d6ZELL\u0130KLER\u0130 \u00b7 DUYGU ANAL\u0130Z\u0130 VE D\u0130J\u0130TAL D\u00d6N\u00dc\u015e\u00dcM \u00dcZER\u0130NE ETK\u0130LER\u0130 \u00b7 E\u011e\u0130T\u0130MDE D\u0130J\u0130TAL D\u00d6N\u00dc\u015e\u00dcM \u00c7\u00d6Z\u00dcM\u00dc OLARAK ARTIRILMI\u015e GER\u00c7EKL\u0130K VE<span class=\"excerpt-hellip\"> [\u2026]<\/span><\/p>\n","protected":false},"featured_media":0,"template":"","meta":{"_monsterinsights_skip_tracking":false,"_monsterinsights_sitenote_active":false,"_monsterinsights_sitenote_note":"","_monsterinsights_sitenote_category":0},"product_brand":[],"product_cat":[13005,37328],"product_tag":[],"class_list":{"0":"post-747088","1":"product","2":"type-product","3":"status-publish","5":"product_cat-bilim-muhendislik","6":"product_cat-diger-bilim-muhendislik","7":"pa_cilt-ciltsiz","8":"pa_tur-kitap","9":"pa_yayinevi-gazi-kitabevi","10":"pa_yazar-kolektif","12":"first","13":"instock","14":"sale","15":"shipping-taxable","16":"purchasable","17":"product-type-simple"},"_links":{"self":[{"href":"https:\/\/roveyayinevi.com.tr\/index.php\/wp-json\/wp\/v2\/product\/747088","targetHints":{"allow":["GET"]}}],"collection":[{"href":"https:\/\/roveyayinevi.com.tr\/index.php\/wp-json\/wp\/v2\/product"}],"about":[{"href":"https:\/\/roveyayinevi.com.tr\/index.php\/wp-json\/wp\/v2\/types\/product"}],"wp:attachment":[{"href":"https:\/\/roveyayinevi.com.tr\/index.php\/wp-json\/wp\/v2\/media?parent=747088"}],"wp:term":[{"taxonomy":"product_brand","embeddable":true,"href":"https:\/\/roveyayinevi.com.tr\/index.php\/wp-json\/wp\/v2\/product_brand?post=747088"},{"taxonomy":"product_cat","embeddable":true,"href":"https:\/\/roveyayinevi.com.tr\/index.php\/wp-json\/wp\/v2\/product_cat?post=747088"},{"taxonomy":"product_tag","embeddable":true,"href":"https:\/\/roveyayinevi.com.tr\/index.php\/wp-json\/wp\/v2\/product_tag?post=747088"}],"curies":[{"name":"wp","href":"https:\/\/api.w.org\/{rel}","templated":true}]}}