{"id":747087,"date":"2025-08-28T02:58:46","date_gmt":"2025-08-27T23:58:46","guid":{"rendered":"https:\/\/roveyayinevi.com.tr\/index.php\/urun\/boksorlerin-boks-sporuna-baslama-nedenleri-ve-beklentileri\/"},"modified":"2026-04-16T02:59:45","modified_gmt":"2026-04-15T23:59:45","slug":"boksorlerin-boks-sporuna-baslama-nedenleri-ve-beklentileri","status":"publish","type":"product","link":"https:\/\/roveyayinevi.com.tr\/index.php\/urun\/boksorlerin-boks-sporuna-baslama-nedenleri-ve-beklentileri\/","title":{"rendered":"Boks\u00f6rlerin Boks Sporuna Ba\u015flama Nedenleri ve Beklentileri"},"content":{"rendered":"<p>\u0130\u00e7indekiler: 1. G\u0130R\u0130\u015e 1.1 Problem C\u00fcmlesi 1.2 S\u0131n\u0131rl\u0131l\u0131klar 1.3 Alt S\u0131n\u0131rl\u0131l\u0131klar 1.4 Say\u0131lt\u0131lar 1.5 Hipotezler 1.6 Ara\u015ft\u0131rman\u0131n \u00d6nemi 1.7 Ara\u015ft\u0131rman\u0131n Amac\u0131 2. GENEL B\u0130LG\u0130LER 2.1 Spor Tarihi 2.2 Spora Kat\u0131l\u0131m ve Ba\u015flama Nedenleri 2.2.1 Bireyi Spora Y\u00f6nlendiren \u0130htiya\u00e7lar 2.2.2 Bireyi Spora Y\u00f6nlendiren Motivasyon Fakt\u00f6rleri 2.3 D\u00f6v\u00fc\u015f Sporlar\u0131 2.3.1Boks Tarihi 2.3.2Boksun Temel Teknikleri 2.3.3.Boksun Saha, Malzeme ve Kurallar Bilgisi 3. MATERYAL VE YO\u0308NTEM 3.1 Ara\u015ft\u0131rma Grubu 3.2 Ara\u015ft\u0131rma Modeli 3.3 Ara\u015ft\u0131rma Evren ve \u00d6rneklemi 3.4 Veri Toplama Arac\u0131 3.5 Veri Toplama Y\u00f6ntemi 3.6 Verilerin Analizi 4. BULGULAR 4.1 Demografik Bulgular 5. TARTI\u015eMA, SONU\u00c7 VE \u00d6NER\u0130 5.1. Sonu\u00e7 5.2.\u00d6neriler <\/p>\n","protected":false},"excerpt":{"rendered":"<p>\u0130\u00e7indekiler: 1. G\u0130R\u0130\u015e 1.1 Problem C\u00fcmlesi 1.2 S\u0131n\u0131rl\u0131l\u0131klar 1.3 Alt S\u0131n\u0131rl\u0131l\u0131klar 1.4 Say\u0131lt\u0131lar 1.5 Hipotezler 1.6 Ara\u015ft\u0131rman\u0131n \u00d6nemi 1.7 Ara\u015ft\u0131rman\u0131n Amac\u0131 2. GENEL B\u0130LG\u0130LER 2.1 Spor<span class=\"excerpt-hellip\"> [\u2026]<\/span><\/p>\n","protected":false},"featured_media":0,"template":"","meta":{"_monsterinsights_skip_tracking":false,"_monsterinsights_sitenote_active":false,"_monsterinsights_sitenote_note":"","_monsterinsights_sitenote_category":0},"product_brand":[],"product_cat":[15563,15564],"product_tag":[],"class_list":{"0":"post-747087","1":"product","2":"type-product","3":"status-publish","5":"product_cat-hobi","6":"product_cat-spor","7":"pa_cilt-ciltsiz","8":"pa_tur-kitap","9":"pa_yayinevi-gazi-kitabevi","10":"pa_yazar-harun-kahraman","12":"first","13":"instock","14":"sale","15":"shipping-taxable","16":"purchasable","17":"product-type-simple"},"_links":{"self":[{"href":"https:\/\/roveyayinevi.com.tr\/index.php\/wp-json\/wp\/v2\/product\/747087","targetHints":{"allow":["GET"]}}],"collection":[{"href":"https:\/\/roveyayinevi.com.tr\/index.php\/wp-json\/wp\/v2\/product"}],"about":[{"href":"https:\/\/roveyayinevi.com.tr\/index.php\/wp-json\/wp\/v2\/types\/product"}],"wp:attachment":[{"href":"https:\/\/roveyayinevi.com.tr\/index.php\/wp-json\/wp\/v2\/media?parent=747087"}],"wp:term":[{"taxonomy":"product_brand","embeddable":true,"href":"https:\/\/roveyayinevi.com.tr\/index.php\/wp-json\/wp\/v2\/product_brand?post=747087"},{"taxonomy":"product_cat","embeddable":true,"href":"https:\/\/roveyayinevi.com.tr\/index.php\/wp-json\/wp\/v2\/product_cat?post=747087"},{"taxonomy":"product_tag","embeddable":true,"href":"https:\/\/roveyayinevi.com.tr\/index.php\/wp-json\/wp\/v2\/product_tag?post=747087"}],"curies":[{"name":"wp","href":"https:\/\/api.w.org\/{rel}","templated":true}]}}